{"id":98,"date":"2015-11-29T23:04:14","date_gmt":"2015-11-29T23:04:14","guid":{"rendered":"http:\/\/wdsinvest.com\/?page_id=98"},"modified":"2017-11-20T15:55:27","modified_gmt":"2017-11-20T15:55:27","slug":"integrity-standards","status":"publish","type":"page","link":"https:\/\/wdsinvest.com\/fr\/about-us\/integrity-standards\/","title":{"rendered":"Int\u00e9grit\u00e9 et qualit\u00e9"},"content":{"rendered":"<div class=\"wpb-content-wrapper\"><div data-vc-full-width=\"true\" data-vc-full-width-init=\"false\" class=\"vc_row wpb_row vc_row-fluid vc_custom_1448829090472 vc_row-has-fill\"><div class=\"wpb_column vc_column_container vc_col-sm-12\"><div class=\"vc_column-inner\"><div class=\"wpb_wrapper\">\n\t<div class=\"wpb_text_column wpb_content_element vc_custom_1485200218887\" >\n\t\t<div class=\"wpb_wrapper\">\n\t\t\t<h1 class=\"subheader-h1\">Les fondateurs de WDS sont <a href=\"http:\/\/www.cfainstitute.org\/learning\/investor\/adviser\/Pages\/index.aspx\" target=\"_blank\">titulaires de la charte CFA<\/a>Le cabinet et les membres de son \u00e9quipe adoptent le <a href=\"https:\/\/wdsinvest.com\/fr\/PDFs\/2_CFA_Asset%20Manager%20Code%20of%20Conduct_2012.pdf\/\" target=\"_blank\">CFA Institute Asset Manager Code of Professional Conduct<sup>TM<\/sup><\/a>, avec le devoir d\u2019agir dans le meilleur int\u00e9r\u00eat de leurs clients.<\/h1>\n\n\t\t<\/div>\n\t<\/div>\n<\/div><\/div><\/div><\/div><div class=\"vc_row-full-width vc_clearfix\"><\/div><div class=\"vc_row wpb_row vc_row-fluid vc_custom_1448838405874\"><div class=\"wpb_column vc_column_container vc_col-sm-6\"><div class=\"vc_column-inner\"><div class=\"wpb_wrapper\"><div class=\"vc_row wpb_row vc_inner vc_row-fluid\"><div class=\"wpb_column vc_column_container vc_col-sm-6\"><div class=\"vc_column-inner\"><div class=\"wpb_wrapper\">\n\t<div  class=\"wpb_single_image wpb_content_element vc_align_left wpb_content_element\">\n\t\t\n\t\t<figure class=\"wpb_wrapper vc_figure\">\n\t\t\t<a href=\"https:\/\/wdsinvest.com\/fr\/PDFs\/3_CFA_Statement%20of%20Investor%20Rights_2015.pdf\/\" target=\"_blank\" class=\"vc_single_image-wrapper vc_box_rounded  vc_box_border_grey\"><img decoding=\"async\" class=\"vc_single_image-img\" src=\"https:\/\/wdsinvest.com\/wp-content\/uploads\/2015\/11\/cfa-rights.png\" width=\"280\" height=\"240\" alt=\"CFA Statement of Rights\" title=\"cfa-rights\" loading=\"lazy\" \/><\/a>\n\t\t<\/figure>\n\t<\/div>\n<\/div><\/div><\/div><div class=\"wpb_column vc_column_container vc_col-sm-6\"><div class=\"vc_column-inner\"><div class=\"wpb_wrapper\">\n\t<div class=\"wpb_text_column wpb_content_element\" >\n\t\t<div class=\"wpb_wrapper\">\n\t\t\t<p>Le CFA Institute a \u00e9labor\u00e9 une <a href=\"https:\/\/wdsinvest.com\/fr\/PDFs\/3_CFA_Statement%20of%20Investor%20Rights_2015.pdf\/\" target=\"_blank\">D\u00e9claration des droits des investisseurs<\/a>. Elle informe les acheteurs de services financiers du type de conduite qu'ils sont en droit d'attendre et de m\u00e9riter de la part de leurs gestionnaires de patrimoine. WDS s'engage \u00e0 respecter les dix principes \u00e9thiques fondamentaux et nous les respectons pleinement dans la mani\u00e8re dont nous interagissons avec nos clients : de mani\u00e8re objective, ouverte et \u00e9quitable.<\/p>\n\n\t\t<\/div>\n\t<\/div>\n<\/div><\/div><\/div><\/div><div class=\"vc_row wpb_row vc_inner vc_row-fluid\"><div class=\"wpb_column vc_column_container vc_col-sm-6\"><div class=\"vc_column-inner\"><div class=\"wpb_wrapper\">\n\t<div  class=\"wpb_single_image wpb_content_element vc_align_left wpb_content_element\">\n\t\t\n\t\t<figure class=\"wpb_wrapper vc_figure\">\n\t\t\t<div class=\"vc_single_image-wrapper vc_box_rounded  vc_box_border_grey\"><img decoding=\"async\" class=\"vc_single_image-img\" src=\"https:\/\/wdsinvest.com\/wp-content\/uploads\/2015\/11\/complaint-image.jpg\" width=\"280\" height=\"240\" alt=\"Complaint resolution\" title=\"complaint-image\" loading=\"lazy\" \/><\/div>\n\t\t<\/figure>\n\t<\/div>\n<\/div><\/div><\/div><div class=\"wpb_column vc_column_container vc_col-sm-6\"><div class=\"vc_column-inner\"><div class=\"wpb_wrapper\">\n\t<div class=\"wpb_text_column wpb_content_element\" >\n\t\t<div class=\"wpb_wrapper\">\n\t\t\t<p><a href=\"https:\/\/wdsinvest.com\/fr\/PDFs\/4_WDS_If%20you%20have%20a%20complaint....pdf\/\" target=\"_blank\">Si vous avez une r\u00e9clamation...<\/a><strong> <\/strong>Nous vous encourageons \u00e0 nous contacter rapidement si vous rencontrez un probl\u00e8me ou si vous avez une inqui\u00e9tude concernant vos relations avec WDS, notre personnel ou nos agents. Notre processus interne de traitement des plaintes est dirig\u00e9 par Stephen Watson, responsable de la conformit\u00e9, et WDS fera tout ce qui est en son pouvoir pour traiter votre probl\u00e8me rapidement et efficacement.<\/p>\n\n\t\t<\/div>\n\t<\/div>\n<\/div><\/div><\/div><\/div><\/div><\/div><\/div><div class=\"wpb_column vc_column_container vc_col-sm-6\"><div class=\"vc_column-inner\"><div class=\"wpb_wrapper\"><div class=\"vc_row wpb_row vc_inner vc_row-fluid\"><div class=\"wpb_column vc_column_container vc_col-sm-6\"><div class=\"vc_column-inner\"><div class=\"wpb_wrapper\">\n\t<div  class=\"wpb_single_image wpb_content_element vc_align_left wpb_content_element\">\n\t\t\n\t\t<figure class=\"wpb_wrapper vc_figure\">\n\t\t\t<a href=\"https:\/\/wdsinvest.com\/fr\/PDFs\/5_PMAC_Fiduciary%20Advantage_2015.pdf\/\" target=\"_blank\" class=\"vc_single_image-wrapper vc_box_rounded  vc_box_border_grey\"><img decoding=\"async\" class=\"vc_single_image-img\" src=\"https:\/\/wdsinvest.com\/wp-content\/uploads\/2015\/11\/pmac-logo-wds.png\" width=\"280\" height=\"240\" alt=\"PMAC Logo\" title=\"pmac-logo-wds\" loading=\"lazy\" \/><\/a>\n\t\t<\/figure>\n\t<\/div>\n<\/div><\/div><\/div><div class=\"wpb_column vc_column_container vc_col-sm-6\"><div class=\"vc_column-inner\"><div class=\"wpb_wrapper\">\n\t<div class=\"wpb_text_column wpb_content_element\" >\n\t\t<div class=\"wpb_wrapper\">\n\t\t\t<p>WDS est membre de <a href=\"http:\/\/www.portfoliomanagement.org\/\" target=\"_blank\">l\u2019Association des gestionnaires de portefeuille du Canada<\/a> (AGPC), qui exige un niveau plus \u00e9lev\u00e9 de connaissances, d\u2019exp\u00e9rience, de responsabilit\u00e9 et de reddition de comptes. Nous affirmons chaque ann\u00e9e notre engagement \u00e0 assumer et \u00e0 assumer nos responsabilit\u00e9s avec int\u00e9grit\u00e9, ce qui est essentiel pour maintenir la confiance des investisseurs.<\/p>\n\n\t\t<\/div>\n\t<\/div>\n<\/div><\/div><\/div><\/div><div class=\"vc_row wpb_row vc_inner vc_row-fluid\"><div class=\"wpb_column vc_column_container vc_col-sm-6\"><div class=\"vc_column-inner\"><div class=\"wpb_wrapper\">\n\t<div  class=\"wpb_single_image wpb_content_element vc_align_left wpb_content_element\">\n\t\t\n\t\t<figure class=\"wpb_wrapper vc_figure\">\n\t\t\t<a href=\"https:\/\/wdsinvest.com\/fr\/PDFs\/6_OBSI_Do%20you%20have%20a%20banking%20or%20investment%20complaint.pdf\/\" target=\"_blank\" class=\"vc_single_image-wrapper vc_box_rounded  vc_box_border_grey\"><img decoding=\"async\" class=\"vc_single_image-img\" src=\"https:\/\/wdsinvest.com\/wp-content\/uploads\/2015\/11\/obsi-new-logo-wds.png\" width=\"280\" height=\"240\" alt=\"OBSI logo\" title=\"OBSI\" loading=\"lazy\" \/><\/a>\n\t\t<\/figure>\n\t<\/div>\n<\/div><\/div><\/div><div class=\"wpb_column vc_column_container vc_col-sm-6\"><div class=\"vc_column-inner\"><div class=\"wpb_wrapper\">\n\t<div class=\"wpb_text_column wpb_content_element\" >\n\t\t<div class=\"wpb_wrapper\">\n\t\t\t<p>Si nous ne parvenons pas \u00e0 r\u00e9soudre le probl\u00e8me \u00e0 votre satisfaction par le biais de notre processus interne, vous avez le droit de faire remonter une plainte ou un diff\u00e9rend non r\u00e9solu. WDS participe aux services de r\u00e9solution des diff\u00e9rends offerts par <a href=\"https:\/\/www.obsi.ca\/en\/index.aspx\" target=\"_blank\" rel=\"noopener\">l'Ombusdman des services bancaires et d'investissement (OSBI)<\/a>. Les services de l'OBSI sont gratuits pour les investisseurs.<\/p>\n\n\t\t<\/div>\n\t<\/div>\n<\/div><\/div><\/div><\/div><\/div><\/div><\/div><\/div>\n<\/div>","protected":false},"excerpt":{"rendered":"The founders of WDS are CFA charterholders. The firm and its team members adopt the CFA Institute Asset Manager Code of Professional ConductTM, with a duty to act in their clients\u2019 best interests. The CFA Institute has developed a Statement of Investor Rights. It advises buyers of financial services of<span class=\"excerpt-hellip\"> [\u2026]<\/span>","protected":false},"author":5,"featured_media":0,"parent":80,"menu_order":0,"comment_status":"closed","ping_status":"closed","template":"","meta":{"footnotes":""},"class_list":["post-98","page","type-page","status-publish","hentry"],"yoast_head":"<!-- This site is optimized with the Yoast SEO plugin v27.3 - https:\/\/yoast.com\/product\/yoast-seo-wordpress\/ -->\n<title>Integrity &amp; Standards - Watson Di Primio Steel (WDS)<\/title>\n<meta name=\"description\" content=\"The founders of WDS are CFA charterholders adopt the CFA Institute Asset Manager Code of Professional Conduct, with a duty to act in their clients\u2019 best interests.\" \/>\n<meta name=\"robots\" content=\"index, follow, max-snippet:-1, max-image-preview:large, max-video-preview:-1\" \/>\n<link rel=\"canonical\" href=\"https:\/\/wdsinvest.com\/fr\/about-us\/integrity-standards\/\" \/>\n<meta property=\"og:locale\" content=\"fr_FR\" \/>\n<meta property=\"og:type\" content=\"article\" \/>\n<meta property=\"og:title\" content=\"Integrity &amp; Standards - Watson Di Primio Steel (WDS)\" \/>\n<meta property=\"og:description\" content=\"The founders of WDS are CFA charterholders adopt the CFA Institute Asset Manager Code of Professional Conduct, with a duty to act in their clients\u2019 best interests.\" \/>\n<meta property=\"og:url\" content=\"https:\/\/wdsinvest.com\/fr\/about-us\/integrity-standards\/\" \/>\n<meta property=\"og:site_name\" content=\"Watson Di Primio Steel (WDS)\" \/>\n<meta property=\"article:publisher\" content=\"https:\/\/www.linkedin.com\/company\/watson-di-primio-steel-wds-investment-management-ltd-\" \/>\n<meta property=\"article:modified_time\" content=\"2017-11-20T15:55:27+00:00\" \/>\n<meta name=\"twitter:card\" content=\"summary_large_image\" \/>\n<meta name=\"twitter:site\" content=\"@wdsinvest\" \/>\n<meta name=\"twitter:label1\" content=\"Dur\u00e9e de lecture estim\u00e9e\" \/>\n\t<meta name=\"twitter:data1\" content=\"3 minutes\" \/>\n<script type=\"application\/ld+json\" class=\"yoast-schema-graph\">{\"@context\":\"https:\\\/\\\/schema.org\",\"@graph\":[{\"@type\":\"WebPage\",\"@id\":\"https:\\\/\\\/wdsinvest.com\\\/about-us\\\/integrity-standards\\\/\",\"url\":\"https:\\\/\\\/wdsinvest.com\\\/about-us\\\/integrity-standards\\\/\",\"name\":\"Integrity & Standards - Watson Di Primio Steel (WDS)\",\"isPartOf\":{\"@id\":\"https:\\\/\\\/wdsinvest.com\\\/#website\"},\"datePublished\":\"2015-11-29T23:04:14+00:00\",\"dateModified\":\"2017-11-20T15:55:27+00:00\",\"description\":\"The founders of WDS are CFA charterholders adopt the CFA Institute Asset Manager Code of Professional Conduct, with a duty to act in their clients\u2019 best interests.\",\"breadcrumb\":{\"@id\":\"https:\\\/\\\/wdsinvest.com\\\/about-us\\\/integrity-standards\\\/#breadcrumb\"},\"inLanguage\":\"fr-FR\",\"potentialAction\":[{\"@type\":\"ReadAction\",\"target\":[\"https:\\\/\\\/wdsinvest.com\\\/about-us\\\/integrity-standards\\\/\"]}]},{\"@type\":\"BreadcrumbList\",\"@id\":\"https:\\\/\\\/wdsinvest.com\\\/about-us\\\/integrity-standards\\\/#breadcrumb\",\"itemListElement\":[{\"@type\":\"ListItem\",\"position\":1,\"name\":\"Home\",\"item\":\"https:\\\/\\\/wdsinvest.com\\\/\"},{\"@type\":\"ListItem\",\"position\":2,\"name\":\"About Us\",\"item\":\"https:\\\/\\\/wdsinvest.com\\\/about-us\\\/\"},{\"@type\":\"ListItem\",\"position\":3,\"name\":\"Integrity &#038; Standards\"}]},{\"@type\":\"WebSite\",\"@id\":\"https:\\\/\\\/wdsinvest.com\\\/#website\",\"url\":\"https:\\\/\\\/wdsinvest.com\\\/\",\"name\":\"Watson Di Primio Steel (WDS)\",\"description\":\"\",\"publisher\":{\"@id\":\"https:\\\/\\\/wdsinvest.com\\\/#organization\"},\"potentialAction\":[{\"@type\":\"SearchAction\",\"target\":{\"@type\":\"EntryPoint\",\"urlTemplate\":\"https:\\\/\\\/wdsinvest.com\\\/?s={search_term_string}\"},\"query-input\":{\"@type\":\"PropertyValueSpecification\",\"valueRequired\":true,\"valueName\":\"search_term_string\"}}],\"inLanguage\":\"fr-FR\"},{\"@type\":\"Organization\",\"@id\":\"https:\\\/\\\/wdsinvest.com\\\/#organization\",\"name\":\"WDS - Ottawa Wealth Management\",\"url\":\"https:\\\/\\\/wdsinvest.com\\\/\",\"logo\":{\"@type\":\"ImageObject\",\"inLanguage\":\"fr-FR\",\"@id\":\"https:\\\/\\\/wdsinvest.com\\\/#\\\/schema\\\/logo\\\/image\\\/\",\"url\":\"https:\\\/\\\/wdsinvest.com\\\/wp-content\\\/uploads\\\/2016\\\/01\\\/favicon.png\",\"contentUrl\":\"https:\\\/\\\/wdsinvest.com\\\/wp-content\\\/uploads\\\/2016\\\/01\\\/favicon.png\",\"width\":32,\"height\":32,\"caption\":\"WDS - Ottawa Wealth Management\"},\"image\":{\"@id\":\"https:\\\/\\\/wdsinvest.com\\\/#\\\/schema\\\/logo\\\/image\\\/\"},\"sameAs\":[\"https:\\\/\\\/www.linkedin.com\\\/company\\\/watson-di-primio-steel-wds-investment-management-ltd-\",\"https:\\\/\\\/x.com\\\/wdsinvest\"]}]}<\/script>\n<!-- \/ Yoast SEO plugin. -->","yoast_head_json":{"title":"Integrity & Standards - Watson Di Primio Steel (WDS)","description":"The founders of WDS are CFA charterholders adopt the CFA Institute Asset Manager Code of Professional Conduct, with a duty to act in their clients\u2019 best interests.","robots":{"index":"index","follow":"follow","max-snippet":"max-snippet:-1","max-image-preview":"max-image-preview:large","max-video-preview":"max-video-preview:-1"},"canonical":"https:\/\/wdsinvest.com\/fr\/about-us\/integrity-standards\/","og_locale":"fr_FR","og_type":"article","og_title":"Integrity & Standards - Watson Di Primio Steel (WDS)","og_description":"The founders of WDS are CFA charterholders adopt the CFA Institute Asset Manager Code of Professional Conduct, with a duty to act in their clients\u2019 best interests.","og_url":"https:\/\/wdsinvest.com\/fr\/about-us\/integrity-standards\/","og_site_name":"Watson Di Primio Steel (WDS)","article_publisher":"https:\/\/www.linkedin.com\/company\/watson-di-primio-steel-wds-investment-management-ltd-","article_modified_time":"2017-11-20T15:55:27+00:00","twitter_card":"summary_large_image","twitter_site":"@wdsinvest","twitter_misc":{"Dur\u00e9e de lecture estim\u00e9e":"3 minutes"},"schema":{"@context":"https:\/\/schema.org","@graph":[{"@type":"WebPage","@id":"https:\/\/wdsinvest.com\/about-us\/integrity-standards\/","url":"https:\/\/wdsinvest.com\/about-us\/integrity-standards\/","name":"Integrity & Standards - Watson Di Primio Steel (WDS)","isPartOf":{"@id":"https:\/\/wdsinvest.com\/#website"},"datePublished":"2015-11-29T23:04:14+00:00","dateModified":"2017-11-20T15:55:27+00:00","description":"The founders of WDS are CFA charterholders adopt the CFA Institute Asset Manager Code of Professional Conduct, with a duty to act in their clients\u2019 best interests.","breadcrumb":{"@id":"https:\/\/wdsinvest.com\/about-us\/integrity-standards\/#breadcrumb"},"inLanguage":"fr-FR","potentialAction":[{"@type":"ReadAction","target":["https:\/\/wdsinvest.com\/about-us\/integrity-standards\/"]}]},{"@type":"BreadcrumbList","@id":"https:\/\/wdsinvest.com\/about-us\/integrity-standards\/#breadcrumb","itemListElement":[{"@type":"ListItem","position":1,"name":"Home","item":"https:\/\/wdsinvest.com\/"},{"@type":"ListItem","position":2,"name":"About Us","item":"https:\/\/wdsinvest.com\/about-us\/"},{"@type":"ListItem","position":3,"name":"Integrity &#038; Standards"}]},{"@type":"WebSite","@id":"https:\/\/wdsinvest.com\/#website","url":"https:\/\/wdsinvest.com\/","name":"Watson Di Primio Steel (WDS)","description":"","publisher":{"@id":"https:\/\/wdsinvest.com\/#organization"},"potentialAction":[{"@type":"SearchAction","target":{"@type":"EntryPoint","urlTemplate":"https:\/\/wdsinvest.com\/?s={search_term_string}"},"query-input":{"@type":"PropertyValueSpecification","valueRequired":true,"valueName":"search_term_string"}}],"inLanguage":"fr-FR"},{"@type":"Organization","@id":"https:\/\/wdsinvest.com\/#organization","name":"WDS - Ottawa Wealth Management","url":"https:\/\/wdsinvest.com\/","logo":{"@type":"ImageObject","inLanguage":"fr-FR","@id":"https:\/\/wdsinvest.com\/#\/schema\/logo\/image\/","url":"https:\/\/wdsinvest.com\/wp-content\/uploads\/2016\/01\/favicon.png","contentUrl":"https:\/\/wdsinvest.com\/wp-content\/uploads\/2016\/01\/favicon.png","width":32,"height":32,"caption":"WDS - Ottawa Wealth Management"},"image":{"@id":"https:\/\/wdsinvest.com\/#\/schema\/logo\/image\/"},"sameAs":["https:\/\/www.linkedin.com\/company\/watson-di-primio-steel-wds-investment-management-ltd-","https:\/\/x.com\/wdsinvest"]}]}},"_links":{"self":[{"href":"https:\/\/wdsinvest.com\/fr\/wp-json\/wp\/v2\/pages\/98","targetHints":{"allow":["GET"]}}],"collection":[{"href":"https:\/\/wdsinvest.com\/fr\/wp-json\/wp\/v2\/pages"}],"about":[{"href":"https:\/\/wdsinvest.com\/fr\/wp-json\/wp\/v2\/types\/page"}],"author":[{"embeddable":true,"href":"https:\/\/wdsinvest.com\/fr\/wp-json\/wp\/v2\/users\/5"}],"replies":[{"embeddable":true,"href":"https:\/\/wdsinvest.com\/fr\/wp-json\/wp\/v2\/comments?post=98"}],"version-history":[{"count":16,"href":"https:\/\/wdsinvest.com\/fr\/wp-json\/wp\/v2\/pages\/98\/revisions"}],"predecessor-version":[{"id":1496,"href":"https:\/\/wdsinvest.com\/fr\/wp-json\/wp\/v2\/pages\/98\/revisions\/1496"}],"up":[{"embeddable":true,"href":"https:\/\/wdsinvest.com\/fr\/wp-json\/wp\/v2\/pages\/80"}],"wp:attachment":[{"href":"https:\/\/wdsinvest.com\/fr\/wp-json\/wp\/v2\/media?parent=98"}],"curies":[{"name":"wp","href":"https:\/\/api.w.org\/{rel}","templated":true}]}}