{"id":93,"date":"2015-11-29T22:09:53","date_gmt":"2015-11-29T22:09:53","guid":{"rendered":"http:\/\/wdsinvest.com\/?page_id=93"},"modified":"2021-03-22T18:10:18","modified_gmt":"2021-03-22T18:10:18","slug":"wealth-management","status":"publish","type":"page","link":"https:\/\/wdsinvest.com\/fr\/about-us\/wealth-management\/","title":{"rendered":"La gestion de patrimoine"},"content":{"rendered":"<div class=\"wpb-content-wrapper\"><div data-vc-full-width=\"true\" data-vc-full-width-init=\"false\" class=\"vc_row wpb_row vc_row-fluid vc_custom_1448829090472 vc_row-has-fill\"><div class=\"wpb_column vc_column_container vc_col-sm-12\"><div class=\"vc_column-inner\"><div class=\"wpb_wrapper\">\n\t<div class=\"wpb_text_column wpb_content_element vc_custom_1450301072014\" >\n\t\t<div class=\"wpb_wrapper\">\n\t\t\t<h1 class=\"subheader-h1\">Nos talents et notre exp\u00e9rience diversifi\u00e9s nous permettent de r\u00e9pondre \u00e0 un large \u00e9ventail d\u2019objectifs clients dans des p\u00e9riodes difficiles et des climats d\u2019investissement changeants.<\/h1>\n\n\t\t<\/div>\n\t<\/div>\n<\/div><\/div><\/div><\/div><div class=\"vc_row-full-width vc_clearfix\"><\/div><div class=\"vc_row wpb_row vc_row-fluid\"><div class=\"wpb_column vc_column_container vc_col-sm-12\"><div class=\"vc_column-inner\"><div class=\"wpb_wrapper\"><div class=\"vc_empty_space\"   style=\"height: 40px\"><span class=\"vc_empty_space_inner\"><\/span><\/div><\/div><\/div><\/div><\/div><div class=\"vc_row wpb_row vc_row-fluid\"><div class=\"wpb_column vc_column_container vc_col-sm-4\"><div class=\"vc_column-inner\"><div class=\"wpb_wrapper\">\n\t<div  class=\"wpb_single_image wpb_content_element vc_align_left wpb_content_element\">\n\t\t\n\t\t<figure class=\"wpb_wrapper vc_figure\">\n\t\t\t<div class=\"vc_single_image-wrapper vc_box_rounded  vc_box_border_grey\"><img decoding=\"async\" class=\"vc_single_image-img\" src=\"https:\/\/wdsinvest.com\/wp-content\/uploads\/2015\/11\/casual-stephen-watson.jpg\" width=\"380\" height=\"229\" alt=\"WDS Office Talking\" title=\"casual-stephen-watson\" loading=\"lazy\" \/><\/div>\n\t\t<\/figure>\n\t<\/div>\n<\/div><\/div><\/div><div class=\"wpb_column vc_column_container vc_col-sm-8\"><div class=\"vc_column-inner\"><div class=\"wpb_wrapper\">\n\t<div class=\"wpb_text_column wpb_content_element\" >\n\t\t<div class=\"wpb_wrapper\">\n\t\t\t<p>Fond\u00e9e en 2002, WDS est une soci\u00e9t\u00e9 de gestion d'investissement priv\u00e9e et totalement ind\u00e9pendante. WDS est enregistr\u00e9e en tant que conseiller aupr\u00e8s de <a href=\"http:\/\/www.securities-administrators.ca\/investortools.aspx?id=84\" target=\"_blank\" rel=\"noopener\">La Commission des valeurs mobili\u00e8res de l\u2019Ontario<\/a> dans la <a href=\"http:\/\/www.securities-administrators.ca\/nrs\/nrsearchResult.aspx\" target=\"_blank\" rel=\"noopener\">cat\u00e9gorie de gestionnaire de portefeuille<\/a>, ce qui nous permet d'offrir des services de gestion discr\u00e9tionnaire de placements. Gr\u00e2ce au syst\u00e8me de passeport r\u00e9glementaire, la soci\u00e9t\u00e9 est \u00e9galement enregistr\u00e9e en Alberta, en Colombie-Britannique, au Nouveau-Brunswick, au Qu\u00e9bec et en Saskatchewan. WDS r\u00e9pond aux exigences prescrites en mati\u00e8re de rapports financiers, de capital, de cautionnement et d'assurance.<\/p>\n<p>Les gestionnaires de patrimoine de WDS sont des professionnels accr\u00e9dit\u00e9s poss\u00e9dant des titres tels que Chartered Financial Analyst (CFA), Canadian Investment Manager (CIM) et Certified Financial Planner (CFP). Il est important pour nous d\u2019avoir une compr\u00e9hension globale des enjeux li\u00e9s \u00e0 la gestion de patrimoine.<\/p>\n\n\t\t<\/div>\n\t<\/div>\n<\/div><\/div><\/div><\/div><div class=\"vc_row wpb_row vc_row-fluid\"><div class=\"wpb_column vc_column_container vc_col-sm-12\"><div class=\"vc_column-inner\"><div class=\"wpb_wrapper\"><div class=\"vc_empty_space\"   style=\"height: 20px\"><span class=\"vc_empty_space_inner\"><\/span><\/div><\/div><\/div><\/div><\/div>\n<\/div>","protected":false},"excerpt":{"rendered":"Our diversified talents and experience are what qualify us to deal with such a broad array of client objectives in challenging times and changing investment climates. Founded in 2002 WDS is a privately owned and completely independent investment management firm. WDS is registered as an adviser with the Ontario Securities<span class=\"excerpt-hellip\"> [\u2026]<\/span>","protected":false},"author":5,"featured_media":0,"parent":80,"menu_order":0,"comment_status":"closed","ping_status":"closed","template":"","meta":{"footnotes":""},"class_list":["post-93","page","type-page","status-publish","hentry"],"yoast_head":"<!-- This site is optimized with the Yoast SEO plugin v27.3 - https:\/\/yoast.com\/product\/yoast-seo-wordpress\/ -->\n<title>Ottawa Wealth Management - WDS Invest<\/title>\n<meta name=\"description\" content=\"Our diversified talents and experience are what qualify us to deal with such a broad array of client objectives in challenging times and changing investment climates.\" \/>\n<meta name=\"robots\" content=\"index, follow, max-snippet:-1, max-image-preview:large, max-video-preview:-1\" \/>\n<link rel=\"canonical\" href=\"https:\/\/wdsinvest.com\/fr\/about-us\/wealth-management\/\" \/>\n<meta property=\"og:locale\" content=\"fr_FR\" \/>\n<meta property=\"og:type\" content=\"article\" \/>\n<meta property=\"og:title\" content=\"Ottawa Wealth Management - WDS Invest\" \/>\n<meta property=\"og:description\" content=\"Our diversified talents and experience are what qualify us to deal with such a broad array of client objectives in challenging times and changing investment climates.\" \/>\n<meta property=\"og:url\" content=\"https:\/\/wdsinvest.com\/fr\/about-us\/wealth-management\/\" \/>\n<meta property=\"og:site_name\" content=\"Watson Di Primio Steel (WDS)\" \/>\n<meta property=\"article:publisher\" content=\"https:\/\/www.linkedin.com\/company\/watson-di-primio-steel-wds-investment-management-ltd-\" \/>\n<meta property=\"article:modified_time\" content=\"2021-03-22T18:10:18+00:00\" \/>\n<meta name=\"twitter:card\" content=\"summary_large_image\" \/>\n<meta name=\"twitter:site\" content=\"@wdsinvest\" \/>\n<meta name=\"twitter:label1\" content=\"Dur\u00e9e de lecture estim\u00e9e\" \/>\n\t<meta name=\"twitter:data1\" content=\"1 minute\" \/>\n<script type=\"application\/ld+json\" class=\"yoast-schema-graph\">{\"@context\":\"https:\\\/\\\/schema.org\",\"@graph\":[{\"@type\":\"WebPage\",\"@id\":\"https:\\\/\\\/wdsinvest.com\\\/about-us\\\/wealth-management\\\/\",\"url\":\"https:\\\/\\\/wdsinvest.com\\\/about-us\\\/wealth-management\\\/\",\"name\":\"Ottawa Wealth Management - WDS Invest\",\"isPartOf\":{\"@id\":\"https:\\\/\\\/wdsinvest.com\\\/#website\"},\"datePublished\":\"2015-11-29T22:09:53+00:00\",\"dateModified\":\"2021-03-22T18:10:18+00:00\",\"description\":\"Our diversified talents and experience are what qualify us to deal with such a broad array of client objectives in challenging times and changing investment climates.\",\"breadcrumb\":{\"@id\":\"https:\\\/\\\/wdsinvest.com\\\/about-us\\\/wealth-management\\\/#breadcrumb\"},\"inLanguage\":\"fr-FR\",\"potentialAction\":[{\"@type\":\"ReadAction\",\"target\":[\"https:\\\/\\\/wdsinvest.com\\\/about-us\\\/wealth-management\\\/\"]}]},{\"@type\":\"BreadcrumbList\",\"@id\":\"https:\\\/\\\/wdsinvest.com\\\/about-us\\\/wealth-management\\\/#breadcrumb\",\"itemListElement\":[{\"@type\":\"ListItem\",\"position\":1,\"name\":\"Home\",\"item\":\"https:\\\/\\\/wdsinvest.com\\\/\"},{\"@type\":\"ListItem\",\"position\":2,\"name\":\"About Us\",\"item\":\"https:\\\/\\\/wdsinvest.com\\\/about-us\\\/\"},{\"@type\":\"ListItem\",\"position\":3,\"name\":\"Wealth Management\"}]},{\"@type\":\"WebSite\",\"@id\":\"https:\\\/\\\/wdsinvest.com\\\/#website\",\"url\":\"https:\\\/\\\/wdsinvest.com\\\/\",\"name\":\"Watson Di Primio Steel (WDS)\",\"description\":\"\",\"publisher\":{\"@id\":\"https:\\\/\\\/wdsinvest.com\\\/#organization\"},\"potentialAction\":[{\"@type\":\"SearchAction\",\"target\":{\"@type\":\"EntryPoint\",\"urlTemplate\":\"https:\\\/\\\/wdsinvest.com\\\/?s={search_term_string}\"},\"query-input\":{\"@type\":\"PropertyValueSpecification\",\"valueRequired\":true,\"valueName\":\"search_term_string\"}}],\"inLanguage\":\"fr-FR\"},{\"@type\":\"Organization\",\"@id\":\"https:\\\/\\\/wdsinvest.com\\\/#organization\",\"name\":\"WDS - Ottawa Wealth Management\",\"url\":\"https:\\\/\\\/wdsinvest.com\\\/\",\"logo\":{\"@type\":\"ImageObject\",\"inLanguage\":\"fr-FR\",\"@id\":\"https:\\\/\\\/wdsinvest.com\\\/#\\\/schema\\\/logo\\\/image\\\/\",\"url\":\"https:\\\/\\\/wdsinvest.com\\\/wp-content\\\/uploads\\\/2016\\\/01\\\/favicon.png\",\"contentUrl\":\"https:\\\/\\\/wdsinvest.com\\\/wp-content\\\/uploads\\\/2016\\\/01\\\/favicon.png\",\"width\":32,\"height\":32,\"caption\":\"WDS - Ottawa Wealth Management\"},\"image\":{\"@id\":\"https:\\\/\\\/wdsinvest.com\\\/#\\\/schema\\\/logo\\\/image\\\/\"},\"sameAs\":[\"https:\\\/\\\/www.linkedin.com\\\/company\\\/watson-di-primio-steel-wds-investment-management-ltd-\",\"https:\\\/\\\/x.com\\\/wdsinvest\"]}]}<\/script>\n<!-- \/ Yoast SEO plugin. -->","yoast_head_json":{"title":"Ottawa Wealth Management - WDS Invest","description":"Nos talents et notre exp\u00e9rience diversifi\u00e9s nous permettent de r\u00e9pondre \u00e0 un large \u00e9ventail d\u2019objectifs clients dans des p\u00e9riodes difficiles et des climats d\u2019investissement changeants.","robots":{"index":"index","follow":"follow","max-snippet":"max-snippet:-1","max-image-preview":"max-image-preview:large","max-video-preview":"max-video-preview:-1"},"canonical":"https:\/\/wdsinvest.com\/fr\/about-us\/wealth-management\/","og_locale":"fr_FR","og_type":"article","og_title":"Ottawa Wealth Management - WDS Invest","og_description":"Our diversified talents and experience are what qualify us to deal with such a broad array of client objectives in challenging times and changing investment climates.","og_url":"https:\/\/wdsinvest.com\/fr\/about-us\/wealth-management\/","og_site_name":"Watson Di Primio Steel (WDS)","article_publisher":"https:\/\/www.linkedin.com\/company\/watson-di-primio-steel-wds-investment-management-ltd-","article_modified_time":"2021-03-22T18:10:18+00:00","twitter_card":"summary_large_image","twitter_site":"@wdsinvest","twitter_misc":{"Dur\u00e9e de lecture estim\u00e9e":"1 minute"},"schema":{"@context":"https:\/\/schema.org","@graph":[{"@type":"WebPage","@id":"https:\/\/wdsinvest.com\/about-us\/wealth-management\/","url":"https:\/\/wdsinvest.com\/about-us\/wealth-management\/","name":"Ottawa Wealth Management - WDS Invest","isPartOf":{"@id":"https:\/\/wdsinvest.com\/#website"},"datePublished":"2015-11-29T22:09:53+00:00","dateModified":"2021-03-22T18:10:18+00:00","description":"Nos talents et notre exp\u00e9rience diversifi\u00e9s nous permettent de r\u00e9pondre \u00e0 un large \u00e9ventail d\u2019objectifs clients dans des p\u00e9riodes difficiles et des climats d\u2019investissement changeants.","breadcrumb":{"@id":"https:\/\/wdsinvest.com\/about-us\/wealth-management\/#breadcrumb"},"inLanguage":"fr-FR","potentialAction":[{"@type":"ReadAction","target":["https:\/\/wdsinvest.com\/about-us\/wealth-management\/"]}]},{"@type":"BreadcrumbList","@id":"https:\/\/wdsinvest.com\/about-us\/wealth-management\/#breadcrumb","itemListElement":[{"@type":"ListItem","position":1,"name":"Home","item":"https:\/\/wdsinvest.com\/"},{"@type":"ListItem","position":2,"name":"About Us","item":"https:\/\/wdsinvest.com\/about-us\/"},{"@type":"ListItem","position":3,"name":"Wealth Management"}]},{"@type":"WebSite","@id":"https:\/\/wdsinvest.com\/#website","url":"https:\/\/wdsinvest.com\/","name":"Watson Di Primio Steel (WDS)","description":"","publisher":{"@id":"https:\/\/wdsinvest.com\/#organization"},"potentialAction":[{"@type":"SearchAction","target":{"@type":"EntryPoint","urlTemplate":"https:\/\/wdsinvest.com\/?s={search_term_string}"},"query-input":{"@type":"PropertyValueSpecification","valueRequired":true,"valueName":"search_term_string"}}],"inLanguage":"fr-FR"},{"@type":"Organization","@id":"https:\/\/wdsinvest.com\/#organization","name":"WDS - Ottawa Wealth Management","url":"https:\/\/wdsinvest.com\/","logo":{"@type":"ImageObject","inLanguage":"fr-FR","@id":"https:\/\/wdsinvest.com\/#\/schema\/logo\/image\/","url":"https:\/\/wdsinvest.com\/wp-content\/uploads\/2016\/01\/favicon.png","contentUrl":"https:\/\/wdsinvest.com\/wp-content\/uploads\/2016\/01\/favicon.png","width":32,"height":32,"caption":"WDS - Ottawa Wealth Management"},"image":{"@id":"https:\/\/wdsinvest.com\/#\/schema\/logo\/image\/"},"sameAs":["https:\/\/www.linkedin.com\/company\/watson-di-primio-steel-wds-investment-management-ltd-","https:\/\/x.com\/wdsinvest"]}]}},"_links":{"self":[{"href":"https:\/\/wdsinvest.com\/fr\/wp-json\/wp\/v2\/pages\/93","targetHints":{"allow":["GET"]}}],"collection":[{"href":"https:\/\/wdsinvest.com\/fr\/wp-json\/wp\/v2\/pages"}],"about":[{"href":"https:\/\/wdsinvest.com\/fr\/wp-json\/wp\/v2\/types\/page"}],"author":[{"embeddable":true,"href":"https:\/\/wdsinvest.com\/fr\/wp-json\/wp\/v2\/users\/5"}],"replies":[{"embeddable":true,"href":"https:\/\/wdsinvest.com\/fr\/wp-json\/wp\/v2\/comments?post=93"}],"version-history":[{"count":20,"href":"https:\/\/wdsinvest.com\/fr\/wp-json\/wp\/v2\/pages\/93\/revisions"}],"predecessor-version":[{"id":1879,"href":"https:\/\/wdsinvest.com\/fr\/wp-json\/wp\/v2\/pages\/93\/revisions\/1879"}],"up":[{"embeddable":true,"href":"https:\/\/wdsinvest.com\/fr\/wp-json\/wp\/v2\/pages\/80"}],"wp:attachment":[{"href":"https:\/\/wdsinvest.com\/fr\/wp-json\/wp\/v2\/media?parent=93"}],"curies":[{"name":"wp","href":"https:\/\/api.w.org\/{rel}","templated":true}]}}