{"id":274,"date":"2015-12-01T21:18:11","date_gmt":"2015-12-01T21:18:11","guid":{"rendered":"http:\/\/wdsinvest.com\/?page_id=274"},"modified":"2017-11-02T19:11:12","modified_gmt":"2017-11-02T19:11:12","slug":"wds-resources","status":"publish","type":"page","link":"https:\/\/wdsinvest.com\/fr\/wds-resources\/","title":{"rendered":"Ressources"},"content":{"rendered":"<div class=\"wpb-content-wrapper\"><div data-vc-full-width=\"true\" data-vc-full-width-init=\"false\" class=\"vc_row wpb_row vc_row-fluid vc_custom_1449254544850 vc_row-has-fill\"><div class=\"wpb_column vc_column_container vc_col-sm-12\"><div class=\"vc_column-inner\"><div class=\"wpb_wrapper\">\n\t<div class=\"wpb_text_column wpb_content_element vc_custom_1485202359049\" >\n\t\t<div class=\"wpb_wrapper\">\n\t\t\t<h1 class=\"subheader-h1\">WDS vous aide \u00e0 interpr\u00e9ter la situation financi\u00e8re mondiale dans son ensemble. Nous partageons des articles, des billets de blog, des rapports et des commentaires sur les enjeux d\u2019investissement d\u2019aujourd\u2019hui.<\/h1>\n\n\t\t<\/div>\n\t<\/div>\n<\/div><\/div><\/div><\/div><div class=\"vc_row-full-width vc_clearfix\"><\/div><div class=\"vc_row wpb_row vc_row-fluid\"><div class=\"wpb_column vc_column_container vc_col-sm-12\"><div class=\"vc_column-inner\"><div class=\"wpb_wrapper\"><div class=\"vc_empty_space\"   style=\"height: 40px\"><span class=\"vc_empty_space_inner\"><\/span><\/div><\/div><\/div><\/div><\/div><div class=\"vc_row wpb_row vc_row-fluid\"><div class=\"wpb_column vc_column_container vc_col-sm-6\"><div class=\"vc_column-inner vc_custom_1450387410837\"><div class=\"wpb_wrapper\"><div  class=\"vc_wp_posts wpb_content_element\">\n\t\t<div class=\"widget widget_recent_entries\">\n\t\t<h2 class=\"widgettitle\">Articles de blog r\u00e9cents<\/h2>\n\t\t<ul>\n\t\t\t\t\t\t\t\t\t\t\t<li>\n\t\t\t\t\t<a href=\"https:\/\/wdsinvest.com\/fr\/results-at-a-glance-1q26\/\">RESULTS at a glance &#8211; 1Q26<\/a>\n\t\t\t\t\t\t\t\t\t<\/li>\n\t\t\t\t\t\t\t\t\t\t\t<li>\n\t\t\t\t\t<a href=\"https:\/\/wdsinvest.com\/fr\/results-at-a-glance-3q25-2\/\">RESULTS at a glance &#8211; 4Q25<\/a>\n\t\t\t\t\t\t\t\t\t<\/li>\n\t\t\t\t\t\t\t\t\t\t\t<li>\n\t\t\t\t\t<a href=\"https:\/\/wdsinvest.com\/fr\/results-at-a-glance-3q25\/\">RESULTS at a glance &#8211; 3Q25<\/a>\n\t\t\t\t\t\t\t\t\t<\/li>\n\t\t\t\t\t\t\t\t\t\t\t<li>\n\t\t\t\t\t<a href=\"https:\/\/wdsinvest.com\/fr\/results-at-a-glance-1q25-2\/\">RESULTS at a glance &#8211; 2Q25<\/a>\n\t\t\t\t\t\t\t\t\t<\/li>\n\t\t\t\t\t\t\t\t\t\t\t<li>\n\t\t\t\t\t<a href=\"https:\/\/wdsinvest.com\/fr\/trumps-tariff-tiff\/\">Trump\u2019s Tariff Tiff \u2013 Putting Things into Perspective<\/a>\n\t\t\t\t\t\t\t\t\t<\/li>\n\t\t\t\t\t<\/ul>\n\n\t\t<\/div><\/div><\/div><\/div><\/div><div class=\"wpb_column vc_column_container vc_col-sm-6\"><div class=\"vc_column-inner\"><div class=\"wpb_wrapper\">\n\t<div class=\"wpb_text_column wpb_content_element vc_custom_1452126101679\" >\n\t\t<div class=\"wpb_wrapper\">\n\t\t\t<h3 style=\"padding-bottom: 16px;\">Vous \u00eates perplexe face aux actions privil\u00e9gi\u00e9es?<\/h3>\n\n\t\t<\/div>\n\t<\/div>\n<div class=\"vc_row wpb_row vc_inner vc_row-fluid vc_custom_1450387810454\"><div class=\"wpb_column vc_column_container vc_col-sm-4\"><div class=\"vc_column-inner vc_custom_1450387824423\"><div class=\"wpb_wrapper\">\n\t<div  class=\"wpb_single_image wpb_content_element vc_align_left wpb_content_element vc_custom_1453314962288\">\n\t\t\n\t\t<figure class=\"wpb_wrapper vc_figure\">\n\t\t\t<a href=\"https:\/\/wdsinvest.com\/fr\/PDFs\/WDS-Article_Puzzled%20Over%20Preferred%20Shares.pdf\/\" target=\"_blank\" class=\"vc_single_image-wrapper   vc_box_border_grey\"><img loading=\"lazy\" decoding=\"async\" width=\"240\" height=\"300\" src=\"https:\/\/wdsinvest.com\/wp-content\/uploads\/2015\/12\/Article_Puzzled-Over-Preferred-Shares-thumb-240x300.jpg\" class=\"vc_single_image-img attachment-medium\" alt=\"\" title=\"Article_Puzzled-Over-Preferred-Shares-thumb\" srcset=\"https:\/\/wdsinvest.com\/wp-content\/uploads\/2015\/12\/Article_Puzzled-Over-Preferred-Shares-thumb-240x300.jpg 240w, https:\/\/wdsinvest.com\/wp-content\/uploads\/2015\/12\/Article_Puzzled-Over-Preferred-Shares-thumb-768x960.jpg 768w, https:\/\/wdsinvest.com\/wp-content\/uploads\/2015\/12\/Article_Puzzled-Over-Preferred-Shares-thumb-117x146.jpg 117w, https:\/\/wdsinvest.com\/wp-content\/uploads\/2015\/12\/Article_Puzzled-Over-Preferred-Shares-thumb-40x50.jpg 40w, https:\/\/wdsinvest.com\/wp-content\/uploads\/2015\/12\/Article_Puzzled-Over-Preferred-Shares-thumb-60x75.jpg 60w, https:\/\/wdsinvest.com\/wp-content\/uploads\/2015\/12\/Article_Puzzled-Over-Preferred-Shares-thumb.jpg 800w\" sizes=\"auto, (max-width: 240px) 100vw, 240px\" \/><\/a>\n\t\t<\/figure>\n\t<\/div>\n<\/div><\/div><\/div><div class=\"wpb_column vc_column_container vc_col-sm-8\"><div class=\"vc_column-inner\"><div class=\"wpb_wrapper\">\n\t<div class=\"wpb_text_column wpb_content_element\" >\n\t\t<div class=\"wpb_wrapper\">\n\t\t\t<p>Compte tenu des d\u00e9fis particuliers auxquels les actions privil\u00e9gi\u00e9es ont \u00e9t\u00e9 confront\u00e9es en 2015, WDS estime qu'il est important de faire la lumi\u00e8re sur ce qui se cache derri\u00e8re les prix \u00e0 court terme et sur les raisons pour lesquelles nous pensons que les actions privil\u00e9gi\u00e9es repr\u00e9sentent toujours un retour sur investissement favorable \u00e0 long terme.<\/p>\n\n\t\t<\/div>\n\t<\/div>\n<div class=\"vc_btn3-container vc_btn3-inline vc_do_btn\" ><a class=\"vc_general vc_btn3 vc_btn3-size-md vc_btn3-shape-rounded vc_btn3-style-modern vc_btn3-color-primary\" href=\"https:\/\/wdsinvest.com\/fr\/PDFs\/WDS-Article_Puzzled%20Over%20Preferred%20Shares.pdf\/\" title=\"\" target=\"_blank\">Lire l'article<\/a><\/div><\/div><\/div><\/div><\/div><\/div><\/div><\/div><\/div><div class=\"vc_row wpb_row vc_row-fluid\"><div class=\"wpb_column vc_column_container vc_col-sm-12\"><div class=\"vc_column-inner\"><div class=\"wpb_wrapper\"><div class=\"vc_separator wpb_content_element vc_separator_align_center vc_sep_width_100 vc_sep_pos_align_center vc_separator_no_text vc_sep_color_grey wpb_content_element  wpb_content_element\" ><span class=\"vc_sep_holder vc_sep_holder_l\"><span class=\"vc_sep_line\"><\/span><\/span><span class=\"vc_sep_holder vc_sep_holder_r\"><span class=\"vc_sep_line\"><\/span><\/span>\n<\/div><\/div><\/div><\/div><\/div><div class=\"vc_row wpb_row vc_row-fluid\"><div class=\"wpb_column vc_column_container vc_col-sm-6\"><div class=\"vc_column-inner vc_custom_1450389710915\"><div class=\"wpb_wrapper\">\n\t<div class=\"wpb_raw_code wpb_raw_html wpb_content_element\" >\n\t\t<div class=\"wpb_wrapper\">\n\t\t\t<h3>FAQ<\/h3>\n\t\t<\/div>\n\t<\/div>\n<div class=\"vc_tta-container\" data-vc-action=\"collapse\"><div class=\"vc_general vc_tta vc_tta-accordion vc_tta-color-grey vc_tta-style-classic vc_tta-shape-rounded vc_tta-o-shape-group vc_tta-controls-align-default\"><div class=\"vc_tta-panels-container\"><div class=\"vc_tta-panels\"><div class=\"vc_tta-panel vc_active\" id=\"1450389240103-f4359583-5379\" data-vc-content=\".vc_tta-panel-body\"><div class=\"vc_tta-panel-heading\"><h4 class=\"vc_tta-panel-title vc_tta-controls-icon-position-left\"><a href=\"#1450389240103-f4359583-5379\" data-vc-accordion data-vc-container=\".vc_tta-container\"><span class=\"vc_tta-title-text\">1. Vous aider \u00e0 identifier vos objectifs sp\u00e9cifiques pour vos investissements.<\/span><i class=\"vc_tta-controls-icon vc_tta-controls-icon-plus\"><\/i><\/a><\/h4><\/div><div class=\"vc_tta-panel-body\">\n\t<div class=\"wpb_text_column wpb_content_element\" >\n\t\t<div class=\"wpb_wrapper\">\n\t\t\t<p>Une strat\u00e9gie d'investissement commence par l'identification de vos buts et objectifs. Les objectifs peuvent prendre de nombreuses formes : maintenir votre niveau de vie jusqu\u2019\u00e0 la retraite, financer les \u00e9tudes postsecondaires de vos enfants ou laisser un h\u00e9ritage \u00e0 la prochaine g\u00e9n\u00e9ration. Mais ils doivent \u00eatre explicites et hi\u00e9rarchis\u00e9s.<\/p>\n\n\t\t<\/div>\n\t<\/div>\n<\/div><\/div><div class=\"vc_tta-panel\" id=\"1450389240104-a5db2994-8339\" data-vc-content=\".vc_tta-panel-body\"><div class=\"vc_tta-panel-heading\"><h4 class=\"vc_tta-panel-title vc_tta-controls-icon-position-left\"><a href=\"#1450389240104-a5db2994-8339\" data-vc-accordion data-vc-container=\".vc_tta-container\"><span class=\"vc_tta-title-text\">2. Menez un entretien approfondi pour bien comprendre votre agenda financier.<\/span><i class=\"vc_tta-controls-icon vc_tta-controls-icon-plus\"><\/i><\/a><\/h4><\/div><div class=\"vc_tta-panel-body\">\n\t<div class=\"wpb_text_column wpb_content_element\" >\n\t\t<div class=\"wpb_wrapper\">\n\t\t\t<p>Une bonne gestion des risques exige que vous vous pr\u00e9serviez des risques insoutenables qui pourraient changer votre vie pour toujours, comme une invalidit\u00e9 totale ou un d\u00e9c\u00e8s pr\u00e9matur\u00e9. Ces \u00ab besoins cach\u00e9s \u00bb sont des \u00e9l\u00e9ments prioritaires qui doivent \u00eatre satisfaits avec les professionnels appropri\u00e9s.<\/p>\n\n\t\t<\/div>\n\t<\/div>\n<\/div><\/div><div class=\"vc_tta-panel\" id=\"1450389440154-7aea106d-fea7\" data-vc-content=\".vc_tta-panel-body\"><div class=\"vc_tta-panel-heading\"><h4 class=\"vc_tta-panel-title vc_tta-controls-icon-position-left\"><a href=\"#1450389440154-7aea106d-fea7\" data-vc-accordion data-vc-container=\".vc_tta-container\"><span class=\"vc_tta-title-text\">3. D\u00e9crivez la nature ou les types de comptes qui vous conviennent le mieux.<\/span><i class=\"vc_tta-controls-icon vc_tta-controls-icon-plus\"><\/i><\/a><\/h4><\/div><div class=\"vc_tta-panel-body\">\n\t<div class=\"wpb_text_column wpb_content_element\" >\n\t\t<div class=\"wpb_wrapper\">\n\t\t\t<p>Les clients priv\u00e9s ont besoin d'une gamme compl\u00e8te de types de comptes pour r\u00e9pondre \u00e0 une planification plus complexe : particuliers (enregistr\u00e9s et non enregistr\u00e9s), d'entreprise et de fiducie. Un portefeuille d\u2019investissement distinct \u2013 non m\u00e9lang\u00e9 aux actifs d\u2019autres investisseurs \u2013 offre la possibilit\u00e9 de contr\u00f4ler les transactions et les co\u00fbts.<\/p>\n\n\t\t<\/div>\n\t<\/div>\n<\/div><\/div><\/div><\/div><\/div><\/div><div class=\"vc_btn3-container  btn-blue-sm vc_btn3-inline vc_do_btn\" ><a class=\"vc_general vc_btn3 vc_btn3-size-sm vc_btn3-shape-rounded vc_btn3-style-modern vc_btn3-color-primary\" href=\"http:\/\/wdsinvest.com\/fr\/wds-resources\/faq\/\" title=\"\">Voir toutes les FAQ<\/a><\/div><\/div><\/div><\/div><div class=\"wpb_column vc_column_container vc_col-sm-6\"><div class=\"vc_column-inner\"><div class=\"wpb_wrapper\">\n\t<div class=\"wpb_raw_code wpb_raw_html wpb_content_element\" >\n\t\t<div class=\"wpb_wrapper\">\n\t\t\t<h3>Glossaire<\/h3>\n<br\/>\n<h4 id=\"asset-allocation\">R\u00e9partition de l'actif<\/h4>\n<p>L'allocation d'actifs est une strat\u00e9gie d'investissement qui vise \u00e0 \u00e9quilibrer le risque et la r\u00e9compense pour un investisseur. Ceci est accompli en r\u00e9partissant les actifs d\u2019un portefeuille en fonction des objectifs de l\u2019individu, de sa tol\u00e9rance au risque et de son horizon temporel d\u2019investissement.<\/p>\n<br\/>\n<hr class=\"glossary-hr\" \/>\n&nbsp;\n<h4 id=\"business-risk\">Risque commercial<\/h4>\n<p>\u00c9v\u00e9nements qui affectent uniquement une entreprise ou un secteur sp\u00e9cifique, comme la mar\u00e9e noire de BP dans le golfe du Mexique. L'impact n\u00e9gatif sur ses revenus ou ses d\u00e9penses d'exploitation peut entra\u00eener une baisse de la valeur des actions de la soci\u00e9t\u00e9.<\/p>\n<br\/>\n<hr class=\"glossary-hr\" \/>\n&nbsp;\n<h4 id=\"canadian-investment-manager\">Gestionnaire de placements canadien<\/h4>\n<p>Le titre de Gestionnaire de placements canadien s'obtient dans le cadre d'un volet de formation de l'Institut canadien des valeurs mobili\u00e8res. Le GPC qualifie une personne pour obtenir une licence en gestion discr\u00e9tionnaire de portefeuille au Canada.<\/p>\n\t\t<\/div>\n\t<\/div>\n<div class=\"vc_btn3-container  btn-blue-sm vc_btn3-inline vc_do_btn\" ><a class=\"vc_general vc_btn3 vc_btn3-size-sm vc_btn3-shape-rounded vc_btn3-style-modern vc_btn3-color-primary\" href=\"http:\/\/wdsinvest.com\/fr\/wds-resources\/glossary\/\" title=\"\">Aller au glossaire<\/a><\/div><\/div><\/div><\/div><\/div><div class=\"vc_row wpb_row vc_row-fluid\"><div class=\"wpb_column vc_column_container vc_col-sm-12\"><div class=\"vc_column-inner\"><div class=\"wpb_wrapper\"><div class=\"vc_empty_space\"   style=\"height: 40px\"><span class=\"vc_empty_space_inner\"><\/span><\/div><\/div><\/div><\/div><\/div>\n<\/div>","protected":false},"excerpt":{"rendered":"WDS helps you interpret the larger global financial picture. We share articles, blog posts, reports, and commentary about today\u2019s investment issues. Recent Blog Posts RESULTS at a glance &#8211; 1Q26 RESULTS at a glance &#8211; 4Q25 RESULTS at a glance &#8211; 3Q25 RESULTS at a glance &#8211; 2Q25 Trump\u2019s Tariff<span class=\"excerpt-hellip\"> [\u2026]<\/span>","protected":false},"author":5,"featured_media":0,"parent":0,"menu_order":0,"comment_status":"open","ping_status":"closed","template":"","meta":{"footnotes":""},"class_list":["post-274","page","type-page","status-publish","hentry"],"yoast_head":"<!-- This site is optimized with the Yoast SEO plugin v27.3 - https:\/\/yoast.com\/product\/yoast-seo-wordpress\/ -->\n<title>Wealth Management Resources | Watson Di Primio Steel<\/title>\n<meta name=\"description\" content=\"WDS helps you interpret the larger global financial picture. We share articles, reports, and commentary about today\u2019s investment issues.\" \/>\n<meta name=\"robots\" content=\"index, follow, max-snippet:-1, max-image-preview:large, max-video-preview:-1\" \/>\n<link rel=\"canonical\" href=\"https:\/\/wdsinvest.com\/fr\/wds-resources\/\" \/>\n<meta property=\"og:locale\" content=\"fr_FR\" \/>\n<meta property=\"og:type\" content=\"article\" \/>\n<meta property=\"og:title\" content=\"Wealth Management Resources | Watson Di Primio Steel\" \/>\n<meta property=\"og:description\" content=\"WDS helps you interpret the larger global financial picture. We share articles, reports, and commentary about today\u2019s investment issues.\" \/>\n<meta property=\"og:url\" content=\"https:\/\/wdsinvest.com\/fr\/wds-resources\/\" \/>\n<meta property=\"og:site_name\" content=\"Watson Di Primio Steel (WDS)\" \/>\n<meta property=\"article:publisher\" content=\"https:\/\/www.linkedin.com\/company\/watson-di-primio-steel-wds-investment-management-ltd-\" \/>\n<meta property=\"article:modified_time\" content=\"2017-11-02T19:11:12+00:00\" \/>\n<meta name=\"twitter:card\" content=\"summary_large_image\" \/>\n<meta name=\"twitter:site\" content=\"@wdsinvest\" \/>\n<meta name=\"twitter:label1\" content=\"Dur\u00e9e de lecture estim\u00e9e\" \/>\n\t<meta name=\"twitter:data1\" content=\"4 minutes\" \/>\n<script type=\"application\/ld+json\" class=\"yoast-schema-graph\">{\"@context\":\"https:\\\/\\\/schema.org\",\"@graph\":[{\"@type\":\"WebPage\",\"@id\":\"https:\\\/\\\/wdsinvest.com\\\/wds-resources\\\/\",\"url\":\"https:\\\/\\\/wdsinvest.com\\\/wds-resources\\\/\",\"name\":\"Wealth Management Resources | Watson Di Primio Steel\",\"isPartOf\":{\"@id\":\"https:\\\/\\\/wdsinvest.com\\\/#website\"},\"datePublished\":\"2015-12-01T21:18:11+00:00\",\"dateModified\":\"2017-11-02T19:11:12+00:00\",\"description\":\"WDS helps you interpret the larger global financial picture. We share articles, reports, and commentary about today\u2019s investment issues.\",\"breadcrumb\":{\"@id\":\"https:\\\/\\\/wdsinvest.com\\\/wds-resources\\\/#breadcrumb\"},\"inLanguage\":\"fr-FR\",\"potentialAction\":[{\"@type\":\"ReadAction\",\"target\":[\"https:\\\/\\\/wdsinvest.com\\\/wds-resources\\\/\"]}]},{\"@type\":\"BreadcrumbList\",\"@id\":\"https:\\\/\\\/wdsinvest.com\\\/wds-resources\\\/#breadcrumb\",\"itemListElement\":[{\"@type\":\"ListItem\",\"position\":1,\"name\":\"Home\",\"item\":\"https:\\\/\\\/wdsinvest.com\\\/\"},{\"@type\":\"ListItem\",\"position\":2,\"name\":\"Resources\"}]},{\"@type\":\"WebSite\",\"@id\":\"https:\\\/\\\/wdsinvest.com\\\/#website\",\"url\":\"https:\\\/\\\/wdsinvest.com\\\/\",\"name\":\"Watson Di Primio Steel (WDS)\",\"description\":\"\",\"publisher\":{\"@id\":\"https:\\\/\\\/wdsinvest.com\\\/#organization\"},\"potentialAction\":[{\"@type\":\"SearchAction\",\"target\":{\"@type\":\"EntryPoint\",\"urlTemplate\":\"https:\\\/\\\/wdsinvest.com\\\/?s={search_term_string}\"},\"query-input\":{\"@type\":\"PropertyValueSpecification\",\"valueRequired\":true,\"valueName\":\"search_term_string\"}}],\"inLanguage\":\"fr-FR\"},{\"@type\":\"Organization\",\"@id\":\"https:\\\/\\\/wdsinvest.com\\\/#organization\",\"name\":\"WDS - Ottawa Wealth Management\",\"url\":\"https:\\\/\\\/wdsinvest.com\\\/\",\"logo\":{\"@type\":\"ImageObject\",\"inLanguage\":\"fr-FR\",\"@id\":\"https:\\\/\\\/wdsinvest.com\\\/#\\\/schema\\\/logo\\\/image\\\/\",\"url\":\"https:\\\/\\\/wdsinvest.com\\\/wp-content\\\/uploads\\\/2016\\\/01\\\/favicon.png\",\"contentUrl\":\"https:\\\/\\\/wdsinvest.com\\\/wp-content\\\/uploads\\\/2016\\\/01\\\/favicon.png\",\"width\":32,\"height\":32,\"caption\":\"WDS - Ottawa Wealth Management\"},\"image\":{\"@id\":\"https:\\\/\\\/wdsinvest.com\\\/#\\\/schema\\\/logo\\\/image\\\/\"},\"sameAs\":[\"https:\\\/\\\/www.linkedin.com\\\/company\\\/watson-di-primio-steel-wds-investment-management-ltd-\",\"https:\\\/\\\/x.com\\\/wdsinvest\"]}]}<\/script>\n<!-- \/ Yoast SEO plugin. -->","yoast_head_json":{"title":"Wealth Management Resources | Watson Di Primio Steel","description":"WDS helps you interpret the larger global financial picture. We share articles, reports, and commentary about today\u2019s investment issues.","robots":{"index":"index","follow":"follow","max-snippet":"max-snippet:-1","max-image-preview":"max-image-preview:large","max-video-preview":"max-video-preview:-1"},"canonical":"https:\/\/wdsinvest.com\/fr\/wds-resources\/","og_locale":"fr_FR","og_type":"article","og_title":"Wealth Management Resources | Watson Di Primio Steel","og_description":"WDS helps you interpret the larger global financial picture. We share articles, reports, and commentary about today\u2019s investment issues.","og_url":"https:\/\/wdsinvest.com\/fr\/wds-resources\/","og_site_name":"Watson Di Primio Steel (WDS)","article_publisher":"https:\/\/www.linkedin.com\/company\/watson-di-primio-steel-wds-investment-management-ltd-","article_modified_time":"2017-11-02T19:11:12+00:00","twitter_card":"summary_large_image","twitter_site":"@wdsinvest","twitter_misc":{"Dur\u00e9e de lecture estim\u00e9e":"4 minutes"},"schema":{"@context":"https:\/\/schema.org","@graph":[{"@type":"WebPage","@id":"https:\/\/wdsinvest.com\/wds-resources\/","url":"https:\/\/wdsinvest.com\/wds-resources\/","name":"Wealth Management Resources | Watson Di Primio Steel","isPartOf":{"@id":"https:\/\/wdsinvest.com\/#website"},"datePublished":"2015-12-01T21:18:11+00:00","dateModified":"2017-11-02T19:11:12+00:00","description":"WDS helps you interpret the larger global financial picture. We share articles, reports, and commentary about today\u2019s investment issues.","breadcrumb":{"@id":"https:\/\/wdsinvest.com\/wds-resources\/#breadcrumb"},"inLanguage":"fr-FR","potentialAction":[{"@type":"ReadAction","target":["https:\/\/wdsinvest.com\/wds-resources\/"]}]},{"@type":"BreadcrumbList","@id":"https:\/\/wdsinvest.com\/wds-resources\/#breadcrumb","itemListElement":[{"@type":"ListItem","position":1,"name":"Home","item":"https:\/\/wdsinvest.com\/"},{"@type":"ListItem","position":2,"name":"Resources"}]},{"@type":"WebSite","@id":"https:\/\/wdsinvest.com\/#website","url":"https:\/\/wdsinvest.com\/","name":"Watson Di Primio Steel (WDS)","description":"","publisher":{"@id":"https:\/\/wdsinvest.com\/#organization"},"potentialAction":[{"@type":"SearchAction","target":{"@type":"EntryPoint","urlTemplate":"https:\/\/wdsinvest.com\/?s={search_term_string}"},"query-input":{"@type":"PropertyValueSpecification","valueRequired":true,"valueName":"search_term_string"}}],"inLanguage":"fr-FR"},{"@type":"Organization","@id":"https:\/\/wdsinvest.com\/#organization","name":"WDS - Ottawa Wealth Management","url":"https:\/\/wdsinvest.com\/","logo":{"@type":"ImageObject","inLanguage":"fr-FR","@id":"https:\/\/wdsinvest.com\/#\/schema\/logo\/image\/","url":"https:\/\/wdsinvest.com\/wp-content\/uploads\/2016\/01\/favicon.png","contentUrl":"https:\/\/wdsinvest.com\/wp-content\/uploads\/2016\/01\/favicon.png","width":32,"height":32,"caption":"WDS - Ottawa Wealth Management"},"image":{"@id":"https:\/\/wdsinvest.com\/#\/schema\/logo\/image\/"},"sameAs":["https:\/\/www.linkedin.com\/company\/watson-di-primio-steel-wds-investment-management-ltd-","https:\/\/x.com\/wdsinvest"]}]}},"_links":{"self":[{"href":"https:\/\/wdsinvest.com\/fr\/wp-json\/wp\/v2\/pages\/274","targetHints":{"allow":["GET"]}}],"collection":[{"href":"https:\/\/wdsinvest.com\/fr\/wp-json\/wp\/v2\/pages"}],"about":[{"href":"https:\/\/wdsinvest.com\/fr\/wp-json\/wp\/v2\/types\/page"}],"author":[{"embeddable":true,"href":"https:\/\/wdsinvest.com\/fr\/wp-json\/wp\/v2\/users\/5"}],"replies":[{"embeddable":true,"href":"https:\/\/wdsinvest.com\/fr\/wp-json\/wp\/v2\/comments?post=274"}],"version-history":[{"count":24,"href":"https:\/\/wdsinvest.com\/fr\/wp-json\/wp\/v2\/pages\/274\/revisions"}],"predecessor-version":[{"id":1463,"href":"https:\/\/wdsinvest.com\/fr\/wp-json\/wp\/v2\/pages\/274\/revisions\/1463"}],"wp:attachment":[{"href":"https:\/\/wdsinvest.com\/fr\/wp-json\/wp\/v2\/media?parent=274"}],"curies":[{"name":"wp","href":"https:\/\/api.w.org\/{rel}","templated":true}]}}