{"id":271,"date":"2015-12-01T21:13:48","date_gmt":"2015-12-01T21:13:48","guid":{"rendered":"http:\/\/wdsinvest.com\/?page_id=271"},"modified":"2026-01-16T15:49:17","modified_gmt":"2026-01-16T15:49:17","slug":"investment-perspectives","status":"publish","type":"page","link":"https:\/\/wdsinvest.com\/fr\/wds-resources\/investment-perspectives\/","title":{"rendered":"Perspectives d'investissement"},"content":{"rendered":"<div class=\"wpb-content-wrapper\"><div data-vc-full-width=\"true\" data-vc-full-width-init=\"false\" class=\"vc_row wpb_row vc_row-fluid vc_custom_1449168630632 vc_row-has-fill\"><div class=\"wpb_column vc_column_container vc_col-sm-12\"><div class=\"vc_column-inner vc_custom_1450905513570\"><div class=\"wpb_wrapper\">\n\t<div class=\"wpb_text_column wpb_content_element vc_custom_1485207714027\" >\n\t\t<div class=\"wpb_wrapper\">\n\t\t\t<h1 class=\"subheader-h1\">WDS Investment Perspectives, une publication d'informations, de r\u00e9flexions et de points de vue sur l'environnement \u00e9conomique, les tendances et le climat d'investissement.<\/h1>\n\n\t\t<\/div>\n\t<\/div>\n<\/div><\/div><\/div><\/div><div class=\"vc_row-full-width vc_clearfix\"><\/div><div class=\"vc_row wpb_row vc_row-fluid\"><div class=\"wpb_column vc_column_container vc_col-sm-12\"><div class=\"vc_column-inner\"><div class=\"wpb_wrapper\"><div class=\"vc_empty_space\"   style=\"height: 40px\"><span class=\"vc_empty_space_inner\"><\/span><\/div><\/div><\/div><\/div><\/div><div class=\"vc_row wpb_row vc_row-fluid\"><div class=\"wpb_column vc_column_container vc_col-sm-6\"><div class=\"vc_column-inner\"><div class=\"wpb_wrapper\">\n\t<div class=\"wpb_raw_code wpb_raw_html wpb_content_element\" >\n\t\t<div class=\"wpb_wrapper\">\n\t\t\t<p>WDS vous aide \u00e0 interpr\u00e9ter la situation financi\u00e8re mondiale dans son ensemble. Nous proposons \u00e0 nos clients des articles, des billets de blog, des rapports et des conseils actuels sur les enjeux d\u2019investissement d\u2019aujourd\u2019hui.<\/p>\n\n<p><a href=\"http:\/\/wdsinvest.com\/fr\/wds-resources\/investment-perspectives\/investment-perspectives-archives\/\">WDS Investment Perspectives<\/a>, une publication d'informations, de r\u00e9flexions et de points de vue sur l'environnement \u00e9conomique, les tendances et le climat d'investissement.<\/p>\n\t\t<\/div>\n\t<\/div>\n<div class=\"vc_row wpb_row vc_inner vc_row-fluid vc_custom_1452126588279\"><div class=\"wpb_column vc_column_container vc_col-sm-6\"><div class=\"vc_column-inner\"><div class=\"wpb_wrapper\">\n\t<div  class=\"wpb_single_image wpb_content_element vc_align_left wpb_content_element\">\n\t\t\n\t\t<figure class=\"wpb_wrapper vc_figure\">\n\t\t\t<div class=\"vc_single_image-wrapper   vc_box_border_grey\"><img decoding=\"async\" class=\"vc_single_image-img\" src=\"https:\/\/wdsinvest.com\/wp-content\/uploads\/2015\/12\/investment-perspectives-300x175.jpg\" width=\"300\" height=\"175\" alt=\"investment-perspectives\" title=\"investment-perspectives\" loading=\"lazy\" \/><\/div>\n\t\t<\/figure>\n\t<\/div>\n<\/div><\/div><\/div><div class=\"wpb_column vc_column_container vc_col-sm-6\"><div class=\"vc_column-inner\"><div class=\"wpb_wrapper\"><div class=\"vc_btn3-container vc_btn3-inline vc_custom_1768578555001 vc_do_btn\" ><a class=\"vc_general vc_btn3 vc_btn3-size-md vc_btn3-shape-rounded vc_btn3-style-modern vc_btn3-color-primary\" href=\"https:\/\/wdsinvest.com\/fr\/wds-resources\/investment-perspectives\/investment-perspectives-volume-21-no-2-december-2025\/\" title=\"Investment Perspectives Volume 21, No. 2 \u2013 December 2025\">Lire le num\u00e9ro actuel<\/a><\/div><div class=\"vc_btn3-container vc_btn3-inline vc_custom_1450896654754 vc_do_btn\" ><a class=\"vc_general vc_btn3 vc_btn3-size-md vc_btn3-shape-rounded vc_btn3-style-modern vc_btn3-color-primary\" href=\"http:\/\/wdsinvest.com\/fr\/?p=542\" title=\"\">Voir les archives<\/a><\/div><\/div><\/div><\/div><\/div>\n\t<div class=\"wpb_raw_code wpb_raw_html wpb_content_element\" >\n\t\t<div class=\"wpb_wrapper\">\n\t\t\t<p>Politique d'\u00e9quit\u00e9 <a href=\"http:\/\/wdsinvest.com\/fr\/wds-resources\/quarterly-exchange\/\">\u00c9change trimestriel<\/a>, vous apporte des informations sur les conditions du march\u00e9 ; des informations sur les changements gouvernementaux et la l\u00e9gislation qui peuvent affecter votre \u00e9pargne et vos revenus ; et des r\u00e9ponses \u00e0 vos questions.<\/p>\n\t\t<\/div>\n\t<\/div>\n<\/div><\/div><\/div><div class=\"wpb_column vc_column_container vc_col-sm-6\"><div class=\"vc_column-inner\"><div class=\"wpb_wrapper\">\n\t<div class=\"wpb_text_column wpb_content_element\" >\n\t\t<div class=\"wpb_wrapper\">\n\t\t\t<p>\u00c9galement int\u00e9ressant<\/p>\n<ul class=\"custom-list\">\n<li><a href=\"http:\/\/www.investmentexecutive.com\/-\/pmac-favours-existing-fiduciary-duty-for-discretionary-management-opposes-new-standard?redirect=%2Fsearch\">PMAC favours existing fiduciary duty for discretionary management<\/a>: September 2016\/ Article<\/li>\n<li><a href=\"http:\/\/business.financialpost.com\/investing\/investing-pro\/the-tail-is-wagging-the-dog-gluskin-sheffs-george-young-explains-the-2016-market-turmoil\" target=\"_blank\" rel=\"noopener noreferrer\">Market Turmoil &#8211; The Tail is Wagging the Dog:<\/a> February 2015 \/ Article<\/li>\n<li><a href=\"http:\/\/wdsinvest.com\/wp-content\/uploads\/2016\/03\/WDS-Article-Puzzled-FINAL_19Jan2016.pdf\" target=\"_blank\" rel=\"noopener noreferrer\">Puzzled Over Preferred Shares?:<\/a> January 2016 \/ Article<\/li>\n<li><a href=\"http:\/\/www.wdsinvest.com\/PDFs\/Is.pdf\" target=\"_blank\" rel=\"noopener noreferrer\">Is QE Coming to an End? Absolutely!:<\/a> September 2013 \/ Article<\/li>\n<li><a href=\"http:\/\/www.theglobeandmail.com\/report-on-business\/rob-magazine\/decloet-stop-paying-outrageous-mutual-fund-fees\/article10392615\/\" target=\"_blank\" rel=\"noopener noreferrer\">The 0% solution:<\/a> April 2013 \/ Article<\/li>\n<li><a href=\"http:\/\/bucks.blogs.nytimes.com\/2013\/02\/20\/questioning-the-motives-behind-your-financial-decisions\/?_r=0\" target=\"_blank\" rel=\"noopener noreferrer\">Questioning the Motives Behind Your Financial Decisions:<\/a> February 2013 \/ Article<\/li>\n<li><a href=\"http:\/\/www.investmentexecutive.com\/-\/cfa-code-helps-asset-managers-raise-ethical-standards?utm_source=newsletter&amp;utm_medium=nl&amp;utm_content=investmentexecutive&amp;utm_campaign=INT-EN-All-afternoon\" target=\"_blank\" rel=\"noopener noreferrer\">CFA code helps asset managers raise ethical standards:<\/a> January 2013 \/ Article<\/li>\n<li><a href=\"http:\/\/www.theglobeandmail.com\/globe-investor\/investment-ideas\/how-to-pick-an-adviser-your-financial-co-pilot\/article5227665\/\" target=\"_blank\" rel=\"noopener noreferrer\">How to pick an adviser, your financial co-pilot:<\/a> November 2012 \/ Article<\/li>\n<li><a href=\"http:\/\/www.wdsinvest.com\/PDFs\/Helping-clients-manage-risk-Investment-Executive.pdf\" target=\"_blank\" rel=\"noopener noreferrer\">Helping clients manage risk:<\/a> September 2012 \/ Article<\/li>\n<li><a href=\"https:\/\/ca.finance.yahoo.com\/news\/financial-literacy-5-tips-taking-140000072.html\" target=\"_blank\" rel=\"noopener noreferrer\">Financial literacy may decline with age:<\/a> June 2012 \/ Article<\/li>\n<li><a href=\"http:\/\/www.theglobeandmail.com\/globe-investor\/personal-finance\/ted-rechtshaffen\/financially-the-next-generation-is-on-its-own\/article2148720\/\" target=\"_blank\" rel=\"noopener noreferrer\">Financially, the next generation is on its own:<\/a> September 2011 \/ Article<\/li>\n<li><a href=\"http:\/\/www.icao.on.ca\/MediaRoom\/MediaArticles\/RetireArticles\/1009page13571.aspx\" target=\"_blank\" rel=\"noopener noreferrer\">Save strategically after age 65:<\/a> September 2011 \/ Article<\/li>\n<li><a href=\"https:\/\/secure.globeadvisor.com\/servlet\/ArticleNews\/story\/gam\/20110402\/GISTMAIN0402ATL\" target=\"_blank\" rel=\"noopener noreferrer\">How to find an advisor that puts you first:<\/a> April 2011 \/ Article<\/li>\n<\/ul>\n\n\t\t<\/div>\n\t<\/div>\n<\/div><\/div><\/div><\/div><div class=\"vc_row wpb_row vc_row-fluid\"><div class=\"wpb_column vc_column_container vc_col-sm-12\"><div class=\"vc_column-inner\"><div class=\"wpb_wrapper\"><div class=\"vc_empty_space\"   style=\"height: 40px\"><span class=\"vc_empty_space_inner\"><\/span><\/div><\/div><\/div><\/div><\/div>\n<\/div>","protected":false},"excerpt":{"rendered":"WDS Investment Perspectives, a publication of information, reflections and views about the economic environment, trends and the investment climate. WDS helps you interpret the larger global financial picture. We offer our clients articles, blog posts, reports and current advice about today\u2019s investment issues. WDS Investment Perspectives, a publication of information,<span class=\"excerpt-hellip\"> [\u2026]<\/span>","protected":false},"author":5,"featured_media":0,"parent":274,"menu_order":0,"comment_status":"open","ping_status":"open","template":"","meta":{"footnotes":""},"class_list":["post-271","page","type-page","status-publish","hentry"],"yoast_head":"<!-- This site is optimized with the Yoast SEO plugin v27.3 - https:\/\/yoast.com\/product\/yoast-seo-wordpress\/ -->\n<title>Investment Perspectives - Watson Di Primio Steel (WDS)<\/title>\n<meta name=\"description\" content=\"WDS Investment Perspectives, a publication of information, reflections and views about the economic environment, trends and the investment climate\" \/>\n<meta name=\"robots\" content=\"index, follow, max-snippet:-1, max-image-preview:large, max-video-preview:-1\" \/>\n<link rel=\"canonical\" href=\"https:\/\/wdsinvest.com\/fr\/wds-resources\/investment-perspectives\/\" \/>\n<meta property=\"og:locale\" content=\"fr_FR\" \/>\n<meta property=\"og:type\" content=\"article\" \/>\n<meta property=\"og:title\" content=\"Investment Perspectives - Watson Di Primio Steel (WDS)\" \/>\n<meta property=\"og:description\" content=\"WDS Investment Perspectives, a publication of information, reflections and views about the economic environment, trends and the investment climate\" \/>\n<meta property=\"og:url\" content=\"https:\/\/wdsinvest.com\/fr\/wds-resources\/investment-perspectives\/\" \/>\n<meta property=\"og:site_name\" content=\"Watson Di Primio Steel (WDS)\" \/>\n<meta property=\"article:publisher\" content=\"https:\/\/www.linkedin.com\/company\/watson-di-primio-steel-wds-investment-management-ltd-\" \/>\n<meta property=\"article:modified_time\" content=\"2026-01-16T15:49:17+00:00\" \/>\n<meta name=\"twitter:card\" content=\"summary_large_image\" \/>\n<meta name=\"twitter:site\" content=\"@wdsinvest\" \/>\n<meta name=\"twitter:label1\" content=\"Dur\u00e9e de lecture estim\u00e9e\" \/>\n\t<meta name=\"twitter:data1\" content=\"2 minutes\" \/>\n<script type=\"application\/ld+json\" class=\"yoast-schema-graph\">{\"@context\":\"https:\\\/\\\/schema.org\",\"@graph\":[{\"@type\":\"WebPage\",\"@id\":\"https:\\\/\\\/wdsinvest.com\\\/wds-resources\\\/investment-perspectives\\\/\",\"url\":\"https:\\\/\\\/wdsinvest.com\\\/wds-resources\\\/investment-perspectives\\\/\",\"name\":\"Investment Perspectives - Watson Di Primio Steel (WDS)\",\"isPartOf\":{\"@id\":\"https:\\\/\\\/wdsinvest.com\\\/#website\"},\"datePublished\":\"2015-12-01T21:13:48+00:00\",\"dateModified\":\"2026-01-16T15:49:17+00:00\",\"description\":\"WDS Investment Perspectives, a publication of information, reflections and views about the economic environment, trends and the investment climate\",\"breadcrumb\":{\"@id\":\"https:\\\/\\\/wdsinvest.com\\\/wds-resources\\\/investment-perspectives\\\/#breadcrumb\"},\"inLanguage\":\"fr-FR\",\"potentialAction\":[{\"@type\":\"ReadAction\",\"target\":[\"https:\\\/\\\/wdsinvest.com\\\/wds-resources\\\/investment-perspectives\\\/\"]}]},{\"@type\":\"BreadcrumbList\",\"@id\":\"https:\\\/\\\/wdsinvest.com\\\/wds-resources\\\/investment-perspectives\\\/#breadcrumb\",\"itemListElement\":[{\"@type\":\"ListItem\",\"position\":1,\"name\":\"Home\",\"item\":\"https:\\\/\\\/wdsinvest.com\\\/\"},{\"@type\":\"ListItem\",\"position\":2,\"name\":\"Resources\",\"item\":\"https:\\\/\\\/wdsinvest.com\\\/wds-resources\\\/\"},{\"@type\":\"ListItem\",\"position\":3,\"name\":\"Investment Perspectives\"}]},{\"@type\":\"WebSite\",\"@id\":\"https:\\\/\\\/wdsinvest.com\\\/#website\",\"url\":\"https:\\\/\\\/wdsinvest.com\\\/\",\"name\":\"Watson Di Primio Steel (WDS)\",\"description\":\"\",\"publisher\":{\"@id\":\"https:\\\/\\\/wdsinvest.com\\\/#organization\"},\"potentialAction\":[{\"@type\":\"SearchAction\",\"target\":{\"@type\":\"EntryPoint\",\"urlTemplate\":\"https:\\\/\\\/wdsinvest.com\\\/?s={search_term_string}\"},\"query-input\":{\"@type\":\"PropertyValueSpecification\",\"valueRequired\":true,\"valueName\":\"search_term_string\"}}],\"inLanguage\":\"fr-FR\"},{\"@type\":\"Organization\",\"@id\":\"https:\\\/\\\/wdsinvest.com\\\/#organization\",\"name\":\"WDS - Ottawa Wealth Management\",\"url\":\"https:\\\/\\\/wdsinvest.com\\\/\",\"logo\":{\"@type\":\"ImageObject\",\"inLanguage\":\"fr-FR\",\"@id\":\"https:\\\/\\\/wdsinvest.com\\\/#\\\/schema\\\/logo\\\/image\\\/\",\"url\":\"https:\\\/\\\/wdsinvest.com\\\/wp-content\\\/uploads\\\/2016\\\/01\\\/favicon.png\",\"contentUrl\":\"https:\\\/\\\/wdsinvest.com\\\/wp-content\\\/uploads\\\/2016\\\/01\\\/favicon.png\",\"width\":32,\"height\":32,\"caption\":\"WDS - Ottawa Wealth Management\"},\"image\":{\"@id\":\"https:\\\/\\\/wdsinvest.com\\\/#\\\/schema\\\/logo\\\/image\\\/\"},\"sameAs\":[\"https:\\\/\\\/www.linkedin.com\\\/company\\\/watson-di-primio-steel-wds-investment-management-ltd-\",\"https:\\\/\\\/x.com\\\/wdsinvest\"]}]}<\/script>\n<!-- \/ Yoast SEO plugin. -->","yoast_head_json":{"title":"Investment Perspectives - Watson Di Primio Steel (WDS)","description":"WDS Investment Perspectives, a publication of information, reflections and views about the economic environment, trends and the investment climate","robots":{"index":"index","follow":"follow","max-snippet":"max-snippet:-1","max-image-preview":"max-image-preview:large","max-video-preview":"max-video-preview:-1"},"canonical":"https:\/\/wdsinvest.com\/fr\/wds-resources\/investment-perspectives\/","og_locale":"fr_FR","og_type":"article","og_title":"Investment Perspectives - Watson Di Primio Steel (WDS)","og_description":"WDS Investment Perspectives, a publication of information, reflections and views about the economic environment, trends and the investment climate","og_url":"https:\/\/wdsinvest.com\/fr\/wds-resources\/investment-perspectives\/","og_site_name":"Watson Di Primio Steel (WDS)","article_publisher":"https:\/\/www.linkedin.com\/company\/watson-di-primio-steel-wds-investment-management-ltd-","article_modified_time":"2026-01-16T15:49:17+00:00","twitter_card":"summary_large_image","twitter_site":"@wdsinvest","twitter_misc":{"Dur\u00e9e de lecture estim\u00e9e":"2 minutes"},"schema":{"@context":"https:\/\/schema.org","@graph":[{"@type":"WebPage","@id":"https:\/\/wdsinvest.com\/wds-resources\/investment-perspectives\/","url":"https:\/\/wdsinvest.com\/wds-resources\/investment-perspectives\/","name":"Investment Perspectives - Watson Di Primio Steel (WDS)","isPartOf":{"@id":"https:\/\/wdsinvest.com\/#website"},"datePublished":"2015-12-01T21:13:48+00:00","dateModified":"2026-01-16T15:49:17+00:00","description":"WDS Investment Perspectives, a publication of information, reflections and views about the economic environment, trends and the investment climate","breadcrumb":{"@id":"https:\/\/wdsinvest.com\/wds-resources\/investment-perspectives\/#breadcrumb"},"inLanguage":"fr-FR","potentialAction":[{"@type":"ReadAction","target":["https:\/\/wdsinvest.com\/wds-resources\/investment-perspectives\/"]}]},{"@type":"BreadcrumbList","@id":"https:\/\/wdsinvest.com\/wds-resources\/investment-perspectives\/#breadcrumb","itemListElement":[{"@type":"ListItem","position":1,"name":"Home","item":"https:\/\/wdsinvest.com\/"},{"@type":"ListItem","position":2,"name":"Resources","item":"https:\/\/wdsinvest.com\/wds-resources\/"},{"@type":"ListItem","position":3,"name":"Investment Perspectives"}]},{"@type":"WebSite","@id":"https:\/\/wdsinvest.com\/#website","url":"https:\/\/wdsinvest.com\/","name":"Watson Di Primio Steel (WDS)","description":"","publisher":{"@id":"https:\/\/wdsinvest.com\/#organization"},"potentialAction":[{"@type":"SearchAction","target":{"@type":"EntryPoint","urlTemplate":"https:\/\/wdsinvest.com\/?s={search_term_string}"},"query-input":{"@type":"PropertyValueSpecification","valueRequired":true,"valueName":"search_term_string"}}],"inLanguage":"fr-FR"},{"@type":"Organization","@id":"https:\/\/wdsinvest.com\/#organization","name":"WDS - Ottawa Wealth Management","url":"https:\/\/wdsinvest.com\/","logo":{"@type":"ImageObject","inLanguage":"fr-FR","@id":"https:\/\/wdsinvest.com\/#\/schema\/logo\/image\/","url":"https:\/\/wdsinvest.com\/wp-content\/uploads\/2016\/01\/favicon.png","contentUrl":"https:\/\/wdsinvest.com\/wp-content\/uploads\/2016\/01\/favicon.png","width":32,"height":32,"caption":"WDS - Ottawa Wealth Management"},"image":{"@id":"https:\/\/wdsinvest.com\/#\/schema\/logo\/image\/"},"sameAs":["https:\/\/www.linkedin.com\/company\/watson-di-primio-steel-wds-investment-management-ltd-","https:\/\/x.com\/wdsinvest"]}]}},"_links":{"self":[{"href":"https:\/\/wdsinvest.com\/fr\/wp-json\/wp\/v2\/pages\/271","targetHints":{"allow":["GET"]}}],"collection":[{"href":"https:\/\/wdsinvest.com\/fr\/wp-json\/wp\/v2\/pages"}],"about":[{"href":"https:\/\/wdsinvest.com\/fr\/wp-json\/wp\/v2\/types\/page"}],"author":[{"embeddable":true,"href":"https:\/\/wdsinvest.com\/fr\/wp-json\/wp\/v2\/users\/5"}],"replies":[{"embeddable":true,"href":"https:\/\/wdsinvest.com\/fr\/wp-json\/wp\/v2\/comments?post=271"}],"version-history":[{"count":54,"href":"https:\/\/wdsinvest.com\/fr\/wp-json\/wp\/v2\/pages\/271\/revisions"}],"predecessor-version":[{"id":2115,"href":"https:\/\/wdsinvest.com\/fr\/wp-json\/wp\/v2\/pages\/271\/revisions\/2115"}],"up":[{"embeddable":true,"href":"https:\/\/wdsinvest.com\/fr\/wp-json\/wp\/v2\/pages\/274"}],"wp:attachment":[{"href":"https:\/\/wdsinvest.com\/fr\/wp-json\/wp\/v2\/media?parent=271"}],"curies":[{"name":"wp","href":"https:\/\/api.w.org\/{rel}","templated":true}]}}