{"id":27,"date":"2014-12-02T15:26:54","date_gmt":"2014-12-02T15:26:54","guid":{"rendered":"http:\/\/themes.muffingroup.com\/be\/vision\/?page_id=27"},"modified":"2017-11-03T19:59:19","modified_gmt":"2017-11-03T19:59:19","slug":"solution","status":"publish","type":"page","link":"https:\/\/wdsinvest.com\/fr\/solution\/","title":{"rendered":"Solution"},"content":{"rendered":"<div class=\"wpb-content-wrapper\"><div data-vc-full-width=\"true\" data-vc-full-width-init=\"false\" class=\"vc_row wpb_row vc_row-fluid vc_custom_1450370078286 vc_row-has-fill\"><div class=\"wpb_column vc_column_container vc_col-sm-12\"><div class=\"vc_column-inner\"><div class=\"wpb_wrapper\">\n\t<div class=\"wpb_text_column wpb_content_element vc_custom_1450370118114\" >\n\t\t<div class=\"wpb_wrapper\">\n\t\t\t<h1 class=\"subheader-h1\">Il est essentiel de comprendre les besoins et les objectifs de nos clients pour les aider \u00e0 g\u00e9rer leur patrimoine avec succ\u00e8s. Le processus de WDS permet de cr\u00e9er un portefeuille structur\u00e9 qui r\u00e9pond aux exigences sp\u00e9cifiques de chaque client en mati\u00e8re de rendement et de revenu \u00e0 long terme, tout en respectant leur tol\u00e9rance individuelle au risque.<\/h1>\n\n\t\t<\/div>\n\t<\/div>\n<\/div><\/div><\/div><\/div><div class=\"vc_row-full-width vc_clearfix\"><\/div><div class=\"vc_row wpb_row vc_row-fluid\"><div class=\"wpb_column vc_column_container vc_col-sm-12\"><div class=\"vc_column-inner\"><div class=\"wpb_wrapper\"><div class=\"vc_empty_space\"   style=\"height: 40px\"><span class=\"vc_empty_space_inner\"><\/span><\/div><\/div><\/div><\/div><\/div><div class=\"vc_row wpb_row vc_row-fluid\"><div class=\"wpb_column vc_column_container vc_col-sm-8\"><div class=\"vc_column-inner\"><div class=\"wpb_wrapper\">\n\t<div class=\"wpb_raw_code wpb_raw_html wpb_content_element\" >\n\t\t<div class=\"wpb_wrapper\">\n\t\t\t<h3>\u00c9TAPE 1. Compl\u00e9tez le profil financier du client<\/h3>\n<p>WDS m\u00e8ne un processus consultatif pour identifier les besoins et les objectifs de nos clients, qu\u2019ils soient pratiques, comme payer les \u00e9tudes d\u2019un enfant ou \u00e9pargner pour la retraite, ou ambitieux, comme acheter un yacht ou planifier un tour du monde. <\/p>\n\n<p>Nous commen\u00e7ons par recueillir quelques donn\u00e9es de base telles que votre \u00e2ge, votre \u00e9tat civil, vos revenus d\u2019emploi et votre patrimoine net. Nous vous interrogeons sur vos actifs cach\u00e9s, comme les r\u00e9gimes de retraite parrain\u00e9s par l\u2019employeur qui peuvent am\u00e9liorer votre capacit\u00e9 financi\u00e8re.<\/p>\n<br\/>\n<h3>\u00c9TAPE 2. \u00c9tablir un profil de risque client<\/h3>\n<p>Nous vous demandons ensuite de <a href=\"http:\/\/wdsinvest.com\/fr\/solution\/get-a-personal-financial-risk-tolerance-report\/\">remplir un questionnaire<\/a> sur votre tol\u00e9rance au risque qui clarifie et cible vos pr\u00e9f\u00e9rences en mati\u00e8re de risque. Cela nous permet de nous assurer que la r\u00e9partition des actifs de votre portefeuille refl\u00e8te le type et le niveau de risque d\u2019investissement qui vous conviennent, \u00e0 vous seul.<\/p>\n\n<p>Nous pensons que le risque ne se limite pas \u00e0 la volatilit\u00e9 des prix. Les cours des actions \u00e9voluent quotidiennement, en hausse, en baisse et en reprise, au gr\u00e9 des fluctuations des informations et des conditions. N\u00e9anmoins, le test ultime de la tol\u00e9rance individuelle au risque est la capacit\u00e9 d'un investisseur \u00e0 \u00e9viter de vendre ses actifs face \u00e0 une baisse grave du march\u00e9.<\/p>\n<br\/>\n<h3>\u00c9TAPE 3. Tenez compte des \u00e9ventuelles contraintes uniques<\/h3>\n<p>Les caract\u00e9ristiques finales de l\u2019\u00e9valuation sont l\u2019horizon temporel de l\u2019individu, ses besoins en revenus, ses besoins en liquidit\u00e9s, ses questions fiscales et ses circonstances juridiques, successorales ou particuli\u00e8res. Nous comprendrons mieux vos besoins personnels et le degr\u00e9 de flexibilit\u00e9 n\u00e9cessaire \u00e0 votre portefeuille.<\/p>\n\t\t<\/div>\n\t<\/div>\n<\/div><\/div><\/div><div class=\"wpb_column vc_column_container vc_col-sm-4\"><div class=\"vc_column-inner\"><div class=\"wpb_wrapper\">\n\t<div  class=\"wpb_single_image wpb_content_element vc_align_center wpb_content_element\">\n\t\t\n\t\t<figure class=\"wpb_wrapper vc_figure\">\n\t\t\t<div class=\"vc_single_image-wrapper   vc_box_border_grey\"><img loading=\"lazy\" decoding=\"async\" width=\"300\" height=\"298\" src=\"https:\/\/wdsinvest.com\/wp-content\/uploads\/2014\/12\/process-graphic-2017-300x298.png\" class=\"vc_single_image-img attachment-medium\" alt=\"\" title=\"process-graphic-2017\" srcset=\"https:\/\/wdsinvest.com\/wp-content\/uploads\/2014\/12\/process-graphic-2017-300x298.png 300w, https:\/\/wdsinvest.com\/wp-content\/uploads\/2014\/12\/process-graphic-2017-150x150.png 150w, https:\/\/wdsinvest.com\/wp-content\/uploads\/2014\/12\/process-graphic-2017-147x146.png 147w, https:\/\/wdsinvest.com\/wp-content\/uploads\/2014\/12\/process-graphic-2017-50x50.png 50w, https:\/\/wdsinvest.com\/wp-content\/uploads\/2014\/12\/process-graphic-2017-76x75.png 76w, https:\/\/wdsinvest.com\/wp-content\/uploads\/2014\/12\/process-graphic-2017-85x85.png 85w, https:\/\/wdsinvest.com\/wp-content\/uploads\/2014\/12\/process-graphic-2017-80x80.png 80w, https:\/\/wdsinvest.com\/wp-content\/uploads\/2014\/12\/process-graphic-2017.png 500w\" sizes=\"auto, (max-width: 300px) 100vw, 300px\" \/><\/div>\n\t\t<\/figure>\n\t<\/div>\n\n\t<div  class=\"wpb_single_image wpb_content_element vc_align_center wpb_content_element\">\n\t\t\n\t\t<figure class=\"wpb_wrapper vc_figure\">\n\t\t\t<a href=\"http:\/\/www.wdsinvest.com\/PDFs\/WDS-Corporate-Brochure-2017.pdf\" target=\"_blank\" class=\"vc_single_image-wrapper   vc_box_border_grey\"><img decoding=\"async\" class=\"vc_single_image-img\" src=\"https:\/\/wdsinvest.com\/wp-content\/uploads\/2014\/12\/WDS-Select-the-Right-Brochure-FINAL-2015-1-300x438.png\" width=\"300\" height=\"438\" alt=\"WDS-Select-the-Right-Brochure-FINAL-2015-1-300x438\" title=\"WDS-Select-the-Right-Brochure-FINAL-2015-1-300x438\" loading=\"lazy\" \/><\/a>\n\t\t<\/figure>\n\t<\/div>\n<div class=\"vc_btn3-container vc_btn3-center vc_custom_1509739156753 vc_do_btn\" ><a class=\"vc_general vc_btn3 vc_btn3-size-md vc_btn3-shape-rounded vc_btn3-style-modern vc_btn3-color-primary\" href=\"http:\/\/www.wdsinvest.com\/PDFs\/WDS-Corporate-Brochure-2017.pdf\" title=\"\" target=\"_blank\">Lire la brochure<\/a><\/div><\/div><\/div><\/div><\/div><div class=\"vc_row wpb_row vc_row-fluid\"><div class=\"wpb_column vc_column_container vc_col-sm-12\"><div class=\"vc_column-inner\"><div class=\"wpb_wrapper\"><div class=\"vc_empty_space\"   style=\"height: 40px\"><span class=\"vc_empty_space_inner\"><\/span><\/div><\/div><\/div><\/div><\/div>\n<\/div>","protected":false},"excerpt":{"rendered":"Understanding our clients\u2019 needs and goals is central to helping them successfully manage their wealth. WDS\u2019s process builds a structured portfolio that matches each client\u2019s specific requirements for long-term returns and income, while respecting their individual tolerance for risk. STEP 1.\u00a0 Complete a Client Financial Profile WDS leads a consultative<span class=\"excerpt-hellip\"> [\u2026]<\/span>","protected":false},"author":5,"featured_media":0,"parent":0,"menu_order":0,"comment_status":"open","ping_status":"open","template":"","meta":{"footnotes":""},"class_list":["post-27","page","type-page","status-publish","hentry"],"yoast_head":"<!-- This site is optimized with the Yoast SEO plugin v27.3 - https:\/\/yoast.com\/product\/yoast-seo-wordpress\/ -->\n<title>Solution - Watson Di Primio Steel (WDS)<\/title>\n<meta name=\"robots\" content=\"index, follow, max-snippet:-1, max-image-preview:large, max-video-preview:-1\" \/>\n<link rel=\"canonical\" href=\"https:\/\/wdsinvest.com\/fr\/solution\/\" \/>\n<meta property=\"og:locale\" content=\"fr_FR\" \/>\n<meta property=\"og:type\" content=\"article\" \/>\n<meta property=\"og:title\" content=\"Solution - Watson Di Primio Steel (WDS)\" \/>\n<meta property=\"og:url\" content=\"https:\/\/wdsinvest.com\/fr\/solution\/\" \/>\n<meta property=\"og:site_name\" content=\"Watson Di Primio Steel (WDS)\" \/>\n<meta property=\"article:publisher\" content=\"https:\/\/www.linkedin.com\/company\/watson-di-primio-steel-wds-investment-management-ltd-\" \/>\n<meta property=\"article:modified_time\" content=\"2017-11-03T19:59:19+00:00\" \/>\n<meta name=\"twitter:card\" content=\"summary_large_image\" \/>\n<meta name=\"twitter:site\" content=\"@wdsinvest\" \/>\n<meta name=\"twitter:label1\" content=\"Dur\u00e9e de lecture estim\u00e9e\" \/>\n\t<meta name=\"twitter:data1\" content=\"2 minutes\" \/>\n<script type=\"application\/ld+json\" class=\"yoast-schema-graph\">{\"@context\":\"https:\\\/\\\/schema.org\",\"@graph\":[{\"@type\":\"WebPage\",\"@id\":\"https:\\\/\\\/wdsinvest.com\\\/solution\\\/\",\"url\":\"https:\\\/\\\/wdsinvest.com\\\/solution\\\/\",\"name\":\"Solution - Watson Di Primio Steel (WDS)\",\"isPartOf\":{\"@id\":\"https:\\\/\\\/wdsinvest.com\\\/#website\"},\"datePublished\":\"2014-12-02T15:26:54+00:00\",\"dateModified\":\"2017-11-03T19:59:19+00:00\",\"breadcrumb\":{\"@id\":\"https:\\\/\\\/wdsinvest.com\\\/solution\\\/#breadcrumb\"},\"inLanguage\":\"fr-FR\",\"potentialAction\":[{\"@type\":\"ReadAction\",\"target\":[\"https:\\\/\\\/wdsinvest.com\\\/solution\\\/\"]}]},{\"@type\":\"BreadcrumbList\",\"@id\":\"https:\\\/\\\/wdsinvest.com\\\/solution\\\/#breadcrumb\",\"itemListElement\":[{\"@type\":\"ListItem\",\"position\":1,\"name\":\"Home\",\"item\":\"https:\\\/\\\/wdsinvest.com\\\/\"},{\"@type\":\"ListItem\",\"position\":2,\"name\":\"Solution\"}]},{\"@type\":\"WebSite\",\"@id\":\"https:\\\/\\\/wdsinvest.com\\\/#website\",\"url\":\"https:\\\/\\\/wdsinvest.com\\\/\",\"name\":\"Watson Di Primio Steel (WDS)\",\"description\":\"\",\"publisher\":{\"@id\":\"https:\\\/\\\/wdsinvest.com\\\/#organization\"},\"potentialAction\":[{\"@type\":\"SearchAction\",\"target\":{\"@type\":\"EntryPoint\",\"urlTemplate\":\"https:\\\/\\\/wdsinvest.com\\\/?s={search_term_string}\"},\"query-input\":{\"@type\":\"PropertyValueSpecification\",\"valueRequired\":true,\"valueName\":\"search_term_string\"}}],\"inLanguage\":\"fr-FR\"},{\"@type\":\"Organization\",\"@id\":\"https:\\\/\\\/wdsinvest.com\\\/#organization\",\"name\":\"WDS - Ottawa Wealth Management\",\"url\":\"https:\\\/\\\/wdsinvest.com\\\/\",\"logo\":{\"@type\":\"ImageObject\",\"inLanguage\":\"fr-FR\",\"@id\":\"https:\\\/\\\/wdsinvest.com\\\/#\\\/schema\\\/logo\\\/image\\\/\",\"url\":\"https:\\\/\\\/wdsinvest.com\\\/wp-content\\\/uploads\\\/2016\\\/01\\\/favicon.png\",\"contentUrl\":\"https:\\\/\\\/wdsinvest.com\\\/wp-content\\\/uploads\\\/2016\\\/01\\\/favicon.png\",\"width\":32,\"height\":32,\"caption\":\"WDS - Ottawa Wealth Management\"},\"image\":{\"@id\":\"https:\\\/\\\/wdsinvest.com\\\/#\\\/schema\\\/logo\\\/image\\\/\"},\"sameAs\":[\"https:\\\/\\\/www.linkedin.com\\\/company\\\/watson-di-primio-steel-wds-investment-management-ltd-\",\"https:\\\/\\\/x.com\\\/wdsinvest\"]}]}<\/script>\n<!-- \/ Yoast SEO plugin. -->","yoast_head_json":{"title":"Solution - Watson Di Primio Steel (WDS)","robots":{"index":"index","follow":"follow","max-snippet":"max-snippet:-1","max-image-preview":"max-image-preview:large","max-video-preview":"max-video-preview:-1"},"canonical":"https:\/\/wdsinvest.com\/fr\/solution\/","og_locale":"fr_FR","og_type":"article","og_title":"Solution - Watson Di Primio Steel (WDS)","og_url":"https:\/\/wdsinvest.com\/fr\/solution\/","og_site_name":"Watson Di Primio Steel (WDS)","article_publisher":"https:\/\/www.linkedin.com\/company\/watson-di-primio-steel-wds-investment-management-ltd-","article_modified_time":"2017-11-03T19:59:19+00:00","twitter_card":"summary_large_image","twitter_site":"@wdsinvest","twitter_misc":{"Dur\u00e9e de lecture estim\u00e9e":"2 minutes"},"schema":{"@context":"https:\/\/schema.org","@graph":[{"@type":"WebPage","@id":"https:\/\/wdsinvest.com\/solution\/","url":"https:\/\/wdsinvest.com\/solution\/","name":"Solution - Watson Di Primio Steel (WDS)","isPartOf":{"@id":"https:\/\/wdsinvest.com\/#website"},"datePublished":"2014-12-02T15:26:54+00:00","dateModified":"2017-11-03T19:59:19+00:00","breadcrumb":{"@id":"https:\/\/wdsinvest.com\/solution\/#breadcrumb"},"inLanguage":"fr-FR","potentialAction":[{"@type":"ReadAction","target":["https:\/\/wdsinvest.com\/solution\/"]}]},{"@type":"BreadcrumbList","@id":"https:\/\/wdsinvest.com\/solution\/#breadcrumb","itemListElement":[{"@type":"ListItem","position":1,"name":"Home","item":"https:\/\/wdsinvest.com\/"},{"@type":"ListItem","position":2,"name":"Solution"}]},{"@type":"WebSite","@id":"https:\/\/wdsinvest.com\/#website","url":"https:\/\/wdsinvest.com\/","name":"Watson Di Primio Steel (WDS)","description":"","publisher":{"@id":"https:\/\/wdsinvest.com\/#organization"},"potentialAction":[{"@type":"SearchAction","target":{"@type":"EntryPoint","urlTemplate":"https:\/\/wdsinvest.com\/?s={search_term_string}"},"query-input":{"@type":"PropertyValueSpecification","valueRequired":true,"valueName":"search_term_string"}}],"inLanguage":"fr-FR"},{"@type":"Organization","@id":"https:\/\/wdsinvest.com\/#organization","name":"WDS - Ottawa Wealth Management","url":"https:\/\/wdsinvest.com\/","logo":{"@type":"ImageObject","inLanguage":"fr-FR","@id":"https:\/\/wdsinvest.com\/#\/schema\/logo\/image\/","url":"https:\/\/wdsinvest.com\/wp-content\/uploads\/2016\/01\/favicon.png","contentUrl":"https:\/\/wdsinvest.com\/wp-content\/uploads\/2016\/01\/favicon.png","width":32,"height":32,"caption":"WDS - Ottawa Wealth Management"},"image":{"@id":"https:\/\/wdsinvest.com\/#\/schema\/logo\/image\/"},"sameAs":["https:\/\/www.linkedin.com\/company\/watson-di-primio-steel-wds-investment-management-ltd-","https:\/\/x.com\/wdsinvest"]}]}},"_links":{"self":[{"href":"https:\/\/wdsinvest.com\/fr\/wp-json\/wp\/v2\/pages\/27","targetHints":{"allow":["GET"]}}],"collection":[{"href":"https:\/\/wdsinvest.com\/fr\/wp-json\/wp\/v2\/pages"}],"about":[{"href":"https:\/\/wdsinvest.com\/fr\/wp-json\/wp\/v2\/types\/page"}],"author":[{"embeddable":true,"href":"https:\/\/wdsinvest.com\/fr\/wp-json\/wp\/v2\/users\/5"}],"replies":[{"embeddable":true,"href":"https:\/\/wdsinvest.com\/fr\/wp-json\/wp\/v2\/comments?post=27"}],"version-history":[{"count":26,"href":"https:\/\/wdsinvest.com\/fr\/wp-json\/wp\/v2\/pages\/27\/revisions"}],"predecessor-version":[{"id":1903,"href":"https:\/\/wdsinvest.com\/fr\/wp-json\/wp\/v2\/pages\/27\/revisions\/1903"}],"wp:attachment":[{"href":"https:\/\/wdsinvest.com\/fr\/wp-json\/wp\/v2\/media?parent=27"}],"curies":[{"name":"wp","href":"https:\/\/api.w.org\/{rel}","templated":true}]}}