{"id":264,"date":"2015-12-01T20:41:12","date_gmt":"2015-12-01T20:41:12","guid":{"rendered":"http:\/\/wdsinvest.com\/?page_id=264"},"modified":"2017-01-23T21:21:43","modified_gmt":"2017-01-23T21:21:43","slug":"glossary","status":"publish","type":"page","link":"https:\/\/wdsinvest.com\/fr\/wds-resources\/glossary\/","title":{"rendered":"Glossaire"},"content":{"rendered":"<div class=\"wpb-content-wrapper\"><div data-vc-full-width=\"true\" data-vc-full-width-init=\"false\" class=\"vc_row wpb_row vc_row-fluid vc_custom_1449170611971 vc_row-has-fill\"><div class=\"wpb_column vc_column_container vc_col-sm-12\"><div class=\"vc_column-inner\"><div class=\"wpb_wrapper\">\n\t<div class=\"wpb_text_column wpb_content_element vc_custom_1449170564628\" >\n\t\t<div class=\"wpb_wrapper\">\n\t\t\t<h1 class=\"subheader-h1\">Si certains termes ne vous sont pas familiers, cette page de glossaire vous sera utile.<\/h1>\n\n\t\t<\/div>\n\t<\/div>\n<\/div><\/div><\/div><\/div><div class=\"vc_row-full-width vc_clearfix\"><\/div><div class=\"vc_row wpb_row vc_row-fluid\"><div class=\"wpb_column vc_column_container vc_col-sm-9\"><div class=\"vc_column-inner\"><div class=\"wpb_wrapper\"><div class=\"vc_empty_space\"   style=\"height: 40px\"><span class=\"vc_empty_space_inner\"><\/span><\/div><div class=\"vc_row wpb_row vc_inner vc_row-fluid\"><div class=\"wpb_column vc_column_container vc_col-sm-12\"><div class=\"vc_column-inner\"><div class=\"wpb_wrapper\">\n\t<div class=\"wpb_raw_code wpb_raw_html wpb_content_element\" >\n\t\t<div class=\"wpb_wrapper\">\n\t\t\t<h4 id=\"asset-allocation\">R\u00e9partition de l'actif<\/h4>\n<p>L'allocation d'actifs est une strat\u00e9gie d'investissement qui vise \u00e0 \u00e9quilibrer le risque et la r\u00e9compense pour un investisseur. Ceci est accompli en r\u00e9partissant les actifs d\u2019un portefeuille en fonction des objectifs de l\u2019individu, de sa tol\u00e9rance au risque et de son horizon temporel d\u2019investissement.<\/p>\n<br\/>\n<hr class=\"glossary-hr\" \/>\n&nbsp;\n<h4 id=\"business-risk\">Risque commercial<\/h4>\n<p>\u00c9v\u00e9nements qui affectent uniquement une entreprise ou un secteur sp\u00e9cifique, comme la mar\u00e9e noire de BP dans le golfe du Mexique. L'impact n\u00e9gatif sur ses revenus ou ses d\u00e9penses d'exploitation peut entra\u00eener une baisse de la valeur des actions de la soci\u00e9t\u00e9.<\/p>\n<br\/>\n<hr class=\"glossary-hr\" \/>\n&nbsp;\n<h4 id=\"canadian-investment-manager\">Gestionnaire de placements canadien<\/h4>\n<p>Le titre de Gestionnaire de placements canadien s'obtient dans le cadre d'un volet de formation de l'Institut canadien des valeurs mobili\u00e8res. Le GPC qualifie une personne pour obtenir une licence en gestion discr\u00e9tionnaire de portefeuille au Canada.<\/p>\n<br\/>\n<hr class=\"glossary-hr\" \/>\n<br\/>\n<h4>Certified Financial Planner<\/h4>\n<p>Le Conseil des normes de planification financi\u00e8re \u00e9labore, promeut et applique des normes professionnelles en mati\u00e8re de planification financi\u00e8re. Un professionnel de Certified Financial Planner (CFP) r\u00e9pond aux normes internationalement reconnues en mati\u00e8re de connaissances, de comp\u00e9tences et d\u2019\u00e9thique.<\/p>\n<br\/>\n<hr class=\"glossary-hr\" \/>\n&nbsp;\n<h4 id=\"cfa-chartholder\">CFA Charterholder<\/h4>\n<p>Ce dipl\u00f4me est largement consid\u00e9r\u00e9 dans le secteur financier mondial pour son accent rigoureux sur les connaissances actuelles en mati\u00e8re d'investissement, ses comp\u00e9tences analytiques et ses normes \u00e9thiques. Le titre CFA symbolise les connaissances, la discipline et l\u2019int\u00e9grit\u00e9 que vous devez attendre d\u2019un gestionnaire de portefeuille.<\/p>\n<br\/>\n<hr class=\"glossary-hr\" \/>\n&nbsp;\n<h4>Chartered Professional Accountant<\/h4>\n<p>Le titre de comptable professionnel agr\u00e9\u00e9 (CPA) est d\u00e9cern\u00e9 aux professionnels comptables au Canada apr\u00e8s une \u00e9tude rigoureuse, un examen et une exp\u00e9rience pratique.  Le r\u00f4le d\u2019un CPA est consid\u00e9r\u00e9 comme celui d\u2019un professionnel de confiance, reconnu pour sa comp\u00e9tence technique, son int\u00e9grit\u00e9, son objectivit\u00e9 et son engagement envers l\u2019int\u00e9r\u00eat public.<\/p>\n<br\/>\n<hr class=\"glossary-hr\" \/>\n\n&nbsp;\n<h4 id=\"currancy-risk\">Risque de change<\/h4>\n<p>Le risque de change d\u00e9coule de la variation du prix d\u2019une devise par rapport \u00e0 une autre.<\/p>\n<br\/>\n<hr class=\"glossary-hr\" \/>\n\n&nbsp;\n<h4 id=\"discretionary-portfolio\">Gestion discr\u00e9tionnaire de portefeuille<\/h4>\n<p>Un gestionnaire de portefeuille discr\u00e9tionnaire g\u00e8re de mani\u00e8re ind\u00e9pendante les fonds de chaque client en fonction des besoins du client.<\/p>\n<br\/>\n<hr class=\"glossary-hr\" \/>\n\n&nbsp;\n<h4 id=\"economic-cycle\">Cycle \u00e9conomique<\/h4>\n<p>Le cycle \u00e9conomique est la p\u00e9riode pendant laquelle l\u2019\u00e9conomie d\u2019un pays passe de l\u2019expansion \u00e0 la contraction et vice-versa. Le cycle \u00e9conomique est influenc\u00e9 par de nombreuses forces, notamment : l'inflation, les taux d'int\u00e9r\u00eat, la politique budg\u00e9taire et mon\u00e9taire et les \u00e9v\u00e9nements naturels.<\/p>\n<br\/>\n<hr class=\"glossary-hr\" \/>\n\n&nbsp;\n<h4 id=\"economic-risk\">Risque \u00e9conomique<\/h4>\n<p>Lorsque l\u2019\u00e9conomie dans son ensemble conna\u00eet un ralentissement (ou une r\u00e9cession), les capacit\u00e9s b\u00e9n\u00e9ficiaires de la plupart des entreprises sont, au moins temporairement, affect\u00e9es. Une baisse des b\u00e9n\u00e9fices futurs anticip\u00e9s fait g\u00e9n\u00e9ralement baisser les cours des actions.<\/p>\n<br\/>\n<hr class=\"glossary-hr\" \/>\n\n&nbsp;\n<h4 id=\"financial-risk\">Risque financier<\/h4>\n<p>Le risque financier correspond au dollar ou au pourcentage de baisse de valeur qu'un investisseur peut accepter, compte tenu de son besoin de pr\u00e9servation du capital, de ses revenus et de son niveau global de richesse.<\/p>\n<br\/>\n<hr class=\"glossary-hr\" \/>\n\n&nbsp;\n<h4 id=\"inflation-risk\">Risque d'inflation<\/h4>\n<p>La possibilit\u00e9 que les rendements des investissements ne suivent pas le rythme de l\u2019inflation au fil du temps et \u00e9rodent par cons\u00e9quent le pouvoir d\u2019achat de l\u2019investisseur.<\/p>\n<br\/>\n<hr class=\"glossary-hr\" \/>\n\n&nbsp;\n<h4 id=\"interest-rate-risk\">Risque de taux d'int\u00e9r\u00eat<\/h4>\n<p>Les investissements \u00e0 revenu fixe n\u00e9gociables, comme les obligations, sont sensibles aux variations des taux d\u2019int\u00e9r\u00eat. Les prix des obligations s\u2019ajustent dans le sens oppos\u00e9 aux mouvements des taux d\u2019int\u00e9r\u00eat.<\/p>\n<br\/>\n<hr class=\"glossary-hr\" \/>\n\n&nbsp;\n<h4 id=\"intrinsic-value\">Valeur intrins\u00e8que<\/h4>\n<p>La valeur intrins\u00e8que est ce que vaut r\u00e9ellement une entreprise, par opposition \u00e0 ce que les investisseurs sont actuellement pr\u00eats \u00e0 payer pour les actions de l\u2019entreprise, c\u2019est-\u00e0-dire le prix du march\u00e9.<\/p>\n<br\/>\n<hr class=\"glossary-hr\" \/>\n\n&nbsp;\n<h4 id=\"investment-management\">Gestion des investissements<\/h4>\n<p>La gestion des investissements fait r\u00e9f\u00e9rence \u00e0 la gestion de portefeuille et \u00e0 la n\u00e9gociation de titres pour atteindre un objectif d'investissement sp\u00e9cifique. Il fait \u00e9galement g\u00e9n\u00e9ralement r\u00e9f\u00e9rence \u00e0 l\u2019achat et \u00e0 la vente de titres au sein d\u2019un portefeuille.<\/p>\n<br\/>\n<hr class=\"glossary-hr\" \/>\n\n&nbsp;\n<h4 id=\"investment-policy-statement\">D\u00e9claration de politique d'investissement<\/h4>\n<p>Un gestionnaire de portefeuille \u00e9labore un accord \u00e9crit (g\u00e9n\u00e9ralement connu sous le nom d'\u00e9nonc\u00e9 de politique d'investissement ou IPS) qui prend en compte vos besoins sp\u00e9cifiques. Votre IPS est la base sur laquelle votre gestionnaire de portefeuille s\u00e9lectionne une combinaison appropri\u00e9e d'investissements et apporte des ajustements discr\u00e9tionnaires \u00e0 votre portefeuille.<\/p>\n<br\/>\n<hr class=\"glossary-hr\" \/>\n\n&nbsp;\n<h4 id=\"investment-portfolio\">Portefeuille d'investissement<\/h4>\n<p>Ensemble de titres, ou types de v\u00e9hicules d'investissement, con\u00e7us pour r\u00e9partir le risque de pertes possibles dues \u00e0 une performance inf\u00e9rieure aux attentes d'un investissement donn\u00e9. Il comprend g\u00e9n\u00e9ralement des titres, tels que des obligations, des actions \u00e0 revenu, des actions et des fonds communs ou n\u00e9goci\u00e9s en bourse.<\/p>\n<br\/>\n<hr class=\"glossary-hr\" \/>\n\n&nbsp;\n<h4 id=\"investment-risk\">Risque d'investissement<\/h4>\n<p>La possibilit\u00e9 que le retour sur investissement r\u00e9el d\u2019un investisseur soit inf\u00e9rieur aux attentes en raison de l\u2019orientation impr\u00e9visible des march\u00e9s.<\/p>\n<br\/>\n<hr class=\"glossary-hr\" \/>\n\n&nbsp;\n<h4 id=\"liquidity-risk\">Risque de liquidit\u00e9<\/h4>\n<p>La possibilit\u00e9 de pertes r\u00e9sultant de situations dans lesquelles il n\u2019y a pas suffisamment de liquidit\u00e9s pour r\u00e9pondre aux besoins imm\u00e9diats des investisseurs. Les titres dont les prix de march\u00e9 sont intrins\u00e8quement volatils (comme les actions) compromettent la liquidit\u00e9.<\/p>\n<br\/>\n<hr class=\"glossary-hr\" \/>\n\n&nbsp;\n<h4 id=\"longevity-risk\">Risque de long\u00e9vit\u00e9<\/h4>\n<p>Compte tenu de l\u2019incertitude li\u00e9e \u00e0 la dur\u00e9e de vie, le risque de long\u00e9vit\u00e9 est la probabilit\u00e9 qu\u2019un investisseur survive \u00e0 son argent.<\/p>\n<br\/>\n<hr class=\"glossary-hr\" \/>\n\n&nbsp;\n<h4 id=\"management-expense-ratio\">Ratio des frais de gestion<\/h4>\n<p>Le pourcentage de l'actif total du fonds d\u00e9duit de ses rendements chaque ann\u00e9e pour couvrir les frais administratifs, tels que les frais de gestion, les frais de vente, les frais de n\u00e9gociation, les commissions, etc.<\/p>\n<br\/>\n<hr class=\"glossary-hr\" \/>\n<br\/>\n<h4>Frais de gestion<\/h4>\n<p>Les frais de gestion sont un paiement p\u00e9riodique effectu\u00e9 pour les services d'investissement et de gestion de portefeuille.  Les frais couvrent non seulement les services de conseil en investissement, mais \u00e9galement les services administratifs.  Habituellement, les frais sont calcul\u00e9s en pourcentage des actifs sous gestion.<\/p>\n<br\/>\n<hr class=\"glossary-hr\" \/>\n<\/br>\n<h4 id=\"market-cycle\">Cycle de march\u00e9<\/h4>\n<p>Le cycle de march\u00e9 est la p\u00e9riode pendant laquelle les cours des actions augmentent, puis chutent, puis se redressent. Le cycle de march\u00e9 pr\u00e9c\u00e8de g\u00e9n\u00e9ralement le cycle \u00e9conomique concomitant.<\/p>\n<br\/>\n<hr class=\"glossary-hr\" \/>\n\n&nbsp;\n<h4 id=\"market-risk\">Risque de march\u00e9<\/h4>\n<p>La probabilit\u00e9 que la valeur d'un titre diminue en raison de changements dans des facteurs environnementaux : niveaux du cours des actions, taux d'int\u00e9r\u00eat, taux de change ou prix des mati\u00e8res premi\u00e8res. Le risque de march\u00e9 affecte presque tous les types d\u2019investissements, y compris les actions, les obligations et l\u2019immobilier.<\/p>\n<br\/>\n<hr class=\"glossary-hr\" \/>\n\n&nbsp;\n<h4 id=\"marketability-risk\">Risque de commercialisation<\/h4>\n<p>Capacit\u00e9 d\u2019un investisseur \u00e0 convertir facilement un investissement en esp\u00e8ces aux prix du march\u00e9 en vigueur, qui est fonction du volume des \u00e9changes et des \u00e9carts acheteur-vendeur.<\/p>\n<br\/>\n<hr class=\"glossary-hr\" \/>\n\n&nbsp;\n<h4 id=\"portfolio-management\">Gestion de portefeuille<\/h4>\n<p>L'art et la science de prendre des d\u00e9cisions concernant la composition et la politique d'investissement, d'adapter les investissements aux objectifs, de r\u00e9partir les actifs des individus et d'\u00e9quilibrer les risques et les performances. La gestion de portefeuille repose sur les forces, les faiblesses, les opportunit\u00e9s et les menaces dans le choix de la dette par rapport aux actions, du national par rapport \u00e0 l'international, de la croissance par rapport \u00e0 la s\u00e9curit\u00e9, et de nombreux autres compromis rencontr\u00e9s dans la tentative de maximiser le rendement avec un app\u00e9tit pour le risque donn\u00e9.<\/p>\n<br\/>\n<hr class=\"glossary-hr\" \/>\n\n&nbsp;\n<h4 id=\"portfolio-manager\">Gestionnaire de portefeuille<\/h4>\n<p>Les gestionnaires de portefeuille sont des entreprises et des personnes qui g\u00e8rent des portefeuilles d'investissement pour le compte de clients priv\u00e9s. Les gestionnaires de portefeuille diff\u00e8rent des gestionnaires de placements de masse ou de d\u00e9tail car ils g\u00e8rent des sommes d'argent plus importantes pour moins de clients.<\/p>\n<br\/>\n<hr class=\"glossary-hr\" \/>\n\n&nbsp;\n<h4 id=\"private-client\">Client\u00e8le priv\u00e9e<\/h4>\n<p>Les clients priv\u00e9s sont des particuliers et des familles qui disposent d'un portefeuille financier important et qui ont besoin d'une expertise et d'un acc\u00e8s \u00e0 des investissements autres que ceux disponibles sur le march\u00e9 de masse. Ces personnes souhaitent obtenir des rendements raisonnables pour le risque qu'elles sont pr\u00eates \u00e0 prendre.<\/p>\n<br\/>\n<hr class=\"glossary-hr\" \/>\n\n&nbsp;\n<h4 id=\"risk-perception\">Perception du risque<\/h4>\n<p>Jugement subjectif port\u00e9 par une personne sur les caract\u00e9ristiques et la gravit\u00e9 d'un risque, c'est-\u00e0-dire la probabilit\u00e9, l'ampleur et le moment de son effet.<\/p>\n<br\/>\n<hr class=\"glossary-hr\" \/>\n\n&nbsp;\n<h4 id=\"risk-reward-relationship\">Relation risque-r\u00e9compense<\/h4>\n<p>Le concept implique que le rendement potentiel augmente avec une augmentation du risque. En cons\u00e9quence, un investisseur doit accepter la possibilit\u00e9 de perte pour obtenir un retour sur investissement plus \u00e9lev\u00e9.<\/p>\n<br\/>\n<hr class=\"glossary-hr\" \/>\n\n&nbsp;\n<h4 id=\"risk-tolerance\">Tol\u00e9rance au risque<\/h4>\n<p>Le degr\u00e9 d'incertitude qu'un investisseur peut g\u00e9rer concernant une variation n\u00e9gative de la valeur d'un portefeuille de placements est la tol\u00e9rance personnelle au risque.<\/p>\n<br\/>\n<hr class=\"glossary-hr\" \/>\n\n&nbsp;\n<h4 id=\"separately-managed-account\">Compte g\u00e9r\u00e9 s\u00e9par\u00e9ment<\/h4>\n<p>Dans un compte g\u00e9r\u00e9 s\u00e9par\u00e9ment, les investissements de chaque client sont compl\u00e8tement s\u00e9par\u00e9s de ceux des autres investisseurs.  Les clients priv\u00e9s disposent ainsi de portefeuilles adapt\u00e9s individuellement \u00e0 leur situation et \u00e0 leurs pr\u00e9f\u00e9rences.<\/p>\n<br\/>\n\n<hr class=\"glossary-hr\" \/>\n\n&nbsp;\n<h4 id=\"trailing-comission\">Commission de suivi<\/h4>\n<p>Une commission de suivi est une somme que vous versez \u00e0 un conseiller chaque ann\u00e9e o\u00f9 vous poss\u00e9dez un produit de placement en gestion commune, comme des fonds communs de placement.  Les frais r\u00e9mun\u00e8rent le conseiller pour les services de conseil financier, comme la gestion active de votre compte et la formulation de suggestions constructives.  Tous les fonds communs de placement ne paient pas de commissions de suivi.<\/p>\n<br\/>\n\n<hr class=\"glossary-hr\" \/>\n\n&nbsp;\n<h4 id=\"valuation-risk\">Risque d'\u00e9valuation<\/h4>\n<p>Le prix d'achat initial pay\u00e9 pour la s\u00e9curit\u00e9 est trop \u00e9lev\u00e9.<\/p>\n<br\/>\n<hr class=\"glossary-hr\" \/>\n&nbsp;\n<h4 id=\"wealth-management\">La gestion de patrimoine<\/h4>\n<p>La gestion de patrimoine est un terme g\u00e9n\u00e9ralement utilis\u00e9 pour d\u00e9crire un service de gestion de portefeuille et de planification d'investissement hautement personnalis\u00e9 et sophistiqu\u00e9 destin\u00e9 aux clients priv\u00e9s. La gestion de patrimoine va au-del\u00e0 de la gestion des investissements pour s\u2019adresser \u00e0 l\u2019ensemble de la situation financi\u00e8re d\u2019un client.<\/p>\n\t\t<\/div>\n\t<\/div>\n<\/div><\/div><\/div><\/div><\/div><\/div><\/div><\/div><div class=\"vc_row wpb_row vc_row-fluid\"><div class=\"wpb_column vc_column_container vc_col-sm-12\"><div class=\"vc_column-inner\"><div class=\"wpb_wrapper\"><div class=\"vc_empty_space\"   style=\"height: 40px\"><span class=\"vc_empty_space_inner\"><\/span><\/div><\/div><\/div><\/div><\/div>\n<\/div>","protected":false},"excerpt":{"rendered":"If you are unfamiliar with any terms, you will find this glossary page useful. Asset Allocation Asset allocation is an investment strategy that aims to balance risk and reward for an investor. This is accomplished by apportioning a portfolio\u2019s assets according to the individual\u2019s goals, risk tolerance and investment time<span class=\"excerpt-hellip\"> [\u2026]<\/span>","protected":false},"author":5,"featured_media":0,"parent":274,"menu_order":0,"comment_status":"open","ping_status":"closed","template":"","meta":{"footnotes":""},"class_list":["post-264","page","type-page","status-publish","hentry"],"yoast_head":"<!-- This site is optimized with the Yoast SEO plugin v27.3 - https:\/\/yoast.com\/product\/yoast-seo-wordpress\/ -->\n<title>Wealth Management and Investment Glossary | WDS<\/title>\n<meta name=\"description\" content=\"You will find this glossary page useful to discover or refresh your memory on the definitions of many investment and wealth management terms.\" \/>\n<meta name=\"robots\" content=\"index, follow, max-snippet:-1, max-image-preview:large, max-video-preview:-1\" \/>\n<link rel=\"canonical\" href=\"https:\/\/wdsinvest.com\/fr\/wds-resources\/glossary\/\" \/>\n<meta property=\"og:locale\" content=\"fr_FR\" \/>\n<meta property=\"og:type\" content=\"article\" \/>\n<meta property=\"og:title\" content=\"Wealth Management and Investment Glossary | WDS\" \/>\n<meta property=\"og:description\" content=\"You will find this glossary page useful to discover or refresh your memory on the definitions of many investment and wealth management terms.\" \/>\n<meta property=\"og:url\" content=\"https:\/\/wdsinvest.com\/fr\/wds-resources\/glossary\/\" \/>\n<meta property=\"og:site_name\" content=\"Watson Di Primio Steel (WDS)\" \/>\n<meta property=\"article:publisher\" content=\"https:\/\/www.linkedin.com\/company\/watson-di-primio-steel-wds-investment-management-ltd-\" \/>\n<meta property=\"article:modified_time\" content=\"2017-01-23T21:21:43+00:00\" \/>\n<meta name=\"twitter:card\" content=\"summary_large_image\" \/>\n<meta name=\"twitter:site\" content=\"@wdsinvest\" \/>\n<meta name=\"twitter:label1\" content=\"Dur\u00e9e de lecture estim\u00e9e\" \/>\n\t<meta name=\"twitter:data1\" content=\"8 minutes\" \/>\n<script type=\"application\/ld+json\" class=\"yoast-schema-graph\">{\"@context\":\"https:\\\/\\\/schema.org\",\"@graph\":[{\"@type\":\"WebPage\",\"@id\":\"https:\\\/\\\/wdsinvest.com\\\/wds-resources\\\/glossary\\\/\",\"url\":\"https:\\\/\\\/wdsinvest.com\\\/wds-resources\\\/glossary\\\/\",\"name\":\"Wealth Management and Investment Glossary | WDS\",\"isPartOf\":{\"@id\":\"https:\\\/\\\/wdsinvest.com\\\/#website\"},\"datePublished\":\"2015-12-01T20:41:12+00:00\",\"dateModified\":\"2017-01-23T21:21:43+00:00\",\"description\":\"You will find this glossary page useful to discover or refresh your memory on the definitions of many investment and wealth management terms.\",\"breadcrumb\":{\"@id\":\"https:\\\/\\\/wdsinvest.com\\\/wds-resources\\\/glossary\\\/#breadcrumb\"},\"inLanguage\":\"fr-FR\",\"potentialAction\":[{\"@type\":\"ReadAction\",\"target\":[\"https:\\\/\\\/wdsinvest.com\\\/wds-resources\\\/glossary\\\/\"]}]},{\"@type\":\"BreadcrumbList\",\"@id\":\"https:\\\/\\\/wdsinvest.com\\\/wds-resources\\\/glossary\\\/#breadcrumb\",\"itemListElement\":[{\"@type\":\"ListItem\",\"position\":1,\"name\":\"Home\",\"item\":\"https:\\\/\\\/wdsinvest.com\\\/\"},{\"@type\":\"ListItem\",\"position\":2,\"name\":\"Resources\",\"item\":\"https:\\\/\\\/wdsinvest.com\\\/wds-resources\\\/\"},{\"@type\":\"ListItem\",\"position\":3,\"name\":\"Glossary\"}]},{\"@type\":\"WebSite\",\"@id\":\"https:\\\/\\\/wdsinvest.com\\\/#website\",\"url\":\"https:\\\/\\\/wdsinvest.com\\\/\",\"name\":\"Watson Di Primio Steel (WDS)\",\"description\":\"\",\"publisher\":{\"@id\":\"https:\\\/\\\/wdsinvest.com\\\/#organization\"},\"potentialAction\":[{\"@type\":\"SearchAction\",\"target\":{\"@type\":\"EntryPoint\",\"urlTemplate\":\"https:\\\/\\\/wdsinvest.com\\\/?s={search_term_string}\"},\"query-input\":{\"@type\":\"PropertyValueSpecification\",\"valueRequired\":true,\"valueName\":\"search_term_string\"}}],\"inLanguage\":\"fr-FR\"},{\"@type\":\"Organization\",\"@id\":\"https:\\\/\\\/wdsinvest.com\\\/#organization\",\"name\":\"WDS - Ottawa Wealth Management\",\"url\":\"https:\\\/\\\/wdsinvest.com\\\/\",\"logo\":{\"@type\":\"ImageObject\",\"inLanguage\":\"fr-FR\",\"@id\":\"https:\\\/\\\/wdsinvest.com\\\/#\\\/schema\\\/logo\\\/image\\\/\",\"url\":\"https:\\\/\\\/wdsinvest.com\\\/wp-content\\\/uploads\\\/2016\\\/01\\\/favicon.png\",\"contentUrl\":\"https:\\\/\\\/wdsinvest.com\\\/wp-content\\\/uploads\\\/2016\\\/01\\\/favicon.png\",\"width\":32,\"height\":32,\"caption\":\"WDS - Ottawa Wealth Management\"},\"image\":{\"@id\":\"https:\\\/\\\/wdsinvest.com\\\/#\\\/schema\\\/logo\\\/image\\\/\"},\"sameAs\":[\"https:\\\/\\\/www.linkedin.com\\\/company\\\/watson-di-primio-steel-wds-investment-management-ltd-\",\"https:\\\/\\\/x.com\\\/wdsinvest\"]}]}<\/script>\n<!-- \/ Yoast SEO plugin. -->","yoast_head_json":{"title":"Wealth Management and Investment Glossary | WDS","description":"You will find this glossary page useful to discover or refresh your memory on the definitions of many investment and wealth management terms.","robots":{"index":"index","follow":"follow","max-snippet":"max-snippet:-1","max-image-preview":"max-image-preview:large","max-video-preview":"max-video-preview:-1"},"canonical":"https:\/\/wdsinvest.com\/fr\/wds-resources\/glossary\/","og_locale":"fr_FR","og_type":"article","og_title":"Wealth Management and Investment Glossary | WDS","og_description":"You will find this glossary page useful to discover or refresh your memory on the definitions of many investment and wealth management terms.","og_url":"https:\/\/wdsinvest.com\/fr\/wds-resources\/glossary\/","og_site_name":"Watson Di Primio Steel (WDS)","article_publisher":"https:\/\/www.linkedin.com\/company\/watson-di-primio-steel-wds-investment-management-ltd-","article_modified_time":"2017-01-23T21:21:43+00:00","twitter_card":"summary_large_image","twitter_site":"@wdsinvest","twitter_misc":{"Dur\u00e9e de lecture estim\u00e9e":"8 minutes"},"schema":{"@context":"https:\/\/schema.org","@graph":[{"@type":"WebPage","@id":"https:\/\/wdsinvest.com\/wds-resources\/glossary\/","url":"https:\/\/wdsinvest.com\/wds-resources\/glossary\/","name":"Wealth Management and Investment Glossary | WDS","isPartOf":{"@id":"https:\/\/wdsinvest.com\/#website"},"datePublished":"2015-12-01T20:41:12+00:00","dateModified":"2017-01-23T21:21:43+00:00","description":"You will find this glossary page useful to discover or refresh your memory on the definitions of many investment and wealth management terms.","breadcrumb":{"@id":"https:\/\/wdsinvest.com\/wds-resources\/glossary\/#breadcrumb"},"inLanguage":"fr-FR","potentialAction":[{"@type":"ReadAction","target":["https:\/\/wdsinvest.com\/wds-resources\/glossary\/"]}]},{"@type":"BreadcrumbList","@id":"https:\/\/wdsinvest.com\/wds-resources\/glossary\/#breadcrumb","itemListElement":[{"@type":"ListItem","position":1,"name":"Home","item":"https:\/\/wdsinvest.com\/"},{"@type":"ListItem","position":2,"name":"Resources","item":"https:\/\/wdsinvest.com\/wds-resources\/"},{"@type":"ListItem","position":3,"name":"Glossary"}]},{"@type":"WebSite","@id":"https:\/\/wdsinvest.com\/#website","url":"https:\/\/wdsinvest.com\/","name":"Watson Di Primio Steel (WDS)","description":"","publisher":{"@id":"https:\/\/wdsinvest.com\/#organization"},"potentialAction":[{"@type":"SearchAction","target":{"@type":"EntryPoint","urlTemplate":"https:\/\/wdsinvest.com\/?s={search_term_string}"},"query-input":{"@type":"PropertyValueSpecification","valueRequired":true,"valueName":"search_term_string"}}],"inLanguage":"fr-FR"},{"@type":"Organization","@id":"https:\/\/wdsinvest.com\/#organization","name":"WDS - Ottawa Wealth Management","url":"https:\/\/wdsinvest.com\/","logo":{"@type":"ImageObject","inLanguage":"fr-FR","@id":"https:\/\/wdsinvest.com\/#\/schema\/logo\/image\/","url":"https:\/\/wdsinvest.com\/wp-content\/uploads\/2016\/01\/favicon.png","contentUrl":"https:\/\/wdsinvest.com\/wp-content\/uploads\/2016\/01\/favicon.png","width":32,"height":32,"caption":"WDS - Ottawa Wealth Management"},"image":{"@id":"https:\/\/wdsinvest.com\/#\/schema\/logo\/image\/"},"sameAs":["https:\/\/www.linkedin.com\/company\/watson-di-primio-steel-wds-investment-management-ltd-","https:\/\/x.com\/wdsinvest"]}]}},"_links":{"self":[{"href":"https:\/\/wdsinvest.com\/fr\/wp-json\/wp\/v2\/pages\/264","targetHints":{"allow":["GET"]}}],"collection":[{"href":"https:\/\/wdsinvest.com\/fr\/wp-json\/wp\/v2\/pages"}],"about":[{"href":"https:\/\/wdsinvest.com\/fr\/wp-json\/wp\/v2\/types\/page"}],"author":[{"embeddable":true,"href":"https:\/\/wdsinvest.com\/fr\/wp-json\/wp\/v2\/users\/5"}],"replies":[{"embeddable":true,"href":"https:\/\/wdsinvest.com\/fr\/wp-json\/wp\/v2\/comments?post=264"}],"version-history":[{"count":19,"href":"https:\/\/wdsinvest.com\/fr\/wp-json\/wp\/v2\/pages\/264\/revisions"}],"predecessor-version":[{"id":1203,"href":"https:\/\/wdsinvest.com\/fr\/wp-json\/wp\/v2\/pages\/264\/revisions\/1203"}],"up":[{"embeddable":true,"href":"https:\/\/wdsinvest.com\/fr\/wp-json\/wp\/v2\/pages\/274"}],"wp:attachment":[{"href":"https:\/\/wdsinvest.com\/fr\/wp-json\/wp\/v2\/media?parent=264"}],"curies":[{"name":"wp","href":"https:\/\/api.w.org\/{rel}","templated":true}]}}