{"id":253,"date":"2015-12-01T19:35:03","date_gmt":"2015-12-01T19:35:03","guid":{"rendered":"http:\/\/wdsinvest.com\/?page_id=253"},"modified":"2017-11-02T19:15:52","modified_gmt":"2017-11-02T19:15:52","slug":"faq","status":"publish","type":"page","link":"https:\/\/wdsinvest.com\/fr\/wds-resources\/faq\/","title":{"rendered":"FAQ"},"content":{"rendered":"<div class=\"wpb-content-wrapper\"><div data-vc-full-width=\"true\" data-vc-full-width-init=\"false\" class=\"vc_row wpb_row vc_row-fluid vc_custom_1449247113528 vc_row-has-fill\"><div class=\"wpb_column vc_column_container vc_col-sm-12\"><div class=\"vc_column-inner\"><div class=\"wpb_wrapper\">\n\t<div class=\"wpb_text_column wpb_content_element vc_custom_1485200087720\" >\n\t\t<div class=\"wpb_wrapper\">\n\t\t\t<h1 class=\"subheader-h1\">Voici une s\u00e9lection de questions fr\u00e9quemment abord\u00e9es lors d\u2019un entretien de profilage client. Si vous ne savez toujours pas \u00e0 quoi vous attendre, envoyez-nous simplement un e-mail pour en savoir plus.<\/h1>\n\n\t\t<\/div>\n\t<\/div>\n<\/div><\/div><\/div><\/div><div class=\"vc_row-full-width vc_clearfix\"><\/div><div class=\"vc_row wpb_row vc_row-fluid\"><div class=\"wpb_column vc_column_container vc_col-sm-9\"><div class=\"vc_column-inner\"><div class=\"wpb_wrapper\"><div class=\"vc_empty_space\"   style=\"height: 40px\"><span class=\"vc_empty_space_inner\"><\/span><\/div><div class=\"vc_tta-container\" data-vc-action=\"collapse\"><div class=\"vc_general vc_tta vc_tta-accordion vc_tta-color-grey vc_tta-style-classic vc_tta-shape-rounded vc_tta-o-shape-group vc_tta-controls-align-default\"><div class=\"vc_tta-panels-container\"><div class=\"vc_tta-panels\"><div class=\"vc_tta-panel vc_active\" id=\"faq-1\" data-vc-content=\".vc_tta-panel-body\"><div class=\"vc_tta-panel-heading\"><h4 class=\"vc_tta-panel-title vc_tta-controls-icon-position-left\"><a href=\"#faq-1\" data-vc-accordion data-vc-container=\".vc_tta-container\"><span class=\"vc_tta-title-text\">1. Vous aider \u00e0 identifier vos objectifs sp\u00e9cifiques pour vos investissements.<\/span><i class=\"vc_tta-controls-icon vc_tta-controls-icon-plus\"><\/i><\/a><\/h4><\/div><div class=\"vc_tta-panel-body\">\n\t<div class=\"wpb_text_column wpb_content_element\" >\n\t\t<div class=\"wpb_wrapper\">\n\t\t\t<p>Une strat\u00e9gie d'investissement commence par l'identification de vos buts et objectifs. Les objectifs peuvent prendre de nombreuses formes : maintenir votre niveau de vie jusqu\u2019\u00e0 la retraite, financer les \u00e9tudes postsecondaires de vos enfants ou laisser un h\u00e9ritage \u00e0 la prochaine g\u00e9n\u00e9ration. Mais ils doivent \u00eatre explicites et hi\u00e9rarchis\u00e9s.<\/p>\n\n\t\t<\/div>\n\t<\/div>\n<\/div><\/div><div class=\"vc_tta-panel\" id=\"faq-2\" data-vc-content=\".vc_tta-panel-body\"><div class=\"vc_tta-panel-heading\"><h4 class=\"vc_tta-panel-title vc_tta-controls-icon-position-left\"><a href=\"#faq-2\" data-vc-accordion data-vc-container=\".vc_tta-container\"><span class=\"vc_tta-title-text\">2. Menez un entretien approfondi pour bien comprendre votre agenda financier.<\/span><i class=\"vc_tta-controls-icon vc_tta-controls-icon-plus\"><\/i><\/a><\/h4><\/div><div class=\"vc_tta-panel-body\">\n\t<div class=\"wpb_text_column wpb_content_element\" >\n\t\t<div class=\"wpb_wrapper\">\n\t\t\t<p>Une bonne gestion des risques exige que vous vous pr\u00e9serviez des risques insoutenables qui pourraient changer votre vie pour toujours, comme une invalidit\u00e9 totale ou un d\u00e9c\u00e8s pr\u00e9matur\u00e9.  Ces \u00ab besoins cach\u00e9s \u00bb sont des \u00e9l\u00e9ments prioritaires qui doivent \u00eatre satisfaits avec les professionnels appropri\u00e9s.<\/p>\n\n\t\t<\/div>\n\t<\/div>\n<\/div><\/div><div class=\"vc_tta-panel\" id=\"faq-3\" data-vc-content=\".vc_tta-panel-body\"><div class=\"vc_tta-panel-heading\"><h4 class=\"vc_tta-panel-title vc_tta-controls-icon-position-left\"><a href=\"#faq-3\" data-vc-accordion data-vc-container=\".vc_tta-container\"><span class=\"vc_tta-title-text\">3. D\u00e9crivez la nature ou les types de comptes qui vous conviennent le mieux.<\/span><i class=\"vc_tta-controls-icon vc_tta-controls-icon-plus\"><\/i><\/a><\/h4><\/div><div class=\"vc_tta-panel-body\">\n\t<div class=\"wpb_text_column wpb_content_element\" >\n\t\t<div class=\"wpb_wrapper\">\n\t\t\t<p>Les clients priv\u00e9s ont besoin d'une gamme compl\u00e8te de types de comptes pour r\u00e9pondre \u00e0 une planification plus complexe : particuliers (enregistr\u00e9s et non enregistr\u00e9s), d'entreprise et de fiducie. Un portefeuille d\u2019investissement distinct \u2013 non m\u00e9lang\u00e9 aux actifs d\u2019autres investisseurs \u2013 offre la possibilit\u00e9 de contr\u00f4ler les transactions et les co\u00fbts.<\/p>\n\n\t\t<\/div>\n\t<\/div>\n<\/div><\/div><div class=\"vc_tta-panel\" id=\"faq-4\" data-vc-content=\".vc_tta-panel-body\"><div class=\"vc_tta-panel-heading\"><h4 class=\"vc_tta-panel-title vc_tta-controls-icon-position-left\"><a href=\"#faq-4\" data-vc-accordion data-vc-container=\".vc_tta-container\"><span class=\"vc_tta-title-text\">4. Vous aider \u00e0 dresser un tableau clair de votre situation financi\u00e8re actuelle.<\/span><i class=\"vc_tta-controls-icon vc_tta-controls-icon-plus\"><\/i><\/a><\/h4><\/div><div class=\"vc_tta-panel-body\">\n\t<div class=\"wpb_text_column wpb_content_element\" >\n\t\t<div class=\"wpb_wrapper\">\n\t\t\t<p>Vous avez besoin d\u2019un cadre pour \u00e9valuer votre situation financi\u00e8re globale.  Un simple relev\u00e9 personnel de la valeur nette \u00e9num\u00e9rera les actifs et les passifs courants. Pour \u00eatre complet, il doit \u00e9galement inclure les actifs implicites, comme la valeur estim\u00e9e de vos futures prestations de retraite. Votre capacit\u00e9 \u00e0 accepter le risque augmente avec votre niveau de richesse.<\/p>\n\n\t\t<\/div>\n\t<\/div>\n<\/div><\/div><div class=\"vc_tta-panel\" id=\"faq-5\" data-vc-content=\".vc_tta-panel-body\"><div class=\"vc_tta-panel-heading\"><h4 class=\"vc_tta-panel-title vc_tta-controls-icon-position-left\"><a href=\"#faq-5\" data-vc-accordion data-vc-container=\".vc_tta-container\"><span class=\"vc_tta-title-text\">5. Renseignez-vous sur votre situation professionnelle, la composition de vos revenus et la stabilit\u00e9 attendue de vos revenus.<\/span><i class=\"vc_tta-controls-icon vc_tta-controls-icon-plus\"><\/i><\/a><\/h4><\/div><div class=\"vc_tta-panel-body\">\n\t<div class=\"wpb_text_column wpb_content_element\" >\n\t\t<div class=\"wpb_wrapper\">\n\t\t\t<p>Les facteurs situationnels, comme la stabilit\u00e9 des revenus, sont un autre \u00e9l\u00e9ment de votre profil de risque : votre capacit\u00e9 \u00e0 g\u00e9rer des r\u00e9sultats inf\u00e9rieurs \u00e0 la moyenne.<\/p>\n\n\t\t<\/div>\n\t<\/div>\n<\/div><\/div><div class=\"vc_tta-panel\" id=\"faq-6\" data-vc-content=\".vc_tta-panel-body\"><div class=\"vc_tta-panel-heading\"><h4 class=\"vc_tta-panel-title vc_tta-controls-icon-position-left\"><a href=\"#faq-6\" data-vc-accordion data-vc-container=\".vc_tta-container\"><span class=\"vc_tta-title-text\">6. Utilisez un questionnaire et un entretien pour vous aider \u00e0 comprendre votre tol\u00e9rance personnelle au risque financier.<\/span><i class=\"vc_tta-controls-icon vc_tta-controls-icon-plus\"><\/i><\/a><\/h4><\/div><div class=\"vc_tta-panel-body\">\n\t<div class=\"wpb_text_column wpb_content_element\" >\n\t\t<div class=\"wpb_wrapper\">\n\t\t\t<p>Votre volont\u00e9 de prendre des risques en mati\u00e8re d\u2019investissement est \u00e9troitement li\u00e9e \u00e0 votre tol\u00e9rance \u00e0 la volatilit\u00e9 ou \u00e0 la souffrance d\u2019une perte. Le profilage des risques est une \u00e9tape importante dans l\u2019\u00e9laboration d\u2019un plan adapt\u00e9 \u00e0 vos exigences individuelles en mati\u00e8re de risque.<\/p>\n\n\t\t<\/div>\n\t<\/div>\n<\/div><\/div><div class=\"vc_tta-panel\" id=\"faq-7\" data-vc-content=\".vc_tta-panel-body\"><div class=\"vc_tta-panel-heading\"><h4 class=\"vc_tta-panel-title vc_tta-controls-icon-position-left\"><a href=\"#faq-7\" data-vc-accordion data-vc-container=\".vc_tta-container\"><span class=\"vc_tta-title-text\">7. D\u00e9crivez les diff\u00e9rents types de risques d'investissement dont vous devriez tenir compte lorsque vous prenez une d\u00e9cision d'investissement.<\/span><i class=\"vc_tta-controls-icon vc_tta-controls-icon-plus\"><\/i><\/a><\/h4><\/div><div class=\"vc_tta-panel-body\">\n\t<div class=\"wpb_text_column wpb_content_element\" >\n\t\t<div class=\"wpb_wrapper\">\n\t\t\t<p>La mauvaise nouvelle est qu\u2019il n\u2019existe pas d\u2019investissement totalement s\u00fbr ; uniquement des investissements pr\u00e9sentant diff\u00e9rents types de risques. La bonne nouvelle est que les risques peuvent \u00eatre g\u00e9r\u00e9s en toute s\u00e9curit\u00e9.<\/p>\n\n\t\t<\/div>\n\t<\/div>\n<\/div><\/div><div class=\"vc_tta-panel\" id=\"faq-8\" data-vc-content=\".vc_tta-panel-body\"><div class=\"vc_tta-panel-heading\"><h4 class=\"vc_tta-panel-title vc_tta-controls-icon-position-left\"><a href=\"#faq-8\" data-vc-accordion data-vc-container=\".vc_tta-container\"><span class=\"vc_tta-title-text\">8. Renseignez-vous sur vos attentes en mati\u00e8re de taux de rendement.<\/span><i class=\"vc_tta-controls-icon vc_tta-controls-icon-plus\"><\/i><\/a><\/h4><\/div><div class=\"vc_tta-panel-body\">\n\t<div class=\"wpb_text_column wpb_content_element\" >\n\t\t<div class=\"wpb_wrapper\">\n\t\t\t<p>Votre objectif de taux de rendement doit \u00eatre coh\u00e9rent avec votre tol\u00e9rance au risque.  Votre rendement attendu ne devrait pas n\u00e9cessiter plus de risques que ce que vous pouvez raisonnablement supporter.<\/p>\n\n\t\t<\/div>\n\t<\/div>\n<\/div><\/div><div class=\"vc_tta-panel\" id=\"faq-9\" data-vc-content=\".vc_tta-panel-body\"><div class=\"vc_tta-panel-heading\"><h4 class=\"vc_tta-panel-title vc_tta-controls-icon-position-left\"><a href=\"#faq-9\" data-vc-accordion data-vc-container=\".vc_tta-container\"><span class=\"vc_tta-title-text\">9. Comprenez votre calendrier d\u2019investissement, c\u2019est-\u00e0-dire dans combien de temps vous aurez besoin d\u2019acc\u00e9der \u00e0 votre argent.<\/span><i class=\"vc_tta-controls-icon vc_tta-controls-icon-plus\"><\/i><\/a><\/h4><\/div><div class=\"vc_tta-panel-body\">\n\t<div class=\"wpb_text_column wpb_content_element\" >\n\t\t<div class=\"wpb_wrapper\">\n\t\t\t<p>Votre calendrier d\u00e9termine s\u2019il faut \u00e9pargner (pr\u00e9server vos actifs) ou investir (tenter de les faire cro\u00eetre). Un mauvais calcul de votre calendrier peut s'av\u00e9rer co\u00fbteux si vous devez vendre des titres aux prix en vigueur sur le march\u00e9 pour r\u00e9pondre \u00e0 des besoins \u00e0 court terme.<\/p>\n\n\t\t<\/div>\n\t<\/div>\n<\/div><\/div><div class=\"vc_tta-panel\" id=\"faq-10\" data-vc-content=\".vc_tta-panel-body\"><div class=\"vc_tta-panel-heading\"><h4 class=\"vc_tta-panel-title vc_tta-controls-icon-position-left\"><a href=\"#faq-10\" data-vc-accordion data-vc-container=\".vc_tta-container\"><span class=\"vc_tta-title-text\">10. Cr\u00e9ez une strat\u00e9gie efficace d\u2019att\u00e9nuation fiscale pour vos diff\u00e9rents v\u00e9hicules d\u2019investissement.<\/span><i class=\"vc_tta-controls-icon vc_tta-controls-icon-plus\"><\/i><\/a><\/h4><\/div><div class=\"vc_tta-panel-body\">\n\t<div class=\"wpb_text_column wpb_content_element\" >\n\t\t<div class=\"wpb_wrapper\">\n\t\t\t<p>\u00catre sensible aux diff\u00e9rents traitements fiscaux accord\u00e9s aux revenus de placement est un moyen de maximiser les rendements apr\u00e8s imp\u00f4t.<\/p>\n\n\t\t<\/div>\n\t<\/div>\n<\/div><\/div><div class=\"vc_tta-panel\" id=\"faq-11\" data-vc-content=\".vc_tta-panel-body\"><div class=\"vc_tta-panel-heading\"><h4 class=\"vc_tta-panel-title vc_tta-controls-icon-position-left\"><a href=\"#faq-11\" data-vc-accordion data-vc-container=\".vc_tta-container\"><span class=\"vc_tta-title-text\">11. Renseignez-vous sur vos autres conseillers financiers professionnels (comptables et avocats) pour vous assurer que l'ensemble de vos probl\u00e8mes financiers sont trait\u00e9s.<\/span><i class=\"vc_tta-controls-icon vc_tta-controls-icon-plus\"><\/i><\/a><\/h4><\/div><div class=\"vc_tta-panel-body\">\n\t<div class=\"wpb_text_column wpb_content_element\" >\n\t\t<div class=\"wpb_wrapper\">\n\t\t\t<p>L\u2019interaction de vos professionnels financiers garantit que les strat\u00e9gies fonctionnent de concert et non \u00e0 contre-courant.  Cela signifie que les r\u00e9sultats souhait\u00e9s et les meilleurs sont obtenus.<\/p>\n\n\t\t<\/div>\n\t<\/div>\n<\/div><\/div><\/div><\/div><\/div><\/div><\/div><\/div><\/div><\/div><div class=\"vc_row wpb_row vc_row-fluid\"><div class=\"wpb_column vc_column_container vc_col-sm-12\"><div class=\"vc_column-inner\"><div class=\"wpb_wrapper\"><div class=\"vc_empty_space\"   style=\"height: 40px\"><span class=\"vc_empty_space_inner\"><\/span><\/div><\/div><\/div><\/div><\/div>\n<\/div>","protected":false},"excerpt":{"rendered":"Here is a selection of questions frequently covered during a client profiling interview. If you are still uncertain about what to expect, simply email us to learn more. 1. Help you to identify your specific goals for your investments. An investment strategy begins with identifying your goals and objectives. Goals<span class=\"excerpt-hellip\"> [\u2026]<\/span>","protected":false},"author":5,"featured_media":0,"parent":274,"menu_order":0,"comment_status":"open","ping_status":"closed","template":"","meta":{"footnotes":""},"class_list":["post-253","page","type-page","status-publish","hentry"],"yoast_head":"<!-- This site is optimized with the Yoast SEO plugin v27.3 - https:\/\/yoast.com\/product\/yoast-seo-wordpress\/ -->\n<title>Wealth Management FAQ | Watson Di Primio Steel (WDS)<\/title>\n<meta name=\"description\" content=\"Here is a selection of questions frequently covered during a client profiling interview. If you are still uncertain about what to expect, simply email us\" \/>\n<meta name=\"robots\" content=\"index, follow, max-snippet:-1, max-image-preview:large, max-video-preview:-1\" \/>\n<link rel=\"canonical\" href=\"https:\/\/wdsinvest.com\/fr\/wds-resources\/faq\/\" \/>\n<meta property=\"og:locale\" content=\"fr_FR\" \/>\n<meta property=\"og:type\" content=\"article\" \/>\n<meta property=\"og:title\" content=\"Wealth Management FAQ | Watson Di Primio Steel (WDS)\" \/>\n<meta property=\"og:description\" content=\"Here is a selection of questions frequently covered during a client profiling interview. If you are still uncertain about what to expect, simply email us\" \/>\n<meta property=\"og:url\" content=\"https:\/\/wdsinvest.com\/fr\/wds-resources\/faq\/\" \/>\n<meta property=\"og:site_name\" content=\"Watson Di Primio Steel (WDS)\" \/>\n<meta property=\"article:publisher\" content=\"https:\/\/www.linkedin.com\/company\/watson-di-primio-steel-wds-investment-management-ltd-\" \/>\n<meta property=\"article:modified_time\" content=\"2017-11-02T19:15:52+00:00\" \/>\n<meta name=\"twitter:card\" content=\"summary_large_image\" \/>\n<meta name=\"twitter:site\" content=\"@wdsinvest\" \/>\n<meta name=\"twitter:label1\" content=\"Dur\u00e9e de lecture estim\u00e9e\" \/>\n\t<meta name=\"twitter:data1\" content=\"4 minutes\" \/>\n<script type=\"application\/ld+json\" class=\"yoast-schema-graph\">{\"@context\":\"https:\\\/\\\/schema.org\",\"@graph\":[{\"@type\":\"WebPage\",\"@id\":\"https:\\\/\\\/wdsinvest.com\\\/wds-resources\\\/faq\\\/\",\"url\":\"https:\\\/\\\/wdsinvest.com\\\/wds-resources\\\/faq\\\/\",\"name\":\"Wealth Management FAQ | Watson Di Primio Steel (WDS)\",\"isPartOf\":{\"@id\":\"https:\\\/\\\/wdsinvest.com\\\/#website\"},\"datePublished\":\"2015-12-01T19:35:03+00:00\",\"dateModified\":\"2017-11-02T19:15:52+00:00\",\"description\":\"Here is a selection of questions frequently covered during a client profiling interview. If you are still uncertain about what to expect, simply email us\",\"breadcrumb\":{\"@id\":\"https:\\\/\\\/wdsinvest.com\\\/wds-resources\\\/faq\\\/#breadcrumb\"},\"inLanguage\":\"fr-FR\",\"potentialAction\":[{\"@type\":\"ReadAction\",\"target\":[\"https:\\\/\\\/wdsinvest.com\\\/wds-resources\\\/faq\\\/\"]}]},{\"@type\":\"BreadcrumbList\",\"@id\":\"https:\\\/\\\/wdsinvest.com\\\/wds-resources\\\/faq\\\/#breadcrumb\",\"itemListElement\":[{\"@type\":\"ListItem\",\"position\":1,\"name\":\"Home\",\"item\":\"https:\\\/\\\/wdsinvest.com\\\/\"},{\"@type\":\"ListItem\",\"position\":2,\"name\":\"Resources\",\"item\":\"https:\\\/\\\/wdsinvest.com\\\/wds-resources\\\/\"},{\"@type\":\"ListItem\",\"position\":3,\"name\":\"FAQ\"}]},{\"@type\":\"WebSite\",\"@id\":\"https:\\\/\\\/wdsinvest.com\\\/#website\",\"url\":\"https:\\\/\\\/wdsinvest.com\\\/\",\"name\":\"Watson Di Primio Steel (WDS)\",\"description\":\"\",\"publisher\":{\"@id\":\"https:\\\/\\\/wdsinvest.com\\\/#organization\"},\"potentialAction\":[{\"@type\":\"SearchAction\",\"target\":{\"@type\":\"EntryPoint\",\"urlTemplate\":\"https:\\\/\\\/wdsinvest.com\\\/?s={search_term_string}\"},\"query-input\":{\"@type\":\"PropertyValueSpecification\",\"valueRequired\":true,\"valueName\":\"search_term_string\"}}],\"inLanguage\":\"fr-FR\"},{\"@type\":\"Organization\",\"@id\":\"https:\\\/\\\/wdsinvest.com\\\/#organization\",\"name\":\"WDS - Ottawa Wealth Management\",\"url\":\"https:\\\/\\\/wdsinvest.com\\\/\",\"logo\":{\"@type\":\"ImageObject\",\"inLanguage\":\"fr-FR\",\"@id\":\"https:\\\/\\\/wdsinvest.com\\\/#\\\/schema\\\/logo\\\/image\\\/\",\"url\":\"https:\\\/\\\/wdsinvest.com\\\/wp-content\\\/uploads\\\/2016\\\/01\\\/favicon.png\",\"contentUrl\":\"https:\\\/\\\/wdsinvest.com\\\/wp-content\\\/uploads\\\/2016\\\/01\\\/favicon.png\",\"width\":32,\"height\":32,\"caption\":\"WDS - Ottawa Wealth Management\"},\"image\":{\"@id\":\"https:\\\/\\\/wdsinvest.com\\\/#\\\/schema\\\/logo\\\/image\\\/\"},\"sameAs\":[\"https:\\\/\\\/www.linkedin.com\\\/company\\\/watson-di-primio-steel-wds-investment-management-ltd-\",\"https:\\\/\\\/x.com\\\/wdsinvest\"]}]}<\/script>\n<!-- \/ Yoast SEO plugin. -->","yoast_head_json":{"title":"Wealth Management FAQ | Watson Di Primio Steel (WDS)","description":"Here is a selection of questions frequently covered during a client profiling interview. If you are still uncertain about what to expect, simply email us","robots":{"index":"index","follow":"follow","max-snippet":"max-snippet:-1","max-image-preview":"max-image-preview:large","max-video-preview":"max-video-preview:-1"},"canonical":"https:\/\/wdsinvest.com\/fr\/wds-resources\/faq\/","og_locale":"fr_FR","og_type":"article","og_title":"Wealth Management FAQ | Watson Di Primio Steel (WDS)","og_description":"Here is a selection of questions frequently covered during a client profiling interview. If you are still uncertain about what to expect, simply email us","og_url":"https:\/\/wdsinvest.com\/fr\/wds-resources\/faq\/","og_site_name":"Watson Di Primio Steel (WDS)","article_publisher":"https:\/\/www.linkedin.com\/company\/watson-di-primio-steel-wds-investment-management-ltd-","article_modified_time":"2017-11-02T19:15:52+00:00","twitter_card":"summary_large_image","twitter_site":"@wdsinvest","twitter_misc":{"Dur\u00e9e de lecture estim\u00e9e":"4 minutes"},"schema":{"@context":"https:\/\/schema.org","@graph":[{"@type":"WebPage","@id":"https:\/\/wdsinvest.com\/wds-resources\/faq\/","url":"https:\/\/wdsinvest.com\/wds-resources\/faq\/","name":"Wealth Management FAQ | Watson Di Primio Steel (WDS)","isPartOf":{"@id":"https:\/\/wdsinvest.com\/#website"},"datePublished":"2015-12-01T19:35:03+00:00","dateModified":"2017-11-02T19:15:52+00:00","description":"Here is a selection of questions frequently covered during a client profiling interview. If you are still uncertain about what to expect, simply email us","breadcrumb":{"@id":"https:\/\/wdsinvest.com\/wds-resources\/faq\/#breadcrumb"},"inLanguage":"fr-FR","potentialAction":[{"@type":"ReadAction","target":["https:\/\/wdsinvest.com\/wds-resources\/faq\/"]}]},{"@type":"BreadcrumbList","@id":"https:\/\/wdsinvest.com\/wds-resources\/faq\/#breadcrumb","itemListElement":[{"@type":"ListItem","position":1,"name":"Home","item":"https:\/\/wdsinvest.com\/"},{"@type":"ListItem","position":2,"name":"Resources","item":"https:\/\/wdsinvest.com\/wds-resources\/"},{"@type":"ListItem","position":3,"name":"FAQ"}]},{"@type":"WebSite","@id":"https:\/\/wdsinvest.com\/#website","url":"https:\/\/wdsinvest.com\/","name":"Watson Di Primio Steel (WDS)","description":"","publisher":{"@id":"https:\/\/wdsinvest.com\/#organization"},"potentialAction":[{"@type":"SearchAction","target":{"@type":"EntryPoint","urlTemplate":"https:\/\/wdsinvest.com\/?s={search_term_string}"},"query-input":{"@type":"PropertyValueSpecification","valueRequired":true,"valueName":"search_term_string"}}],"inLanguage":"fr-FR"},{"@type":"Organization","@id":"https:\/\/wdsinvest.com\/#organization","name":"WDS - Ottawa Wealth Management","url":"https:\/\/wdsinvest.com\/","logo":{"@type":"ImageObject","inLanguage":"fr-FR","@id":"https:\/\/wdsinvest.com\/#\/schema\/logo\/image\/","url":"https:\/\/wdsinvest.com\/wp-content\/uploads\/2016\/01\/favicon.png","contentUrl":"https:\/\/wdsinvest.com\/wp-content\/uploads\/2016\/01\/favicon.png","width":32,"height":32,"caption":"WDS - Ottawa Wealth Management"},"image":{"@id":"https:\/\/wdsinvest.com\/#\/schema\/logo\/image\/"},"sameAs":["https:\/\/www.linkedin.com\/company\/watson-di-primio-steel-wds-investment-management-ltd-","https:\/\/x.com\/wdsinvest"]}]}},"_links":{"self":[{"href":"https:\/\/wdsinvest.com\/fr\/wp-json\/wp\/v2\/pages\/253","targetHints":{"allow":["GET"]}}],"collection":[{"href":"https:\/\/wdsinvest.com\/fr\/wp-json\/wp\/v2\/pages"}],"about":[{"href":"https:\/\/wdsinvest.com\/fr\/wp-json\/wp\/v2\/types\/page"}],"author":[{"embeddable":true,"href":"https:\/\/wdsinvest.com\/fr\/wp-json\/wp\/v2\/users\/5"}],"replies":[{"embeddable":true,"href":"https:\/\/wdsinvest.com\/fr\/wp-json\/wp\/v2\/comments?post=253"}],"version-history":[{"count":16,"href":"https:\/\/wdsinvest.com\/fr\/wp-json\/wp\/v2\/pages\/253\/revisions"}],"predecessor-version":[{"id":1465,"href":"https:\/\/wdsinvest.com\/fr\/wp-json\/wp\/v2\/pages\/253\/revisions\/1465"}],"up":[{"embeddable":true,"href":"https:\/\/wdsinvest.com\/fr\/wp-json\/wp\/v2\/pages\/274"}],"wp:attachment":[{"href":"https:\/\/wdsinvest.com\/fr\/wp-json\/wp\/v2\/media?parent=253"}],"curies":[{"name":"wp","href":"https:\/\/api.w.org\/{rel}","templated":true}]}}