{"id":212,"date":"2015-12-01T18:20:42","date_gmt":"2015-12-01T18:20:42","guid":{"rendered":"http:\/\/wdsinvest.com\/?page_id=212"},"modified":"2021-12-10T14:06:33","modified_gmt":"2021-12-10T14:06:33","slug":"reporting","status":"publish","type":"page","link":"https:\/\/wdsinvest.com\/fr\/solution\/reporting\/","title":{"rendered":"Documentation"},"content":{"rendered":"<div class=\"wpb-content-wrapper\"><div data-vc-full-width=\"true\" data-vc-full-width-init=\"false\" class=\"vc_row wpb_row vc_row-fluid vc_custom_1449163924135 vc_row-has-fill\"><div class=\"wpb_column vc_column_container vc_col-sm-12\"><div class=\"vc_column-inner\"><div class=\"wpb_wrapper\"><div class=\"vc_row wpb_row vc_inner vc_row-fluid vc_custom_1449164274201\"><div class=\"wpb_column vc_column_container vc_col-sm-12\"><div class=\"vc_column-inner\"><div class=\"wpb_wrapper\">\n\t<div class=\"wpb_text_column wpb_content_element\" >\n\t\t<div class=\"wpb_wrapper\">\n\t\t\t<h1 class=\"subheader-h1\" style=\"font-weight: 600;\">La performance d\u2019un portefeuille d\u2019investissement d\u00e9pend de trois facteurs:<\/h1>\n\n\t\t<\/div>\n\t<\/div>\n<\/div><\/div><\/div><\/div><div class=\"vc_row wpb_row vc_inner vc_row-fluid vc_custom_1449163964772\"><div class=\"wpb_column vc_column_container vc_col-sm-4\"><div class=\"vc_column-inner\"><div class=\"wpb_wrapper\">\n\t<div class=\"wpb_raw_code wpb_raw_html wpb_content_element\" >\n\t\t<div class=\"wpb_wrapper\">\n\t\t\t<div class=\"circle-number\">1<\/div>\n<h1><span style=\"color: #636d75;\">Participation au mouvement global du march\u00e9<\/span><\/h1>\n\t\t<\/div>\n\t<\/div>\n<\/div><\/div><\/div><div class=\"wpb_column vc_column_container vc_col-sm-4\"><div class=\"vc_column-inner\"><div class=\"wpb_wrapper\">\n\t<div class=\"wpb_raw_code wpb_raw_html wpb_content_element\" >\n\t\t<div class=\"wpb_wrapper\">\n\t\t\t<div class=\"circle-number\">2<\/div>\n<h1><span style=\"color: #636d75;\">Politique d'allocation tactique d'actifs du gestionnaire<\/span><\/h1>\n\t\t<\/div>\n\t<\/div>\n<\/div><\/div><\/div><div class=\"wpb_column vc_column_container vc_col-sm-4\"><div class=\"vc_column-inner\"><div class=\"wpb_wrapper\">\n\t<div class=\"wpb_raw_code wpb_raw_html wpb_content_element\" >\n\t\t<div class=\"wpb_wrapper\">\n\t\t\t<div class=\"circle-number\">3<\/div>\n<h1><span style=\"color: #636d75;\">Variation du calendrier sp\u00e9cifique, de la s\u00e9lection des titres et des niveaux de frais<\/span><\/h1>\n\t\t<\/div>\n\t<\/div>\n<\/div><\/div><\/div><\/div><div class=\"vc_row wpb_row vc_inner vc_row-fluid vc_custom_1449168032779\"><div class=\"wpb_column vc_column_container vc_col-sm-12\"><div class=\"vc_column-inner\"><div class=\"wpb_wrapper\">\n\t<div class=\"wpb_text_column wpb_content_element vc_custom_1485206076248\" >\n\t\t<div class=\"wpb_wrapper\">\n\t\t\t<h1 class=\"subheader-h1\">Chez WDS, nous communiquons avec vous r\u00e9guli\u00e8rement et de mani\u00e8re claire et pertinente. Les gestionnaires de patrimoine de WDS rencontrent et discutent r\u00e9guli\u00e8rement avec leurs clients, les tenant inform\u00e9s des changements qui impactent leurs portefeuilles.<\/h1>\n\n\t\t<\/div>\n\t<\/div>\n<\/div><\/div><\/div><\/div><\/div><\/div><\/div><\/div><div class=\"vc_row-full-width vc_clearfix\"><\/div><div class=\"vc_row wpb_row vc_row-fluid\"><div class=\"wpb_column vc_column_container vc_col-sm-9\"><div class=\"vc_column-inner\"><div class=\"wpb_wrapper\"><div class=\"vc_empty_space\"   style=\"height: 40px\"><span class=\"vc_empty_space_inner\"><\/span><\/div>\n\t<div class=\"wpb_text_column wpb_content_element\" >\n\t\t<div class=\"wpb_wrapper\">\n\t\t\t<p><span class=\"h3-special\">Rapports du mod\u00e8le de relation client (CRM)<\/span><br \/>\n<span class=\"h3-special-subheader\">Les investisseurs inform\u00e9s font de meilleurs investisseurs<\/span><\/p>\n<p>La CRM a permis une plus grande uniformit\u00e9 dans le secteur en mati\u00e8re de diffusion et de communication d'informations aux investisseurs. En mettant l'accent sur la transparence, les r\u00e8gles am\u00e9lior\u00e9es de divulgation des informations aux investisseurs de la CRM sont con\u00e7ues pour garantir de meilleurs r\u00e9sultats pour l'investisseur de d\u00e9tail final. Ces r\u00e9glementations sectorielles normalisent la mani\u00e8re dont les soci\u00e9t\u00e9s de services financiers divulguent les co\u00fbts et les performances au niveau des comptes individuels.<\/p>\n<ul class=\"custom-list\">\n<li>Le rapport sur la performance des investissements vous indique les r\u00e9sultats de chaque type de compte au cours de l\u2019ann\u00e9e civile.<\/li>\n<li>Le rapport annuel sur les frais et la r\u00e9mun\u00e9ration indique les frais de gestion de chaque compte.<\/li>\n<\/ul>\n<p>CRM exige que les rapports sur les performances au niveau du compte utilisent la <a href=\"http:\/\/wdsinvest.com\/wp-content\/uploads\/2017\/11\/WDS-MWRR.pdf\">m\u00e9thode pond\u00e9r\u00e9e en fonction de la valeur mon\u00e9taire<\/a>. Cette m\u00e9thode repr\u00e9sente mieux l\u2019exp\u00e9rience personnelle de rendement d\u2019un investisseur, en tenant compte des flux de tr\u00e9sorerie par rapport \u00e0 la taille du compte.<\/p>\n<p>&nbsp;<\/p>\n<p><span class=\"h3-special\">Rapport sommaire d'investissement<\/span><br \/>\n<span class=\"h3-special-subheader\">R\u00e9aliser, mesurer et communiquer<\/span><\/p>\n<p>Chaque trimestre, nos clients re\u00e7oivent un aper\u00e7u clair, significatif et consolid\u00e9 de leur portefeuille de placements, ainsi que les d\u00e9tails de toutes les activit\u00e9s. Votre rapport de fin d'ann\u00e9e civile WDS complet comprend : les entr\u00e9es\/sorties nettes de tr\u00e9sorerie ; les prix du march\u00e9 et les valeurs comptables de tous les placements ; les revenus projet\u00e9s estim\u00e9s de tous les titres ; l'activit\u00e9 d'investissement au cours de la p\u00e9riode ; et un commentaire sur la tendance des principaux indicateurs \u00e9conomiques. De plus, votre <a href=\"http:\/\/wdsinvest.com\/wp-content\/uploads\/2017\/11\/WDS-TWRR.pdf\">taux de rendement annuel pond\u00e9r\u00e9 dans le temps<\/a> (variation nette de la valeur marchande, apr\u00e8s frais et co\u00fbts) est indiqu\u00e9 en dollars et en pourcentage de rendement. Le TWRR est plus optimal pour mesurer la performance d'un gestionnaire de placements et pour la comparaison avec les indices de r\u00e9f\u00e9rence. Cette \u00e9valuation compl\u00e8te est envoy\u00e9e par courrier (ou par voie \u00e9lectronique, sur demande).<\/p>\n<p>Directement du <a href=\"http:\/\/www.nbin.ca\" target=\"_blank\" rel=\"noopener\">Banque Nationale R\u00e9seau Ind\u00e9pendant (BNRI)<\/a>, nos clients re\u00e7oivent \u00e9galement:<\/p>\n<ul class=\"custom-list\">\n<li><a href=\"http:\/\/wdsinvest.com\/wp-content\/uploads\/2018\/01\/NBIN_Your-Portfolio-Statement.pdf\">Relev\u00e9s de portefeuille mensuels<\/a> et d\u00e9tails de l'activit\u00e9 du compte pendant la p\u00e9riode (ou trimestriellement s'il n'y a aucune activit\u00e9 \u00e0 signaler).<\/li>\n<li>Informations sur la d\u00e9claration fiscale annuelle consolid\u00e9e.<\/li>\n<\/ul>\n<p>Vous pouvez vous inscrire pour consulter, t\u00e9l\u00e9charger ou imprimer vos relev\u00e9s de compte, confirmations de transaction et documents fiscaux \u00e0 partir du <a href=\"https:\/\/www.nbin.ca\/repositories\/publicsite\/learning_modules\/my_portfolio+\/index.html\" target=\"_blank\" rel=\"noopener\">portail <\/a><a href=\"https:\/\/www.nbin.ca\/repositories\/publicsite\/learning_modules\/my_portfolio+\/index.html\" target=\"_blank\" rel=\"noopener\">MonPortefeuille+ de BNRI<\/a>.<\/p>\n<p>&nbsp;<\/p>\n<h3>Un guide pour une vue d'ensemble<\/h3>\n<p>Deux fois par an, nous produisons <em><a href=\"http:\/\/wdsinvest.com\/fr\/wds-resources\/investment-perspectives\/investment-perspectives-archives\/\">WDS Investment Perspectives<\/a><\/em><em>, <\/em>une publication d'informations, de r\u00e9flexions et de points de vue sur l'environnement \u00e9conomique, les tendances et le climat d'investissement.<\/p>\n<p>&nbsp;<\/p>\n<h3>D\u00e9claration fiscale<\/h3>\n<p>Le Banque Nationale R\u00e9seau ind\u00e9pendant (BNRI) \u00e9met des relev\u00e9s d'imp\u00f4t consolid\u00e9s et des relev\u00e9s d'activit\u00e9 apr\u00e8s la fin de l'ann\u00e9e. Les clients peuvent choisir entre la livraison par courrier ou par voie \u00e9lectronique.<\/p>\n<p>Chaque ann\u00e9e, WDS fournit des rapports fiscaux suppl\u00e9mentaires \u00e0 nos clients:<\/p>\n<ul class=\"custom-list\">\n<li>Rapport sur les gains et pertes r\u00e9alis\u00e9s sur le compte<\/li>\n<li>Re\u00e7u d'imp\u00f4t sur le revenu Frais pay\u00e9s au conseiller en placement<\/li>\n<li>D\u00e9claration de v\u00e9rification des revenus \u00e9trangers, le cas \u00e9ch\u00e9ant<\/li>\n<\/ul>\n<p>Le syst\u00e8me de gestion de portefeuille interne de WDS conserve des enregistrements d\u00e9taill\u00e9s des co\u00fbts fiscaux <em>(\u00ab base de co\u00fbt ajust\u00e9e \u00bb en langage fiscal<\/em>) pour les titres individuels de nos clients. Cela nous permet de suivre r\u00e9guli\u00e8rement l\u2019\u00e9tat des gains (ou pertes) non r\u00e9alis\u00e9s sur les comptes de nos clients.<\/p>\n<p>WDS fournit un re\u00e7u fiscal pour les frais de gestion admissibles et d\u00e9ductibles d\u2019imp\u00f4t pay\u00e9s au cours de l\u2019ann\u00e9e.<\/p>\n<p>Avec une autorisation \u00e9crite, WDS peut \u00e9changer des informations fiscales directement avec votre pr\u00e9parateur de d\u00e9clarations de revenus afin de garantir des donn\u00e9es opportunes, compl\u00e8tes et exactes.<\/p>\n\n\t\t<\/div>\n\t<\/div>\n<div class=\"vc_empty_space\"   style=\"height: 40px\"><span class=\"vc_empty_space_inner\"><\/span><\/div><\/div><\/div><\/div><\/div>\n<\/div>","protected":false},"excerpt":{"rendered":"How well an investment portfolio performs is a function of three things: 1 Participation in the overall market movement 2 Tactical asset allocation policy of the manager 3 Variation in specific timing, security selection and fee levels At WDS, we communicate with you regularly and in a clear and relevant<span class=\"excerpt-hellip\"> [\u2026]<\/span>","protected":false},"author":5,"featured_media":0,"parent":27,"menu_order":0,"comment_status":"open","ping_status":"open","template":"","meta":{"footnotes":""},"class_list":["post-212","page","type-page","status-publish","hentry"],"yoast_head":"<!-- This site is optimized with the Yoast SEO plugin v27.3 - https:\/\/yoast.com\/product\/yoast-seo-wordpress\/ -->\n<title>Reporting - Watson Di Primio Steel (WDS)<\/title>\n<meta name=\"robots\" content=\"index, follow, max-snippet:-1, max-image-preview:large, max-video-preview:-1\" \/>\n<link rel=\"canonical\" href=\"https:\/\/wdsinvest.com\/fr\/solution\/reporting\/\" \/>\n<meta property=\"og:locale\" content=\"fr_FR\" \/>\n<meta property=\"og:type\" content=\"article\" \/>\n<meta property=\"og:title\" content=\"Reporting - Watson Di Primio Steel (WDS)\" \/>\n<meta property=\"og:url\" content=\"https:\/\/wdsinvest.com\/fr\/solution\/reporting\/\" \/>\n<meta property=\"og:site_name\" content=\"Watson Di Primio Steel (WDS)\" \/>\n<meta property=\"article:publisher\" content=\"https:\/\/www.linkedin.com\/company\/watson-di-primio-steel-wds-investment-management-ltd-\" \/>\n<meta property=\"article:modified_time\" content=\"2021-12-10T14:06:33+00:00\" \/>\n<meta name=\"twitter:card\" content=\"summary_large_image\" \/>\n<meta name=\"twitter:site\" content=\"@wdsinvest\" \/>\n<meta name=\"twitter:label1\" content=\"Dur\u00e9e de lecture estim\u00e9e\" \/>\n\t<meta name=\"twitter:data1\" content=\"3 minutes\" \/>\n<script type=\"application\/ld+json\" class=\"yoast-schema-graph\">{\"@context\":\"https:\\\/\\\/schema.org\",\"@graph\":[{\"@type\":\"WebPage\",\"@id\":\"https:\\\/\\\/wdsinvest.com\\\/solution\\\/reporting\\\/\",\"url\":\"https:\\\/\\\/wdsinvest.com\\\/solution\\\/reporting\\\/\",\"name\":\"Reporting - Watson Di Primio Steel (WDS)\",\"isPartOf\":{\"@id\":\"https:\\\/\\\/wdsinvest.com\\\/#website\"},\"datePublished\":\"2015-12-01T18:20:42+00:00\",\"dateModified\":\"2021-12-10T14:06:33+00:00\",\"breadcrumb\":{\"@id\":\"https:\\\/\\\/wdsinvest.com\\\/solution\\\/reporting\\\/#breadcrumb\"},\"inLanguage\":\"fr-FR\",\"potentialAction\":[{\"@type\":\"ReadAction\",\"target\":[\"https:\\\/\\\/wdsinvest.com\\\/solution\\\/reporting\\\/\"]}]},{\"@type\":\"BreadcrumbList\",\"@id\":\"https:\\\/\\\/wdsinvest.com\\\/solution\\\/reporting\\\/#breadcrumb\",\"itemListElement\":[{\"@type\":\"ListItem\",\"position\":1,\"name\":\"Home\",\"item\":\"https:\\\/\\\/wdsinvest.com\\\/\"},{\"@type\":\"ListItem\",\"position\":2,\"name\":\"Solution\",\"item\":\"https:\\\/\\\/wdsinvest.com\\\/solution\\\/\"},{\"@type\":\"ListItem\",\"position\":3,\"name\":\"Reporting\"}]},{\"@type\":\"WebSite\",\"@id\":\"https:\\\/\\\/wdsinvest.com\\\/#website\",\"url\":\"https:\\\/\\\/wdsinvest.com\\\/\",\"name\":\"Watson Di Primio Steel (WDS)\",\"description\":\"\",\"publisher\":{\"@id\":\"https:\\\/\\\/wdsinvest.com\\\/#organization\"},\"potentialAction\":[{\"@type\":\"SearchAction\",\"target\":{\"@type\":\"EntryPoint\",\"urlTemplate\":\"https:\\\/\\\/wdsinvest.com\\\/?s={search_term_string}\"},\"query-input\":{\"@type\":\"PropertyValueSpecification\",\"valueRequired\":true,\"valueName\":\"search_term_string\"}}],\"inLanguage\":\"fr-FR\"},{\"@type\":\"Organization\",\"@id\":\"https:\\\/\\\/wdsinvest.com\\\/#organization\",\"name\":\"WDS - Ottawa Wealth Management\",\"url\":\"https:\\\/\\\/wdsinvest.com\\\/\",\"logo\":{\"@type\":\"ImageObject\",\"inLanguage\":\"fr-FR\",\"@id\":\"https:\\\/\\\/wdsinvest.com\\\/#\\\/schema\\\/logo\\\/image\\\/\",\"url\":\"https:\\\/\\\/wdsinvest.com\\\/wp-content\\\/uploads\\\/2016\\\/01\\\/favicon.png\",\"contentUrl\":\"https:\\\/\\\/wdsinvest.com\\\/wp-content\\\/uploads\\\/2016\\\/01\\\/favicon.png\",\"width\":32,\"height\":32,\"caption\":\"WDS - Ottawa Wealth Management\"},\"image\":{\"@id\":\"https:\\\/\\\/wdsinvest.com\\\/#\\\/schema\\\/logo\\\/image\\\/\"},\"sameAs\":[\"https:\\\/\\\/www.linkedin.com\\\/company\\\/watson-di-primio-steel-wds-investment-management-ltd-\",\"https:\\\/\\\/x.com\\\/wdsinvest\"]}]}<\/script>\n<!-- \/ Yoast SEO plugin. -->","yoast_head_json":{"title":"Reporting - Watson Di Primio Steel (WDS)","robots":{"index":"index","follow":"follow","max-snippet":"max-snippet:-1","max-image-preview":"max-image-preview:large","max-video-preview":"max-video-preview:-1"},"canonical":"https:\/\/wdsinvest.com\/fr\/solution\/reporting\/","og_locale":"fr_FR","og_type":"article","og_title":"Reporting - Watson Di Primio Steel (WDS)","og_url":"https:\/\/wdsinvest.com\/fr\/solution\/reporting\/","og_site_name":"Watson Di Primio Steel (WDS)","article_publisher":"https:\/\/www.linkedin.com\/company\/watson-di-primio-steel-wds-investment-management-ltd-","article_modified_time":"2021-12-10T14:06:33+00:00","twitter_card":"summary_large_image","twitter_site":"@wdsinvest","twitter_misc":{"Dur\u00e9e de lecture estim\u00e9e":"3 minutes"},"schema":{"@context":"https:\/\/schema.org","@graph":[{"@type":"WebPage","@id":"https:\/\/wdsinvest.com\/solution\/reporting\/","url":"https:\/\/wdsinvest.com\/solution\/reporting\/","name":"Reporting - Watson Di Primio Steel (WDS)","isPartOf":{"@id":"https:\/\/wdsinvest.com\/#website"},"datePublished":"2015-12-01T18:20:42+00:00","dateModified":"2021-12-10T14:06:33+00:00","breadcrumb":{"@id":"https:\/\/wdsinvest.com\/solution\/reporting\/#breadcrumb"},"inLanguage":"fr-FR","potentialAction":[{"@type":"ReadAction","target":["https:\/\/wdsinvest.com\/solution\/reporting\/"]}]},{"@type":"BreadcrumbList","@id":"https:\/\/wdsinvest.com\/solution\/reporting\/#breadcrumb","itemListElement":[{"@type":"ListItem","position":1,"name":"Home","item":"https:\/\/wdsinvest.com\/"},{"@type":"ListItem","position":2,"name":"Solution","item":"https:\/\/wdsinvest.com\/solution\/"},{"@type":"ListItem","position":3,"name":"Reporting"}]},{"@type":"WebSite","@id":"https:\/\/wdsinvest.com\/#website","url":"https:\/\/wdsinvest.com\/","name":"Watson Di Primio Steel (WDS)","description":"","publisher":{"@id":"https:\/\/wdsinvest.com\/#organization"},"potentialAction":[{"@type":"SearchAction","target":{"@type":"EntryPoint","urlTemplate":"https:\/\/wdsinvest.com\/?s={search_term_string}"},"query-input":{"@type":"PropertyValueSpecification","valueRequired":true,"valueName":"search_term_string"}}],"inLanguage":"fr-FR"},{"@type":"Organization","@id":"https:\/\/wdsinvest.com\/#organization","name":"WDS - Ottawa Wealth Management","url":"https:\/\/wdsinvest.com\/","logo":{"@type":"ImageObject","inLanguage":"fr-FR","@id":"https:\/\/wdsinvest.com\/#\/schema\/logo\/image\/","url":"https:\/\/wdsinvest.com\/wp-content\/uploads\/2016\/01\/favicon.png","contentUrl":"https:\/\/wdsinvest.com\/wp-content\/uploads\/2016\/01\/favicon.png","width":32,"height":32,"caption":"WDS - Ottawa Wealth Management"},"image":{"@id":"https:\/\/wdsinvest.com\/#\/schema\/logo\/image\/"},"sameAs":["https:\/\/www.linkedin.com\/company\/watson-di-primio-steel-wds-investment-management-ltd-","https:\/\/x.com\/wdsinvest"]}]}},"_links":{"self":[{"href":"https:\/\/wdsinvest.com\/fr\/wp-json\/wp\/v2\/pages\/212","targetHints":{"allow":["GET"]}}],"collection":[{"href":"https:\/\/wdsinvest.com\/fr\/wp-json\/wp\/v2\/pages"}],"about":[{"href":"https:\/\/wdsinvest.com\/fr\/wp-json\/wp\/v2\/types\/page"}],"author":[{"embeddable":true,"href":"https:\/\/wdsinvest.com\/fr\/wp-json\/wp\/v2\/users\/5"}],"replies":[{"embeddable":true,"href":"https:\/\/wdsinvest.com\/fr\/wp-json\/wp\/v2\/comments?post=212"}],"version-history":[{"count":39,"href":"https:\/\/wdsinvest.com\/fr\/wp-json\/wp\/v2\/pages\/212\/revisions"}],"predecessor-version":[{"id":1919,"href":"https:\/\/wdsinvest.com\/fr\/wp-json\/wp\/v2\/pages\/212\/revisions\/1919"}],"up":[{"embeddable":true,"href":"https:\/\/wdsinvest.com\/fr\/wp-json\/wp\/v2\/pages\/27"}],"wp:attachment":[{"href":"https:\/\/wdsinvest.com\/fr\/wp-json\/wp\/v2\/media?parent=212"}],"curies":[{"name":"wp","href":"https:\/\/api.w.org\/{rel}","templated":true}]}}