{"id":1943,"date":"2022-05-04T14:00:46","date_gmt":"2022-05-04T14:00:46","guid":{"rendered":"https:\/\/wdsinvest.com\/?page_id=1943"},"modified":"2023-08-21T17:16:22","modified_gmt":"2023-08-21T17:16:22","slug":"kathleen-watson","status":"publish","type":"page","link":"https:\/\/wdsinvest.com\/fr\/wds-people\/kathleen-watson\/","title":{"rendered":"Kathleen Watson"},"content":{"rendered":"<div class=\"wpb-content-wrapper\"><div class=\"vc_row wpb_row vc_row-fluid\"><div class=\"wpb_column vc_column_container vc_col-sm-12\"><div class=\"vc_column-inner\"><div class=\"wpb_wrapper\"><div class=\"vc_row wpb_row vc_inner vc_row-fluid\"><div class=\"wpb_column vc_column_container vc_col-sm-12\"><div class=\"vc_column-inner\"><div class=\"wpb_wrapper\"><div class=\"vc_empty_space\"   style=\"height: 40px\"><span class=\"vc_empty_space_inner\"><\/span><\/div><\/div><\/div><\/div><\/div><div class=\"vc_row wpb_row vc_inner vc_row-fluid\"><div class=\"wpb_column vc_column_container vc_col-sm-3\"><div class=\"vc_column-inner\"><div class=\"wpb_wrapper\">\n\t<div  class=\"wpb_single_image wpb_content_element vc_align_left wpb_content_element\">\n\t\t\n\t\t<figure class=\"wpb_wrapper vc_figure\">\n\t\t\t<div class=\"vc_single_image-wrapper vc_box_circle  vc_box_border_grey\"><img decoding=\"async\" class=\"vc_single_image-img\" src=\"https:\/\/wdsinvest.com\/wp-content\/uploads\/2023\/08\/KathleenResized3-239x239.jpg\" width=\"239\" height=\"239\" alt=\"KathleenResized3\" title=\"KathleenResized3\" loading=\"lazy\" \/><\/div>\n\t\t<\/figure>\n\t<\/div>\n<\/div><\/div><\/div><div class=\"wpb_column vc_column_container vc_col-sm-9\"><div class=\"vc_column-inner\"><div class=\"wpb_wrapper\">\n\t<div class=\"wpb_text_column wpb_content_element\" >\n\t\t<div class=\"wpb_wrapper\">\n\t\t\t<h1><strong>Kathleen Watson<\/strong><\/h1>\n<p><strong>Administrative Assistant<\/strong><\/p>\n<p>Avant de rejoindre l'\u00e9quipe WDS en 2022, Kathleen a travaill\u00e9 dans le secteur des arts et de l'\u00e9ducation, en commen\u00e7ant comme professeur d'art, puis en g\u00e9rant le d\u00e9veloppement et la recherche de programmes dans un studio d'art canadien. Pendant la pand\u00e9mie, Kathleen a lanc\u00e9 puis g\u00e9r\u00e9 une \u00e9quipe vid\u00e9o et virtuelle pour produire des projets, des vid\u00e9os et des programmes que les gens pouvaient suivre \u00e0 la maison, une initiative qui se poursuit aujourd'hui.<\/p>\n<p>Kathleen, une personne innovante, applique ses solides comp\u00e9tences en communication et son exp\u00e9rience chez WDS pour soutenir les fonctions internes tout en facilitant des exp\u00e9riences client positives.<\/p>\n<p>En dehors du bureau, Kathleen aime tout ce qui est en plein air (le camping et la natation en particulier), la poterie et une bonne partie de quiz de pub.<\/p>\n\n\t\t<\/div>\n\t<\/div>\n<\/div><\/div><\/div><\/div><div class=\"vc_separator wpb_content_element vc_separator_align_center vc_sep_width_100 vc_sep_pos_align_center vc_separator_no_text vc_custom_1449071177574 wpb_content_element  vc_custom_1449071177574 wpb_content_element\" ><span class=\"vc_sep_holder vc_sep_holder_l\"><span style=\"border-color:#dddddd;\" class=\"vc_sep_line\"><\/span><\/span><span class=\"vc_sep_holder vc_sep_holder_r\"><span style=\"border-color:#dddddd;\" class=\"vc_sep_line\"><\/span><\/span>\n<\/div><div class=\"vc_row wpb_row vc_inner vc_row-fluid vc_custom_1449071188462\"><div class=\"wpb_column vc_column_container vc_col-sm-9\"><div class=\"vc_column-inner\"><div class=\"wpb_wrapper\">\n\t<div class=\"wpb_text_column wpb_content_element\" >\n\t\t<div class=\"wpb_wrapper\">\n\t\t\t<blockquote><p>\n\u00ab Motiv\u00e9 par la confiance accord\u00e9e \u00e0 WDS, je suis honor\u00e9 de fournir des soins cibl\u00e9s et attentifs aux clients. \u00bb\n<\/p><\/blockquote>\n\n\t\t<\/div>\n\t<\/div>\n<\/div><\/div><\/div><div class=\"wpb_column vc_column_container vc_col-sm-3\"><div class=\"vc_column-inner\"><div class=\"wpb_wrapper\"><section class=\"vc_cta3-container\"><div class=\"vc_general vc_do_cta3 vc_cta3 vc_cta3-style-custom vc_cta3-shape-rounded vc_cta3-align-left vc_cta3-icon-size-md vc_custom_1651672583333\"><div class=\"vc_cta3_content-container\"><div class=\"vc_cta3-content\"><header class=\"vc_cta3-content-header\"><\/header><p><strong>Appeler Kathleen:<\/strong><br \/>\n613.725.1800<br \/>\next.<\/p>\n<\/div><\/div><\/div><\/section><\/div><\/div><\/div><\/div><\/div><\/div><\/div><\/div>\n<\/div>","protected":false},"excerpt":{"rendered":"Kathleen Watson Administrative Assistant Before joining the WDS team in 2022, Kathleen worked in the Arts and Education industry, beginning as an art teacher and eventually managing curriculum development &amp; research at a Canadian art studio. During the pandemic, Kathleen pitched and then managed a Video &amp; Virtual Team to<span class=\"excerpt-hellip\"> [\u2026]<\/span>","protected":false},"author":11,"featured_media":0,"parent":123,"menu_order":0,"comment_status":"closed","ping_status":"closed","template":"","meta":{"footnotes":""},"class_list":["post-1943","page","type-page","status-publish","hentry"],"yoast_head":"<!-- This site is optimized with the Yoast SEO plugin v27.3 - https:\/\/yoast.com\/product\/yoast-seo-wordpress\/ -->\n<title>Kathleen Watson - Watson Di Primio Steel (WDS)<\/title>\n<meta name=\"robots\" content=\"index, follow, max-snippet:-1, max-image-preview:large, max-video-preview:-1\" \/>\n<link rel=\"canonical\" href=\"https:\/\/wdsinvest.com\/fr\/wds-people\/kathleen-watson\/\" \/>\n<meta property=\"og:locale\" content=\"fr_FR\" \/>\n<meta property=\"og:type\" content=\"article\" \/>\n<meta property=\"og:title\" content=\"Kathleen Watson - Watson Di Primio Steel (WDS)\" \/>\n<meta property=\"og:url\" content=\"https:\/\/wdsinvest.com\/fr\/wds-people\/kathleen-watson\/\" \/>\n<meta property=\"og:site_name\" content=\"Watson Di Primio Steel (WDS)\" \/>\n<meta property=\"article:publisher\" content=\"https:\/\/www.linkedin.com\/company\/watson-di-primio-steel-wds-investment-management-ltd-\" \/>\n<meta property=\"article:modified_time\" content=\"2023-08-21T17:16:22+00:00\" \/>\n<meta name=\"twitter:card\" content=\"summary_large_image\" \/>\n<meta name=\"twitter:site\" content=\"@wdsinvest\" \/>\n<meta name=\"twitter:label1\" content=\"Dur\u00e9e de lecture estim\u00e9e\" \/>\n\t<meta name=\"twitter:data1\" content=\"1 minute\" \/>\n<script type=\"application\/ld+json\" class=\"yoast-schema-graph\">{\"@context\":\"https:\\\/\\\/schema.org\",\"@graph\":[{\"@type\":\"WebPage\",\"@id\":\"https:\\\/\\\/wdsinvest.com\\\/wds-people\\\/kathleen-watson\\\/\",\"url\":\"https:\\\/\\\/wdsinvest.com\\\/wds-people\\\/kathleen-watson\\\/\",\"name\":\"Kathleen Watson - Watson Di Primio Steel (WDS)\",\"isPartOf\":{\"@id\":\"https:\\\/\\\/wdsinvest.com\\\/#website\"},\"datePublished\":\"2022-05-04T14:00:46+00:00\",\"dateModified\":\"2023-08-21T17:16:22+00:00\",\"breadcrumb\":{\"@id\":\"https:\\\/\\\/wdsinvest.com\\\/wds-people\\\/kathleen-watson\\\/#breadcrumb\"},\"inLanguage\":\"fr-FR\",\"potentialAction\":[{\"@type\":\"ReadAction\",\"target\":[\"https:\\\/\\\/wdsinvest.com\\\/wds-people\\\/kathleen-watson\\\/\"]}]},{\"@type\":\"BreadcrumbList\",\"@id\":\"https:\\\/\\\/wdsinvest.com\\\/wds-people\\\/kathleen-watson\\\/#breadcrumb\",\"itemListElement\":[{\"@type\":\"ListItem\",\"position\":1,\"name\":\"Home\",\"item\":\"https:\\\/\\\/wdsinvest.com\\\/\"},{\"@type\":\"ListItem\",\"position\":2,\"name\":\"People\",\"item\":\"https:\\\/\\\/wdsinvest.com\\\/wds-people\\\/\"},{\"@type\":\"ListItem\",\"position\":3,\"name\":\"Kathleen Watson\"}]},{\"@type\":\"WebSite\",\"@id\":\"https:\\\/\\\/wdsinvest.com\\\/#website\",\"url\":\"https:\\\/\\\/wdsinvest.com\\\/\",\"name\":\"Watson Di Primio Steel (WDS)\",\"description\":\"\",\"publisher\":{\"@id\":\"https:\\\/\\\/wdsinvest.com\\\/#organization\"},\"potentialAction\":[{\"@type\":\"SearchAction\",\"target\":{\"@type\":\"EntryPoint\",\"urlTemplate\":\"https:\\\/\\\/wdsinvest.com\\\/?s={search_term_string}\"},\"query-input\":{\"@type\":\"PropertyValueSpecification\",\"valueRequired\":true,\"valueName\":\"search_term_string\"}}],\"inLanguage\":\"fr-FR\"},{\"@type\":\"Organization\",\"@id\":\"https:\\\/\\\/wdsinvest.com\\\/#organization\",\"name\":\"WDS - Ottawa Wealth Management\",\"url\":\"https:\\\/\\\/wdsinvest.com\\\/\",\"logo\":{\"@type\":\"ImageObject\",\"inLanguage\":\"fr-FR\",\"@id\":\"https:\\\/\\\/wdsinvest.com\\\/#\\\/schema\\\/logo\\\/image\\\/\",\"url\":\"https:\\\/\\\/wdsinvest.com\\\/wp-content\\\/uploads\\\/2016\\\/01\\\/favicon.png\",\"contentUrl\":\"https:\\\/\\\/wdsinvest.com\\\/wp-content\\\/uploads\\\/2016\\\/01\\\/favicon.png\",\"width\":32,\"height\":32,\"caption\":\"WDS - Ottawa Wealth Management\"},\"image\":{\"@id\":\"https:\\\/\\\/wdsinvest.com\\\/#\\\/schema\\\/logo\\\/image\\\/\"},\"sameAs\":[\"https:\\\/\\\/www.linkedin.com\\\/company\\\/watson-di-primio-steel-wds-investment-management-ltd-\",\"https:\\\/\\\/x.com\\\/wdsinvest\"]}]}<\/script>\n<!-- \/ Yoast SEO plugin. -->","yoast_head_json":{"title":"Kathleen Watson - Watson Di Primio Steel (WDS)","robots":{"index":"index","follow":"follow","max-snippet":"max-snippet:-1","max-image-preview":"max-image-preview:large","max-video-preview":"max-video-preview:-1"},"canonical":"https:\/\/wdsinvest.com\/fr\/wds-people\/kathleen-watson\/","og_locale":"fr_FR","og_type":"article","og_title":"Kathleen Watson - Watson Di Primio Steel (WDS)","og_url":"https:\/\/wdsinvest.com\/fr\/wds-people\/kathleen-watson\/","og_site_name":"Watson Di Primio Steel (WDS)","article_publisher":"https:\/\/www.linkedin.com\/company\/watson-di-primio-steel-wds-investment-management-ltd-","article_modified_time":"2023-08-21T17:16:22+00:00","twitter_card":"summary_large_image","twitter_site":"@wdsinvest","twitter_misc":{"Dur\u00e9e de lecture estim\u00e9e":"1 minute"},"schema":{"@context":"https:\/\/schema.org","@graph":[{"@type":"WebPage","@id":"https:\/\/wdsinvest.com\/wds-people\/kathleen-watson\/","url":"https:\/\/wdsinvest.com\/wds-people\/kathleen-watson\/","name":"Kathleen Watson - Watson Di Primio Steel (WDS)","isPartOf":{"@id":"https:\/\/wdsinvest.com\/#website"},"datePublished":"2022-05-04T14:00:46+00:00","dateModified":"2023-08-21T17:16:22+00:00","breadcrumb":{"@id":"https:\/\/wdsinvest.com\/wds-people\/kathleen-watson\/#breadcrumb"},"inLanguage":"fr-FR","potentialAction":[{"@type":"ReadAction","target":["https:\/\/wdsinvest.com\/wds-people\/kathleen-watson\/"]}]},{"@type":"BreadcrumbList","@id":"https:\/\/wdsinvest.com\/wds-people\/kathleen-watson\/#breadcrumb","itemListElement":[{"@type":"ListItem","position":1,"name":"Home","item":"https:\/\/wdsinvest.com\/"},{"@type":"ListItem","position":2,"name":"People","item":"https:\/\/wdsinvest.com\/wds-people\/"},{"@type":"ListItem","position":3,"name":"Kathleen Watson"}]},{"@type":"WebSite","@id":"https:\/\/wdsinvest.com\/#website","url":"https:\/\/wdsinvest.com\/","name":"Watson Di Primio Steel (WDS)","description":"","publisher":{"@id":"https:\/\/wdsinvest.com\/#organization"},"potentialAction":[{"@type":"SearchAction","target":{"@type":"EntryPoint","urlTemplate":"https:\/\/wdsinvest.com\/?s={search_term_string}"},"query-input":{"@type":"PropertyValueSpecification","valueRequired":true,"valueName":"search_term_string"}}],"inLanguage":"fr-FR"},{"@type":"Organization","@id":"https:\/\/wdsinvest.com\/#organization","name":"WDS - Ottawa Wealth Management","url":"https:\/\/wdsinvest.com\/","logo":{"@type":"ImageObject","inLanguage":"fr-FR","@id":"https:\/\/wdsinvest.com\/#\/schema\/logo\/image\/","url":"https:\/\/wdsinvest.com\/wp-content\/uploads\/2016\/01\/favicon.png","contentUrl":"https:\/\/wdsinvest.com\/wp-content\/uploads\/2016\/01\/favicon.png","width":32,"height":32,"caption":"WDS - Ottawa Wealth Management"},"image":{"@id":"https:\/\/wdsinvest.com\/#\/schema\/logo\/image\/"},"sameAs":["https:\/\/www.linkedin.com\/company\/watson-di-primio-steel-wds-investment-management-ltd-","https:\/\/x.com\/wdsinvest"]}]}},"_links":{"self":[{"href":"https:\/\/wdsinvest.com\/fr\/wp-json\/wp\/v2\/pages\/1943","targetHints":{"allow":["GET"]}}],"collection":[{"href":"https:\/\/wdsinvest.com\/fr\/wp-json\/wp\/v2\/pages"}],"about":[{"href":"https:\/\/wdsinvest.com\/fr\/wp-json\/wp\/v2\/types\/page"}],"author":[{"embeddable":true,"href":"https:\/\/wdsinvest.com\/fr\/wp-json\/wp\/v2\/users\/11"}],"replies":[{"embeddable":true,"href":"https:\/\/wdsinvest.com\/fr\/wp-json\/wp\/v2\/comments?post=1943"}],"version-history":[{"count":4,"href":"https:\/\/wdsinvest.com\/fr\/wp-json\/wp\/v2\/pages\/1943\/revisions"}],"predecessor-version":[{"id":2005,"href":"https:\/\/wdsinvest.com\/fr\/wp-json\/wp\/v2\/pages\/1943\/revisions\/2005"}],"up":[{"embeddable":true,"href":"https:\/\/wdsinvest.com\/fr\/wp-json\/wp\/v2\/pages\/123"}],"wp:attachment":[{"href":"https:\/\/wdsinvest.com\/fr\/wp-json\/wp\/v2\/media?parent=1943"}],"curies":[{"name":"wp","href":"https:\/\/api.w.org\/{rel}","templated":true}]}}