{"id":1842,"date":"2020-12-07T15:42:03","date_gmt":"2020-12-07T15:42:03","guid":{"rendered":"http:\/\/wdsinvest.com\/?page_id=1842"},"modified":"2024-04-18T20:22:57","modified_gmt":"2024-04-18T20:22:57","slug":"amy-monette","status":"publish","type":"page","link":"https:\/\/wdsinvest.com\/fr\/wds-people\/amy-monette\/","title":{"rendered":"Amy Monette"},"content":{"rendered":"<div class=\"wpb-content-wrapper\"><div class=\"vc_row wpb_row vc_row-fluid\"><div class=\"wpb_column vc_column_container vc_col-sm-12\"><div class=\"vc_column-inner\"><div class=\"wpb_wrapper\"><div class=\"vc_row wpb_row vc_inner vc_row-fluid\"><div class=\"wpb_column vc_column_container vc_col-sm-12\"><div class=\"vc_column-inner\"><div class=\"wpb_wrapper\"><div class=\"vc_empty_space\"   style=\"height: 40px\"><span class=\"vc_empty_space_inner\"><\/span><\/div><\/div><\/div><\/div><\/div><div class=\"vc_row wpb_row vc_inner vc_row-fluid\"><div class=\"wpb_column vc_column_container vc_col-sm-3\"><div class=\"vc_column-inner\"><div class=\"wpb_wrapper\">\n\t<div  class=\"wpb_single_image wpb_content_element vc_align_left wpb_content_element\">\n\t\t\n\t\t<figure class=\"wpb_wrapper vc_figure\">\n\t\t\t<div class=\"vc_single_image-wrapper vc_box_circle  vc_box_border_grey\"><img decoding=\"async\" class=\"vc_single_image-img\" src=\"https:\/\/wdsinvest.com\/wp-content\/uploads\/2024\/04\/Amy-4-279x279.jpg\" width=\"279\" height=\"279\" alt=\"Amy 4\" title=\"Amy 4\" loading=\"lazy\" \/><\/div>\n\t\t<\/figure>\n\t<\/div>\n<\/div><\/div><\/div><div class=\"wpb_column vc_column_container vc_col-sm-9\"><div class=\"vc_column-inner\"><div class=\"wpb_wrapper\">\n\t<div class=\"wpb_text_column wpb_content_element\" >\n\t\t<div class=\"wpb_wrapper\">\n\t\t\t<h1><strong>Amy Monette<\/strong><\/h1>\n<p><strong>Administrative Assistant<\/strong><\/p>\n<p>Amy a rejoint l'\u00e9quipe WDS en 2020. Auparavant, Amy a travaill\u00e9 dans le syst\u00e8me \u00e9ducatif scolaire, collaborant avec les membres de l'\u00e9quipe pour cr\u00e9er un environnement d'apprentissage positif pour ses \u00e9l\u00e8ves. Elle apporte avec elle de solides comp\u00e9tences en leadership et en gestion.<\/p>\n<p>Chez WDS, Amy fournit un soutien administratif g\u00e9n\u00e9ral et une administration des comptes clients. Convaincue que la collaboration est au c\u0153ur de toute op\u00e9ration r\u00e9ussie, Amy travaille en \u00e9troite collaboration avec tous les membres de l'\u00e9quipe WDS pour garantir le bon fonctionnement de l'entreprise.<\/p>\n<p>Quand Amy n'est pas au travail, elle passe du temps avec sa famille\/ses amis et profite du plein air.<\/p>\n\n\t\t<\/div>\n\t<\/div>\n<\/div><\/div><\/div><\/div><div class=\"vc_separator wpb_content_element vc_separator_align_center vc_sep_width_100 vc_sep_pos_align_center vc_separator_no_text vc_custom_1449071177574 wpb_content_element  vc_custom_1449071177574 wpb_content_element\" ><span class=\"vc_sep_holder vc_sep_holder_l\"><span style=\"border-color:#dddddd;\" class=\"vc_sep_line\"><\/span><\/span><span class=\"vc_sep_holder vc_sep_holder_r\"><span style=\"border-color:#dddddd;\" class=\"vc_sep_line\"><\/span><\/span>\n<\/div><div class=\"vc_row wpb_row vc_inner vc_row-fluid vc_custom_1449071188462\"><div class=\"wpb_column vc_column_container vc_col-sm-9\"><div class=\"vc_column-inner\"><div class=\"wpb_wrapper\">\n\t<div class=\"wpb_text_column wpb_content_element\" >\n\t\t<div class=\"wpb_wrapper\">\n\t\t\t<blockquote><p>\n\u00ab Je suis tr\u00e8s heureux de savoir que mon r\u00f4le chez WDS favorise la relation entre le gestionnaire de portefeuille et le client. Je crois que ces relations sont la base d\u2019une exp\u00e9rience positive pour le client. \u00bb\n<\/p><\/blockquote>\n\n\t\t<\/div>\n\t<\/div>\n<\/div><\/div><\/div><div class=\"wpb_column vc_column_container vc_col-sm-3\"><div class=\"vc_column-inner\"><div class=\"wpb_wrapper\"><section class=\"vc_cta3-container\"><div class=\"vc_general vc_do_cta3 vc_cta3 vc_cta3-style-custom vc_cta3-shape-rounded vc_cta3-align-left vc_cta3-icon-size-md vc_custom_1496857550586\"><div class=\"vc_cta3_content-container\"><div class=\"vc_cta3-content\"><header class=\"vc_cta3-content-header\"><\/header><p><strong>Appeler Amy:<\/strong><br \/>\n613.725.1800<br \/>\next. 221<\/p>\n<\/div><\/div><\/div><\/section><\/div><\/div><\/div><\/div><\/div><\/div><\/div><\/div>\n<\/div>","protected":false},"excerpt":{"rendered":"Amy Monette Administrative Assistant Amy joined the WDS team in 2020. Previously, Amy worked in the school education system, collaborating with team members to create a positive learning environment for her students. She brings with her strong leadership and managerial skills. At WDS, Amy provides general office support and client<span class=\"excerpt-hellip\"> [\u2026]<\/span>","protected":false},"author":11,"featured_media":0,"parent":123,"menu_order":0,"comment_status":"closed","ping_status":"closed","template":"","meta":{"footnotes":""},"class_list":["post-1842","page","type-page","status-publish","hentry"],"yoast_head":"<!-- This site is optimized with the Yoast SEO plugin v27.3 - https:\/\/yoast.com\/product\/yoast-seo-wordpress\/ -->\n<title>Amy Monette - Watson Di Primio Steel (WDS)<\/title>\n<meta name=\"robots\" content=\"index, follow, max-snippet:-1, max-image-preview:large, max-video-preview:-1\" \/>\n<link rel=\"canonical\" href=\"https:\/\/wdsinvest.com\/fr\/wds-people\/amy-monette\/\" \/>\n<meta property=\"og:locale\" content=\"fr_FR\" \/>\n<meta property=\"og:type\" content=\"article\" \/>\n<meta property=\"og:title\" content=\"Amy Monette - Watson Di Primio Steel (WDS)\" \/>\n<meta property=\"og:url\" content=\"https:\/\/wdsinvest.com\/fr\/wds-people\/amy-monette\/\" \/>\n<meta property=\"og:site_name\" content=\"Watson Di Primio Steel (WDS)\" \/>\n<meta property=\"article:publisher\" content=\"https:\/\/www.linkedin.com\/company\/watson-di-primio-steel-wds-investment-management-ltd-\" \/>\n<meta property=\"article:modified_time\" content=\"2024-04-18T20:22:57+00:00\" \/>\n<meta name=\"twitter:card\" content=\"summary_large_image\" \/>\n<meta name=\"twitter:site\" content=\"@wdsinvest\" \/>\n<meta name=\"twitter:label1\" content=\"Dur\u00e9e de lecture estim\u00e9e\" \/>\n\t<meta name=\"twitter:data1\" content=\"1 minute\" \/>\n<script type=\"application\/ld+json\" class=\"yoast-schema-graph\">{\"@context\":\"https:\\\/\\\/schema.org\",\"@graph\":[{\"@type\":\"WebPage\",\"@id\":\"https:\\\/\\\/wdsinvest.com\\\/wds-people\\\/amy-monette\\\/\",\"url\":\"https:\\\/\\\/wdsinvest.com\\\/wds-people\\\/amy-monette\\\/\",\"name\":\"Amy Monette - Watson Di Primio Steel (WDS)\",\"isPartOf\":{\"@id\":\"https:\\\/\\\/wdsinvest.com\\\/#website\"},\"datePublished\":\"2020-12-07T15:42:03+00:00\",\"dateModified\":\"2024-04-18T20:22:57+00:00\",\"breadcrumb\":{\"@id\":\"https:\\\/\\\/wdsinvest.com\\\/wds-people\\\/amy-monette\\\/#breadcrumb\"},\"inLanguage\":\"fr-FR\",\"potentialAction\":[{\"@type\":\"ReadAction\",\"target\":[\"https:\\\/\\\/wdsinvest.com\\\/wds-people\\\/amy-monette\\\/\"]}]},{\"@type\":\"BreadcrumbList\",\"@id\":\"https:\\\/\\\/wdsinvest.com\\\/wds-people\\\/amy-monette\\\/#breadcrumb\",\"itemListElement\":[{\"@type\":\"ListItem\",\"position\":1,\"name\":\"Home\",\"item\":\"https:\\\/\\\/wdsinvest.com\\\/\"},{\"@type\":\"ListItem\",\"position\":2,\"name\":\"People\",\"item\":\"https:\\\/\\\/wdsinvest.com\\\/wds-people\\\/\"},{\"@type\":\"ListItem\",\"position\":3,\"name\":\"Amy Monette\"}]},{\"@type\":\"WebSite\",\"@id\":\"https:\\\/\\\/wdsinvest.com\\\/#website\",\"url\":\"https:\\\/\\\/wdsinvest.com\\\/\",\"name\":\"Watson Di Primio Steel (WDS)\",\"description\":\"\",\"publisher\":{\"@id\":\"https:\\\/\\\/wdsinvest.com\\\/#organization\"},\"potentialAction\":[{\"@type\":\"SearchAction\",\"target\":{\"@type\":\"EntryPoint\",\"urlTemplate\":\"https:\\\/\\\/wdsinvest.com\\\/?s={search_term_string}\"},\"query-input\":{\"@type\":\"PropertyValueSpecification\",\"valueRequired\":true,\"valueName\":\"search_term_string\"}}],\"inLanguage\":\"fr-FR\"},{\"@type\":\"Organization\",\"@id\":\"https:\\\/\\\/wdsinvest.com\\\/#organization\",\"name\":\"WDS - Ottawa Wealth Management\",\"url\":\"https:\\\/\\\/wdsinvest.com\\\/\",\"logo\":{\"@type\":\"ImageObject\",\"inLanguage\":\"fr-FR\",\"@id\":\"https:\\\/\\\/wdsinvest.com\\\/#\\\/schema\\\/logo\\\/image\\\/\",\"url\":\"https:\\\/\\\/wdsinvest.com\\\/wp-content\\\/uploads\\\/2016\\\/01\\\/favicon.png\",\"contentUrl\":\"https:\\\/\\\/wdsinvest.com\\\/wp-content\\\/uploads\\\/2016\\\/01\\\/favicon.png\",\"width\":32,\"height\":32,\"caption\":\"WDS - Ottawa Wealth Management\"},\"image\":{\"@id\":\"https:\\\/\\\/wdsinvest.com\\\/#\\\/schema\\\/logo\\\/image\\\/\"},\"sameAs\":[\"https:\\\/\\\/www.linkedin.com\\\/company\\\/watson-di-primio-steel-wds-investment-management-ltd-\",\"https:\\\/\\\/x.com\\\/wdsinvest\"]}]}<\/script>\n<!-- \/ Yoast SEO plugin. -->","yoast_head_json":{"title":"Amy Monette - Watson Di Primio Steel (WDS)","robots":{"index":"index","follow":"follow","max-snippet":"max-snippet:-1","max-image-preview":"max-image-preview:large","max-video-preview":"max-video-preview:-1"},"canonical":"https:\/\/wdsinvest.com\/fr\/wds-people\/amy-monette\/","og_locale":"fr_FR","og_type":"article","og_title":"Amy Monette - Watson Di Primio Steel (WDS)","og_url":"https:\/\/wdsinvest.com\/fr\/wds-people\/amy-monette\/","og_site_name":"Watson Di Primio Steel (WDS)","article_publisher":"https:\/\/www.linkedin.com\/company\/watson-di-primio-steel-wds-investment-management-ltd-","article_modified_time":"2024-04-18T20:22:57+00:00","twitter_card":"summary_large_image","twitter_site":"@wdsinvest","twitter_misc":{"Dur\u00e9e de lecture estim\u00e9e":"1 minute"},"schema":{"@context":"https:\/\/schema.org","@graph":[{"@type":"WebPage","@id":"https:\/\/wdsinvest.com\/wds-people\/amy-monette\/","url":"https:\/\/wdsinvest.com\/wds-people\/amy-monette\/","name":"Amy Monette - Watson Di Primio Steel (WDS)","isPartOf":{"@id":"https:\/\/wdsinvest.com\/#website"},"datePublished":"2020-12-07T15:42:03+00:00","dateModified":"2024-04-18T20:22:57+00:00","breadcrumb":{"@id":"https:\/\/wdsinvest.com\/wds-people\/amy-monette\/#breadcrumb"},"inLanguage":"fr-FR","potentialAction":[{"@type":"ReadAction","target":["https:\/\/wdsinvest.com\/wds-people\/amy-monette\/"]}]},{"@type":"BreadcrumbList","@id":"https:\/\/wdsinvest.com\/wds-people\/amy-monette\/#breadcrumb","itemListElement":[{"@type":"ListItem","position":1,"name":"Home","item":"https:\/\/wdsinvest.com\/"},{"@type":"ListItem","position":2,"name":"People","item":"https:\/\/wdsinvest.com\/wds-people\/"},{"@type":"ListItem","position":3,"name":"Amy Monette"}]},{"@type":"WebSite","@id":"https:\/\/wdsinvest.com\/#website","url":"https:\/\/wdsinvest.com\/","name":"Watson Di Primio Steel (WDS)","description":"","publisher":{"@id":"https:\/\/wdsinvest.com\/#organization"},"potentialAction":[{"@type":"SearchAction","target":{"@type":"EntryPoint","urlTemplate":"https:\/\/wdsinvest.com\/?s={search_term_string}"},"query-input":{"@type":"PropertyValueSpecification","valueRequired":true,"valueName":"search_term_string"}}],"inLanguage":"fr-FR"},{"@type":"Organization","@id":"https:\/\/wdsinvest.com\/#organization","name":"WDS - Ottawa Wealth Management","url":"https:\/\/wdsinvest.com\/","logo":{"@type":"ImageObject","inLanguage":"fr-FR","@id":"https:\/\/wdsinvest.com\/#\/schema\/logo\/image\/","url":"https:\/\/wdsinvest.com\/wp-content\/uploads\/2016\/01\/favicon.png","contentUrl":"https:\/\/wdsinvest.com\/wp-content\/uploads\/2016\/01\/favicon.png","width":32,"height":32,"caption":"WDS - Ottawa Wealth Management"},"image":{"@id":"https:\/\/wdsinvest.com\/#\/schema\/logo\/image\/"},"sameAs":["https:\/\/www.linkedin.com\/company\/watson-di-primio-steel-wds-investment-management-ltd-","https:\/\/x.com\/wdsinvest"]}]}},"_links":{"self":[{"href":"https:\/\/wdsinvest.com\/fr\/wp-json\/wp\/v2\/pages\/1842","targetHints":{"allow":["GET"]}}],"collection":[{"href":"https:\/\/wdsinvest.com\/fr\/wp-json\/wp\/v2\/pages"}],"about":[{"href":"https:\/\/wdsinvest.com\/fr\/wp-json\/wp\/v2\/types\/page"}],"author":[{"embeddable":true,"href":"https:\/\/wdsinvest.com\/fr\/wp-json\/wp\/v2\/users\/11"}],"replies":[{"embeddable":true,"href":"https:\/\/wdsinvest.com\/fr\/wp-json\/wp\/v2\/comments?post=1842"}],"version-history":[{"count":9,"href":"https:\/\/wdsinvest.com\/fr\/wp-json\/wp\/v2\/pages\/1842\/revisions"}],"predecessor-version":[{"id":2030,"href":"https:\/\/wdsinvest.com\/fr\/wp-json\/wp\/v2\/pages\/1842\/revisions\/2030"}],"up":[{"embeddable":true,"href":"https:\/\/wdsinvest.com\/fr\/wp-json\/wp\/v2\/pages\/123"}],"wp:attachment":[{"href":"https:\/\/wdsinvest.com\/fr\/wp-json\/wp\/v2\/media?parent=1842"}],"curies":[{"name":"wp","href":"https:\/\/api.w.org\/{rel}","templated":true}]}}