{"id":184,"date":"2015-12-01T16:29:08","date_gmt":"2015-12-01T16:29:08","guid":{"rendered":"http:\/\/wdsinvest.com\/?page_id=184"},"modified":"2020-09-01T15:31:10","modified_gmt":"2020-09-01T15:31:10","slug":"derek-dedman","status":"publish","type":"page","link":"https:\/\/wdsinvest.com\/fr\/wds-people\/derek-dedman\/","title":{"rendered":"Derek Dedman, M.Sc., CFA, CFP."},"content":{"rendered":"<div class=\"wpb-content-wrapper\"><div class=\"vc_row wpb_row vc_row-fluid\"><div class=\"wpb_column vc_column_container vc_col-sm-12\"><div class=\"vc_column-inner\"><div class=\"wpb_wrapper\"><div class=\"vc_empty_space\"   style=\"height: 40px\"><span class=\"vc_empty_space_inner\"><\/span><\/div><\/div><\/div><\/div><\/div><div class=\"vc_row wpb_row vc_row-fluid\"><div class=\"wpb_column vc_column_container vc_col-sm-3\"><div class=\"vc_column-inner\"><div class=\"wpb_wrapper\">\n\t<div  class=\"wpb_single_image wpb_content_element vc_align_left wpb_content_element\">\n\t\t\n\t\t<figure class=\"wpb_wrapper vc_figure\">\n\t\t\t<div class=\"vc_single_image-wrapper vc_box_circle  vc_box_border_grey\"><img loading=\"lazy\" decoding=\"async\" width=\"300\" height=\"300\" src=\"https:\/\/wdsinvest.com\/wp-content\/uploads\/2015\/11\/derek-dedman-300x300.jpg\" class=\"vc_single_image-img attachment-medium\" alt=\"\" title=\"derek-dedman\" srcset=\"https:\/\/wdsinvest.com\/wp-content\/uploads\/2015\/11\/derek-dedman-300x300.jpg 300w, https:\/\/wdsinvest.com\/wp-content\/uploads\/2015\/11\/derek-dedman-150x150.jpg 150w, https:\/\/wdsinvest.com\/wp-content\/uploads\/2015\/11\/derek-dedman-146x146.jpg 146w, https:\/\/wdsinvest.com\/wp-content\/uploads\/2015\/11\/derek-dedman-50x50.jpg 50w, https:\/\/wdsinvest.com\/wp-content\/uploads\/2015\/11\/derek-dedman-80x80.jpg 80w, https:\/\/wdsinvest.com\/wp-content\/uploads\/2015\/11\/derek-dedman-75x75.jpg 75w, https:\/\/wdsinvest.com\/wp-content\/uploads\/2015\/11\/derek-dedman-85x85.jpg 85w, https:\/\/wdsinvest.com\/wp-content\/uploads\/2015\/11\/derek-dedman.jpg 922w\" sizes=\"auto, (max-width: 300px) 100vw, 300px\" \/><\/div>\n\t\t<\/figure>\n\t<\/div>\n<\/div><\/div><\/div><div class=\"wpb_column vc_column_container vc_col-sm-9\"><div class=\"vc_column-inner\"><div class=\"wpb_wrapper\"><div class=\"vc_row wpb_row vc_inner vc_row-fluid\"><div class=\"wpb_column vc_column_container vc_col-sm-10\"><div class=\"vc_column-inner\"><div class=\"wpb_wrapper\">\n\t<div class=\"wpb_text_column wpb_content_element\" >\n\t\t<div class=\"wpb_wrapper\">\n\t\t\t<h1><strong>Derek Dedman, M.Sc., CFA, CFP<\/strong><\/h1>\n<p><strong><b>Vice-President<\/b><br \/>\n<\/strong>Gestionnaire de portefeuille<br \/>\n<a href=\"https:\/\/www.linkedin.com\/in\/derekdedman\/\">Profil LinkedIn<\/a><\/p>\n<p>En tant que gestionnaire de portefeuille de premi\u00e8re ligne chez WDS, Derek entretient une relation juridique de confiance avec ses clients. Il joue un r\u00f4le central dans le choix du meilleur plan d'investissement pour chaque client, en fonction de sa capacit\u00e9 financi\u00e8re, de ses exigences et de sa capacit\u00e9 \u00e0 prendre des risques.<\/p>\n<p>En tant qu'athl\u00e8te universitaire de volleyball, Derek a obtenu un baccalaur\u00e9at en services financiers appliqu\u00e9s au Lakeland College (2009). Ses r\u00e9alisations acad\u00e9miques comprenaient une moyenne pond\u00e9r\u00e9e cumulative de 4,0 qui lui a valu une place sur la liste du doyen, ainsi que la bourse nationale de l\u2019ACSC et les prix sportifs acad\u00e9miques de l\u2019ACAC. Plus tard, il a obtenu une ma\u00eetrise \u00e8s sciences en planification financi\u00e8re personnelle de la Kansas State University (2015), ainsi que la charte CFA (2012) et le titre de CFP (2009). Derek faisait partie des laur\u00e9ats 2018 du prix Forty Under 40, qui r\u00e9compense les chefs d'entreprise \u00e9mergents de moins de 40 ans dans la r\u00e9gion de la capitale nationale.<\/p>\n<p>Derek a d\u00e9but\u00e9 sa carri\u00e8re en gestion de patrimoine \u00e0 RBC en 2008, puis a rejoint le Conseil des normes de planification financi\u00e8re en 2011, o\u00f9 il a pass\u00e9 pr\u00e8s de quatre ans \u00e0 titre d'expert en d\u00e9veloppement de contenu pour l'examen national de certification CFP. Attir\u00e9 par les interactions avec les clients en 2014, Derek a pass\u00e9 pr\u00e8s d'un an en tant que directeur de la planification financi\u00e8re chez MCA Cross Border Advisors Inc., au service des Canadiens d\u00e9m\u00e9nageant aux \u00c9tats-Unis.<\/p>\n<p>Derek est membre du comit\u00e9 des lignes directrices sur les hypoth\u00e8ses de projection du Conseil des normes de FP Canada. Il est un ancien membre du conseil d'administration de la Fondation de recherche FP Canada, dont il a pr\u00e9sid\u00e9 le comit\u00e9 de recherche. Derek est pr\u00e9sident de The Caring and Sharing Exchange, qui distribue des produits scolaires essentiels et une aide pour No\u00ebl aux personnes les plus dans le besoin. Derek est membre de la CFA Society Ottawa, un r\u00e9seau mondial de professionnels de l'investissement. En dehors du travail, les deux passions de Derek sont sa famille et le volleyball.<\/p>\n\n\t\t<\/div>\n\t<\/div>\n\n\t<div class=\"wpb_text_column wpb_content_element vc_custom_1484774348302\" >\n\t\t<div class=\"wpb_wrapper\">\n\t\t\t<p><strong>Articles de Derek<\/strong><\/p>\n<p><a href=\"http:\/\/www.advocis.ca\/pdf\/Forum\/junjul2015\/p22-23-CRM-JUNE-JULY2015.pdf\">The Rough Guide to CRM<\/a><u><a href=\"http:\/\/www.advocis.ca\/pdf\/Forum\/junjul2015\/p22-23-CRM-JUNE-JULY2015.pdf\"><br \/>\n<\/a><\/u>Forum, Regulation, June\/July 2015<\/p>\n<p><a href=\"http:\/\/www.advocis.ca\/pdf\/Forum\/may2015\/p28-Wealth-Management_MAY2015.pdf\">Annuity Aversion: Why are these guaranteed-for-life products so unpopular?<\/a><u><a href=\"http:\/\/www.advocis.ca\/pdf\/Forum\/may2015\/p28-Wealth-Management_MAY2015.pdf\"><br \/>\n<\/a><\/u>Forum, Wealth Management, May 2015<\/p>\n<p><a href=\"http:\/\/www.advocis.ca\/pdf\/Forum\/Mar2015\/p32-Wealth-Management_MAR2015_5.pdf\">Active versus Passive?: The financial plan is what matters the most<\/a><u><a href=\"http:\/\/www.advocis.ca\/pdf\/Forum\/Mar2015\/p32-Wealth-Management_MAR2015_5.pdf\"><br \/>\n<\/a><\/u>Forum, Wealth Management, March 2015<\/p>\n<p><a href=\"http:\/\/www.advocis.ca\/pdf\/Forum\/novdec2014\/p30-Wealth-Management_NOV-DEC2014_5.pdf\">Advisor Psychology: How advisors\u2019 behaviour changed after the 2008 financial crisis<\/a><u><a href=\"http:\/\/www.advocis.ca\/pdf\/Forum\/novdec2014\/p30-Wealth-Management_NOV-DEC2014_5.pdf\"><br \/>\n<\/a><\/u>Forum, Wealth Management, November\/December 2014<\/p>\n<p><a href=\"http:\/\/www.advocis.ca\/pdf\/Forum\/october2014\/p35-Wealth-Management-OCT2014.pdf\">Deconstructing Investing: Why past performance affects future behavior<\/a><u><a href=\"http:\/\/www.advocis.ca\/pdf\/Forum\/october2014\/p35-Wealth-Management-OCT2014.pdf\"><br \/>\n<\/a><\/u>Forum, Wealth Management, October 2014<\/p>\n<p><a href=\"http:\/\/www.advocis.ca\/pdf\/Forum\/NovDec2013\/wealth-management.pdf\">Savings Schizophrenia \u2013 Understanding behavioural finance can help clients save<\/a><u><a href=\"http:\/\/www.advocis.ca\/pdf\/Forum\/NovDec2013\/wealth-management.pdf\"><br \/>\n<\/a><\/u>Forum, Wealth Management, November\/December 2013<\/p>\n<p><a href=\"http:\/\/www.advocis.ca\/pdf\/Forum\/sept2013\/Wealth-management.pdf\">Assessing Risk \u2013 Avoiding the pothole, hitting the tree<\/a><u><a href=\"http:\/\/www.advocis.ca\/pdf\/Forum\/sept2013\/Wealth-management.pdf\"><br \/>\n<\/a><\/u>Forum, Wealth Management, September 2013<\/p>\n\n\t\t<\/div>\n\t<\/div>\n<\/div><\/div><\/div><div class=\"wpb_column vc_column_container vc_col-sm-2\"><div class=\"vc_column-inner\"><div class=\"wpb_wrapper\">\n\t<div  class=\"wpb_single_image wpb_content_element vc_align_left wpb_content_element\">\n\t\t\n\t\t<figure class=\"wpb_wrapper vc_figure\">\n\t\t\t<div class=\"vc_single_image-wrapper   vc_box_border_grey\"><img loading=\"lazy\" decoding=\"async\" width=\"150\" height=\"150\" src=\"https:\/\/wdsinvest.com\/wp-content\/uploads\/2015\/12\/cfalogo_registered-150x150.gif\" class=\"vc_single_image-img attachment-thumbnail\" alt=\"\" title=\"cfalogo_registered\" srcset=\"https:\/\/wdsinvest.com\/wp-content\/uploads\/2015\/12\/cfalogo_registered-150x150.gif 150w, https:\/\/wdsinvest.com\/wp-content\/uploads\/2015\/12\/cfalogo_registered-80x80.gif 80w, https:\/\/wdsinvest.com\/wp-content\/uploads\/2015\/12\/cfalogo_registered-85x85.gif 85w\" sizes=\"auto, (max-width: 150px) 100vw, 150px\" \/><\/div>\n\t\t<\/figure>\n\t<\/div>\n<\/div><\/div><\/div><\/div><\/div><\/div><\/div><\/div><div class=\"vc_row wpb_row vc_row-fluid\"><div class=\"wpb_column vc_column_container vc_col-sm-12\"><div class=\"vc_column-inner\"><div class=\"wpb_wrapper\"><div class=\"vc_separator wpb_content_element vc_separator_align_center vc_sep_width_100 vc_sep_pos_align_center vc_separator_no_text vc_custom_1449070851457 wpb_content_element  vc_custom_1449070851457 wpb_content_element\" ><span class=\"vc_sep_holder vc_sep_holder_l\"><span style=\"border-color:#dddddd;\" class=\"vc_sep_line\"><\/span><\/span><span class=\"vc_sep_holder vc_sep_holder_r\"><span style=\"border-color:#dddddd;\" class=\"vc_sep_line\"><\/span><\/span>\n<\/div><\/div><\/div><\/div><\/div><div class=\"vc_row wpb_row vc_row-fluid\"><div class=\"wpb_column vc_column_container vc_col-sm-9\"><div class=\"vc_column-inner\"><div class=\"wpb_wrapper\">\n\t<div class=\"wpb_text_column wpb_content_element\" >\n\t\t<div class=\"wpb_wrapper\">\n\t\t\t<blockquote><p>\n\u00ab Je ne suis pas un clone de ma pr\u00e9d\u00e9cesseure, mais je suis d'accord avec elle sur ce que signifie \u00eatre un conseiller de confiance. Les relations avec les clients sont essentielles pour moi afin de garantir que je fasse un excellent travail en tant que gestionnaire de portefeuille. Je ne g\u00e8re pas l\u2019argent, je g\u00e8re les r\u00e9sultats dans la vie des gens. Et bien s\u00fbr, les r\u00e9unions fonctionnent mieux lorsqu\u2019il s\u2019agit de dialogues et non de rapports. \u00bb\n<\/p><\/blockquote>\n\n\t\t<\/div>\n\t<\/div>\n<\/div><\/div><\/div><div class=\"wpb_column vc_column_container vc_col-sm-3\"><div class=\"vc_column-inner\"><div class=\"wpb_wrapper\"><section class=\"vc_cta3-container\"><div class=\"vc_general vc_do_cta3 vc_cta3 vc_cta3-style-custom vc_cta3-shape-rounded vc_cta3-align-left vc_cta3-icon-size-md vc_custom_1496857505254\"><div class=\"vc_cta3_content-container\"><div class=\"vc_cta3-content\"><header class=\"vc_cta3-content-header\"><\/header><p><strong>Appeler Derek:<br \/>\n<\/strong>613-725-1800<br \/>\next. 228<\/p>\n<\/div><\/div><\/div><\/section><\/div><\/div><\/div><\/div><div class=\"vc_row wpb_row vc_row-fluid\"><div class=\"wpb_column vc_column_container vc_col-sm-12\"><div class=\"vc_column-inner\"><div class=\"wpb_wrapper\"><div class=\"vc_empty_space\"   style=\"height: 40px\"><span class=\"vc_empty_space_inner\"><\/span><\/div><\/div><\/div><\/div><\/div>\n<\/div>","protected":false},"excerpt":{"rendered":"Derek Dedman, M.Sc., CFA, CFP Vice-President Portfolio Manager LinkedIn Profile As a front-line Portfolio Manager at WDS, Derek has a legal relationship of trust with his clients. He plays a pivotal role to choose the best investment plan for each client, based on financial capacity, requirements, and ability to undertake<span class=\"excerpt-hellip\"> [\u2026]<\/span>","protected":false},"author":5,"featured_media":0,"parent":123,"menu_order":0,"comment_status":"closed","ping_status":"closed","template":"","meta":{"footnotes":""},"class_list":["post-184","page","type-page","status-publish","hentry"],"yoast_head":"<!-- This site is optimized with the Yoast SEO plugin v27.3 - https:\/\/yoast.com\/product\/yoast-seo-wordpress\/ -->\n<title>Derek Dedman, M.Sc., CFA, CFP. - Watson Di Primio Steel (WDS)<\/title>\n<meta name=\"robots\" content=\"index, follow, max-snippet:-1, max-image-preview:large, max-video-preview:-1\" \/>\n<link rel=\"canonical\" href=\"https:\/\/wdsinvest.com\/fr\/wds-people\/derek-dedman\/\" \/>\n<meta property=\"og:locale\" content=\"fr_FR\" \/>\n<meta property=\"og:type\" content=\"article\" \/>\n<meta property=\"og:title\" content=\"Derek Dedman, M.Sc., CFA, CFP. - Watson Di Primio Steel (WDS)\" \/>\n<meta property=\"og:url\" content=\"https:\/\/wdsinvest.com\/fr\/wds-people\/derek-dedman\/\" \/>\n<meta property=\"og:site_name\" content=\"Watson Di Primio Steel (WDS)\" \/>\n<meta property=\"article:publisher\" content=\"https:\/\/www.linkedin.com\/company\/watson-di-primio-steel-wds-investment-management-ltd-\" \/>\n<meta property=\"article:modified_time\" content=\"2020-09-01T15:31:10+00:00\" \/>\n<meta name=\"twitter:card\" content=\"summary_large_image\" \/>\n<meta name=\"twitter:site\" content=\"@wdsinvest\" \/>\n<meta name=\"twitter:label1\" content=\"Dur\u00e9e de lecture estim\u00e9e\" \/>\n\t<meta name=\"twitter:data1\" content=\"3 minutes\" \/>\n<script type=\"application\/ld+json\" class=\"yoast-schema-graph\">{\"@context\":\"https:\\\/\\\/schema.org\",\"@graph\":[{\"@type\":\"WebPage\",\"@id\":\"https:\\\/\\\/wdsinvest.com\\\/wds-people\\\/derek-dedman\\\/\",\"url\":\"https:\\\/\\\/wdsinvest.com\\\/wds-people\\\/derek-dedman\\\/\",\"name\":\"Derek Dedman, M.Sc., CFA, CFP. - Watson Di Primio Steel (WDS)\",\"isPartOf\":{\"@id\":\"https:\\\/\\\/wdsinvest.com\\\/#website\"},\"datePublished\":\"2015-12-01T16:29:08+00:00\",\"dateModified\":\"2020-09-01T15:31:10+00:00\",\"breadcrumb\":{\"@id\":\"https:\\\/\\\/wdsinvest.com\\\/wds-people\\\/derek-dedman\\\/#breadcrumb\"},\"inLanguage\":\"fr-FR\",\"potentialAction\":[{\"@type\":\"ReadAction\",\"target\":[\"https:\\\/\\\/wdsinvest.com\\\/wds-people\\\/derek-dedman\\\/\"]}]},{\"@type\":\"BreadcrumbList\",\"@id\":\"https:\\\/\\\/wdsinvest.com\\\/wds-people\\\/derek-dedman\\\/#breadcrumb\",\"itemListElement\":[{\"@type\":\"ListItem\",\"position\":1,\"name\":\"Home\",\"item\":\"https:\\\/\\\/wdsinvest.com\\\/\"},{\"@type\":\"ListItem\",\"position\":2,\"name\":\"People\",\"item\":\"https:\\\/\\\/wdsinvest.com\\\/wds-people\\\/\"},{\"@type\":\"ListItem\",\"position\":3,\"name\":\"Derek Dedman, M.Sc., CFA, CFP.\"}]},{\"@type\":\"WebSite\",\"@id\":\"https:\\\/\\\/wdsinvest.com\\\/#website\",\"url\":\"https:\\\/\\\/wdsinvest.com\\\/\",\"name\":\"Watson Di Primio Steel (WDS)\",\"description\":\"\",\"publisher\":{\"@id\":\"https:\\\/\\\/wdsinvest.com\\\/#organization\"},\"potentialAction\":[{\"@type\":\"SearchAction\",\"target\":{\"@type\":\"EntryPoint\",\"urlTemplate\":\"https:\\\/\\\/wdsinvest.com\\\/?s={search_term_string}\"},\"query-input\":{\"@type\":\"PropertyValueSpecification\",\"valueRequired\":true,\"valueName\":\"search_term_string\"}}],\"inLanguage\":\"fr-FR\"},{\"@type\":\"Organization\",\"@id\":\"https:\\\/\\\/wdsinvest.com\\\/#organization\",\"name\":\"WDS - Ottawa Wealth Management\",\"url\":\"https:\\\/\\\/wdsinvest.com\\\/\",\"logo\":{\"@type\":\"ImageObject\",\"inLanguage\":\"fr-FR\",\"@id\":\"https:\\\/\\\/wdsinvest.com\\\/#\\\/schema\\\/logo\\\/image\\\/\",\"url\":\"https:\\\/\\\/wdsinvest.com\\\/wp-content\\\/uploads\\\/2016\\\/01\\\/favicon.png\",\"contentUrl\":\"https:\\\/\\\/wdsinvest.com\\\/wp-content\\\/uploads\\\/2016\\\/01\\\/favicon.png\",\"width\":32,\"height\":32,\"caption\":\"WDS - Ottawa Wealth Management\"},\"image\":{\"@id\":\"https:\\\/\\\/wdsinvest.com\\\/#\\\/schema\\\/logo\\\/image\\\/\"},\"sameAs\":[\"https:\\\/\\\/www.linkedin.com\\\/company\\\/watson-di-primio-steel-wds-investment-management-ltd-\",\"https:\\\/\\\/x.com\\\/wdsinvest\"]}]}<\/script>\n<!-- \/ Yoast SEO plugin. -->","yoast_head_json":{"title":"Derek Dedman, M.Sc., CFA, CFP. - Watson Di Primio Steel (WDS)","robots":{"index":"index","follow":"follow","max-snippet":"max-snippet:-1","max-image-preview":"max-image-preview:large","max-video-preview":"max-video-preview:-1"},"canonical":"https:\/\/wdsinvest.com\/fr\/wds-people\/derek-dedman\/","og_locale":"fr_FR","og_type":"article","og_title":"Derek Dedman, M.Sc., CFA, CFP. - Watson Di Primio Steel (WDS)","og_url":"https:\/\/wdsinvest.com\/fr\/wds-people\/derek-dedman\/","og_site_name":"Watson Di Primio Steel (WDS)","article_publisher":"https:\/\/www.linkedin.com\/company\/watson-di-primio-steel-wds-investment-management-ltd-","article_modified_time":"2020-09-01T15:31:10+00:00","twitter_card":"summary_large_image","twitter_site":"@wdsinvest","twitter_misc":{"Dur\u00e9e de lecture estim\u00e9e":"3 minutes"},"schema":{"@context":"https:\/\/schema.org","@graph":[{"@type":"WebPage","@id":"https:\/\/wdsinvest.com\/wds-people\/derek-dedman\/","url":"https:\/\/wdsinvest.com\/wds-people\/derek-dedman\/","name":"Derek Dedman, M.Sc., CFA, CFP. - Watson Di Primio Steel (WDS)","isPartOf":{"@id":"https:\/\/wdsinvest.com\/#website"},"datePublished":"2015-12-01T16:29:08+00:00","dateModified":"2020-09-01T15:31:10+00:00","breadcrumb":{"@id":"https:\/\/wdsinvest.com\/wds-people\/derek-dedman\/#breadcrumb"},"inLanguage":"fr-FR","potentialAction":[{"@type":"ReadAction","target":["https:\/\/wdsinvest.com\/wds-people\/derek-dedman\/"]}]},{"@type":"BreadcrumbList","@id":"https:\/\/wdsinvest.com\/wds-people\/derek-dedman\/#breadcrumb","itemListElement":[{"@type":"ListItem","position":1,"name":"Home","item":"https:\/\/wdsinvest.com\/"},{"@type":"ListItem","position":2,"name":"People","item":"https:\/\/wdsinvest.com\/wds-people\/"},{"@type":"ListItem","position":3,"name":"Derek Dedman, M.Sc., CFA, CFP."}]},{"@type":"WebSite","@id":"https:\/\/wdsinvest.com\/#website","url":"https:\/\/wdsinvest.com\/","name":"Watson Di Primio Steel (WDS)","description":"","publisher":{"@id":"https:\/\/wdsinvest.com\/#organization"},"potentialAction":[{"@type":"SearchAction","target":{"@type":"EntryPoint","urlTemplate":"https:\/\/wdsinvest.com\/?s={search_term_string}"},"query-input":{"@type":"PropertyValueSpecification","valueRequired":true,"valueName":"search_term_string"}}],"inLanguage":"fr-FR"},{"@type":"Organization","@id":"https:\/\/wdsinvest.com\/#organization","name":"WDS - Ottawa Wealth Management","url":"https:\/\/wdsinvest.com\/","logo":{"@type":"ImageObject","inLanguage":"fr-FR","@id":"https:\/\/wdsinvest.com\/#\/schema\/logo\/image\/","url":"https:\/\/wdsinvest.com\/wp-content\/uploads\/2016\/01\/favicon.png","contentUrl":"https:\/\/wdsinvest.com\/wp-content\/uploads\/2016\/01\/favicon.png","width":32,"height":32,"caption":"WDS - Ottawa Wealth Management"},"image":{"@id":"https:\/\/wdsinvest.com\/#\/schema\/logo\/image\/"},"sameAs":["https:\/\/www.linkedin.com\/company\/watson-di-primio-steel-wds-investment-management-ltd-","https:\/\/x.com\/wdsinvest"]}]}},"_links":{"self":[{"href":"https:\/\/wdsinvest.com\/fr\/wp-json\/wp\/v2\/pages\/184","targetHints":{"allow":["GET"]}}],"collection":[{"href":"https:\/\/wdsinvest.com\/fr\/wp-json\/wp\/v2\/pages"}],"about":[{"href":"https:\/\/wdsinvest.com\/fr\/wp-json\/wp\/v2\/types\/page"}],"author":[{"embeddable":true,"href":"https:\/\/wdsinvest.com\/fr\/wp-json\/wp\/v2\/users\/5"}],"replies":[{"embeddable":true,"href":"https:\/\/wdsinvest.com\/fr\/wp-json\/wp\/v2\/comments?post=184"}],"version-history":[{"count":26,"href":"https:\/\/wdsinvest.com\/fr\/wp-json\/wp\/v2\/pages\/184\/revisions"}],"predecessor-version":[{"id":1830,"href":"https:\/\/wdsinvest.com\/fr\/wp-json\/wp\/v2\/pages\/184\/revisions\/1830"}],"up":[{"embeddable":true,"href":"https:\/\/wdsinvest.com\/fr\/wp-json\/wp\/v2\/pages\/123"}],"wp:attachment":[{"href":"https:\/\/wdsinvest.com\/fr\/wp-json\/wp\/v2\/media?parent=184"}],"curies":[{"name":"wp","href":"https:\/\/api.w.org\/{rel}","templated":true}]}}