{"id":1280,"date":"2017-04-03T18:18:09","date_gmt":"2017-04-03T18:18:09","guid":{"rendered":"http:\/\/wdsinvest.com\/?page_id=1280"},"modified":"2021-12-08T20:47:13","modified_gmt":"2021-12-08T20:47:13","slug":"richard-coffin","status":"publish","type":"page","link":"https:\/\/wdsinvest.com\/fr\/wds-people\/richard-coffin\/","title":{"rendered":"Richard Coffin, CFA, CFP"},"content":{"rendered":"<div class=\"wpb-content-wrapper\"><div class=\"vc_row wpb_row vc_row-fluid\"><div class=\"wpb_column vc_column_container vc_col-sm-12\"><div class=\"vc_column-inner\"><div class=\"wpb_wrapper\"><div class=\"vc_row wpb_row vc_inner vc_row-fluid\"><div class=\"wpb_column vc_column_container vc_col-sm-12\"><div class=\"vc_column-inner\"><div class=\"wpb_wrapper\"><div class=\"vc_empty_space\"   style=\"height: 40px\"><span class=\"vc_empty_space_inner\"><\/span><\/div><\/div><\/div><\/div><\/div><div class=\"vc_row wpb_row vc_inner vc_row-fluid\"><div class=\"wpb_column vc_column_container vc_col-sm-3\"><div class=\"vc_column-inner\"><div class=\"wpb_wrapper\">\n\t<div  class=\"wpb_single_image wpb_content_element vc_align_left wpb_content_element\">\n\t\t\n\t\t<figure class=\"wpb_wrapper vc_figure\">\n\t\t\t<div class=\"vc_single_image-wrapper vc_box_circle  vc_box_border_grey\"><img loading=\"lazy\" decoding=\"async\" width=\"300\" height=\"300\" src=\"https:\/\/wdsinvest.com\/wp-content\/uploads\/2017\/04\/richard-coffin-300x300.jpg\" class=\"vc_single_image-img attachment-medium\" alt=\"\" title=\"richard-coffin\" srcset=\"https:\/\/wdsinvest.com\/wp-content\/uploads\/2017\/04\/richard-coffin-300x300.jpg 300w, https:\/\/wdsinvest.com\/wp-content\/uploads\/2017\/04\/richard-coffin-150x150.jpg 150w, https:\/\/wdsinvest.com\/wp-content\/uploads\/2017\/04\/richard-coffin-768x768.jpg 768w, https:\/\/wdsinvest.com\/wp-content\/uploads\/2017\/04\/richard-coffin-146x146.jpg 146w, https:\/\/wdsinvest.com\/wp-content\/uploads\/2017\/04\/richard-coffin-50x50.jpg 50w, https:\/\/wdsinvest.com\/wp-content\/uploads\/2017\/04\/richard-coffin-75x75.jpg 75w, https:\/\/wdsinvest.com\/wp-content\/uploads\/2017\/04\/richard-coffin-85x85.jpg 85w, https:\/\/wdsinvest.com\/wp-content\/uploads\/2017\/04\/richard-coffin-80x80.jpg 80w, https:\/\/wdsinvest.com\/wp-content\/uploads\/2017\/04\/richard-coffin.jpg 900w\" sizes=\"auto, (max-width: 300px) 100vw, 300px\" \/><\/div>\n\t\t<\/figure>\n\t<\/div>\n<\/div><\/div><\/div><div class=\"wpb_column vc_column_container vc_col-sm-9\"><div class=\"vc_column-inner\"><div class=\"wpb_wrapper\">\n\t<div class=\"wpb_text_column wpb_content_element\" >\n\t\t<div class=\"wpb_wrapper\">\n\t\t\t<h1><strong>Richard Coffin, CFA, CFP<\/strong><\/h1>\n<p><strong>Portfolio Manager and Investment Analyst<br \/>\n<\/strong><a href=\"https:\/\/www.linkedin.com\/in\/richardcoffin\/\">Profil LinkedIn<\/a><\/p>\n<p>Richard est membre du CFA Institute et a r\u00e9cemment acquis son titre de CFP. Avant de rejoindre WDS, il \u00e9tait n\u00e9gociateur de portefeuille client pour Gestion financi\u00e8re MD, surveillant et n\u00e9gociant des portefeuilles centralis\u00e9s pour des clients fortun\u00e9s. Au cours de son mandat chez MD, Richard a d\u00e9montr\u00e9 de solides comp\u00e9tences analytiques et un sens de l'efficacit\u00e9, d\u00e9veloppant des outils et des processus de restructuration pour l'entreprise afin de promouvoir l'int\u00e9grit\u00e9 des donn\u00e9es.<\/p>\n<p>Richard a perfectionn\u00e9 son sens aigu des finances et des affaires gr\u00e2ce \u00e0 un baccalaur\u00e9at en commerce (finance) de l'Universit\u00e9 Carleton. Malgr\u00e9 ses multiples activit\u00e9s parascolaires, il a obtenu une moyenne sup\u00e9rieure \u00e0 la moyenne (10,81 sur 12), ce qui a conduit \u00e0 son intronisation \u00e0 la soci\u00e9t\u00e9 d'honneur des affaires Beta Gamma Sigma et lui a valu une place sur la liste du doyen.<\/p>\n<p>\u00c0 Carleton, Richard \u00e9tait un membre actif de la communaut\u00e9 Sprott et a exerc\u00e9 ses comp\u00e9tences entrepreneuriales cr\u00e9atives dans divers r\u00f4les. Il a d\u2019abord \u00e9t\u00e9 animateur, puis chef d\u2019\u00e9quipe d\u2019animateurs pour le programme de sessions d\u2019\u00e9tudes assist\u00e9es par les pairs de l\u2019universit\u00e9, d\u00e9veloppant et dispensant des ateliers d\u2019\u00e9tudiants en \u00e9conomie. Deuxi\u00e8mement, Richard s\u2019est port\u00e9 volontaire en tant que vice-pr\u00e9sident des relations externes pour la Sprott Business Students\u2019 Society. En 2015, lui et deux de ses co\u00e9quipiers de Carleton ont remport\u00e9 la premi\u00e8re place du Global Family Enterprise Case Competition contre des \u00e9quipes internationales de la ligue de premier cycle.<\/p>\n<p>Richard estime que la cr\u00e9ativit\u00e9 est un \u00e9l\u00e9ment important du m\u00e9tier d\u2019analyste en investissement. Soucieux du d\u00e9tail et ax\u00e9 sur l\u2019efficacit\u00e9, il est toujours pr\u00eat \u00e0 envisager ce qui n\u2019est pas conventionnel. Il pr\u00e9voit d'exploiter sa r\u00e9flexion originale pour trouver les meilleures opportunit\u00e9s et solutions pour les clients de WDS.<\/p>\n<p>Son amour de la finance et de l\u2019\u00e9ducation s\u2019\u00e9tend \u00e9galement \u00e0 ses passe-temps et activit\u00e9s de temps libre. Combinant les deux avec son affinit\u00e9 pour les m\u00e9dias sociaux, il propose d\u00e9sormais une s\u00e9rie de vid\u00e9os YouTube sur l'investissement pour les jeunes adultes. Son all\u00e9geance \u00e0 son alma mater se poursuit \u00e9galement, avec une participation \u00e0 des \u00e9v\u00e9nements de r\u00e9seautage d'affaires et de mentorat. <\/p>\n\n\t\t<\/div>\n\t<\/div>\n<\/div><\/div><\/div><\/div><div class=\"vc_separator wpb_content_element vc_separator_align_center vc_sep_width_100 vc_sep_pos_align_center vc_separator_no_text vc_custom_1449071177574 wpb_content_element  vc_custom_1449071177574 wpb_content_element\" ><span class=\"vc_sep_holder vc_sep_holder_l\"><span style=\"border-color:#dddddd;\" class=\"vc_sep_line\"><\/span><\/span><span class=\"vc_sep_holder vc_sep_holder_r\"><span style=\"border-color:#dddddd;\" class=\"vc_sep_line\"><\/span><\/span>\n<\/div><div class=\"vc_row wpb_row vc_inner vc_row-fluid vc_custom_1449071188462\"><div class=\"wpb_column vc_column_container vc_col-sm-9\"><div class=\"vc_column-inner\"><div class=\"wpb_wrapper\">\n\t<div class=\"wpb_text_column wpb_content_element\" >\n\t\t<div class=\"wpb_wrapper\">\n\t\t\t<blockquote><p>\n\u00ab Chez WDS, un gestionnaire de portefeuille est le principal point de contact dans la relation de conseil de chaque client. Une connaissance intime des clients se traduit par un portefeuille \u00ab adapt\u00e9 \u00e0 son objectif \u00bb, adapt\u00e9 et bas\u00e9 sur la r\u00e9alisation de leurs objectifs financiers d\u00e9clar\u00e9s. \u00bb\n<\/p><\/blockquote>\n\n\t\t<\/div>\n\t<\/div>\n<\/div><\/div><\/div><div class=\"wpb_column vc_column_container vc_col-sm-3\"><div class=\"vc_column-inner\"><div class=\"wpb_wrapper\"><section class=\"vc_cta3-container\"><div class=\"vc_general vc_do_cta3 vc_cta3 vc_cta3-style-custom vc_cta3-shape-rounded vc_cta3-align-left vc_cta3-icon-size-md vc_custom_1496857550586\"><div class=\"vc_cta3_content-container\"><div class=\"vc_cta3-content\"><header class=\"vc_cta3-content-header\"><\/header><p><strong>Appeler Richard:<\/strong><br \/>\n613.725.1800<br \/>\next. 222<\/p>\n<\/div><\/div><\/div><\/section><\/div><\/div><\/div><\/div><\/div><\/div><\/div><\/div>\n<\/div>","protected":false},"excerpt":{"rendered":"Richard Coffin, CFA, CFP Portfolio Manager and Investment Analyst LinkedIn Profile Richard is a member of the CFA Institute and recently acquired his CFP designation. Prior to joining WDS, he was a client portfolio trader for MD Financial Management, monitoring and trading centralized portfolios for high net-worth clients. During his<span class=\"excerpt-hellip\"> [\u2026]<\/span>","protected":false},"author":5,"featured_media":0,"parent":123,"menu_order":0,"comment_status":"closed","ping_status":"closed","template":"","meta":{"footnotes":""},"class_list":["post-1280","page","type-page","status-publish","hentry"],"yoast_head":"<!-- This site is optimized with the Yoast SEO plugin v27.3 - https:\/\/yoast.com\/product\/yoast-seo-wordpress\/ -->\n<title>Richard Coffin, CFA, CFP - Watson Di Primio Steel (WDS)<\/title>\n<meta name=\"robots\" content=\"index, follow, max-snippet:-1, max-image-preview:large, max-video-preview:-1\" \/>\n<link rel=\"canonical\" href=\"https:\/\/wdsinvest.com\/fr\/wds-people\/richard-coffin\/\" \/>\n<meta property=\"og:locale\" content=\"fr_FR\" \/>\n<meta property=\"og:type\" content=\"article\" \/>\n<meta property=\"og:title\" content=\"Richard Coffin, CFA, CFP - Watson Di Primio Steel (WDS)\" \/>\n<meta property=\"og:url\" content=\"https:\/\/wdsinvest.com\/fr\/wds-people\/richard-coffin\/\" \/>\n<meta property=\"og:site_name\" content=\"Watson Di Primio Steel (WDS)\" \/>\n<meta property=\"article:publisher\" content=\"https:\/\/www.linkedin.com\/company\/watson-di-primio-steel-wds-investment-management-ltd-\" \/>\n<meta property=\"article:modified_time\" content=\"2021-12-08T20:47:13+00:00\" \/>\n<meta name=\"twitter:card\" content=\"summary_large_image\" \/>\n<meta name=\"twitter:site\" content=\"@wdsinvest\" \/>\n<meta name=\"twitter:label1\" content=\"Dur\u00e9e de lecture estim\u00e9e\" \/>\n\t<meta name=\"twitter:data1\" content=\"2 minutes\" \/>\n<script type=\"application\/ld+json\" class=\"yoast-schema-graph\">{\"@context\":\"https:\\\/\\\/schema.org\",\"@graph\":[{\"@type\":\"WebPage\",\"@id\":\"https:\\\/\\\/wdsinvest.com\\\/wds-people\\\/richard-coffin\\\/\",\"url\":\"https:\\\/\\\/wdsinvest.com\\\/wds-people\\\/richard-coffin\\\/\",\"name\":\"Richard Coffin, CFA, CFP - Watson Di Primio Steel (WDS)\",\"isPartOf\":{\"@id\":\"https:\\\/\\\/wdsinvest.com\\\/#website\"},\"datePublished\":\"2017-04-03T18:18:09+00:00\",\"dateModified\":\"2021-12-08T20:47:13+00:00\",\"breadcrumb\":{\"@id\":\"https:\\\/\\\/wdsinvest.com\\\/wds-people\\\/richard-coffin\\\/#breadcrumb\"},\"inLanguage\":\"fr-FR\",\"potentialAction\":[{\"@type\":\"ReadAction\",\"target\":[\"https:\\\/\\\/wdsinvest.com\\\/wds-people\\\/richard-coffin\\\/\"]}]},{\"@type\":\"BreadcrumbList\",\"@id\":\"https:\\\/\\\/wdsinvest.com\\\/wds-people\\\/richard-coffin\\\/#breadcrumb\",\"itemListElement\":[{\"@type\":\"ListItem\",\"position\":1,\"name\":\"Home\",\"item\":\"https:\\\/\\\/wdsinvest.com\\\/\"},{\"@type\":\"ListItem\",\"position\":2,\"name\":\"People\",\"item\":\"https:\\\/\\\/wdsinvest.com\\\/wds-people\\\/\"},{\"@type\":\"ListItem\",\"position\":3,\"name\":\"Richard Coffin, CFA, CFP\"}]},{\"@type\":\"WebSite\",\"@id\":\"https:\\\/\\\/wdsinvest.com\\\/#website\",\"url\":\"https:\\\/\\\/wdsinvest.com\\\/\",\"name\":\"Watson Di Primio Steel (WDS)\",\"description\":\"\",\"publisher\":{\"@id\":\"https:\\\/\\\/wdsinvest.com\\\/#organization\"},\"potentialAction\":[{\"@type\":\"SearchAction\",\"target\":{\"@type\":\"EntryPoint\",\"urlTemplate\":\"https:\\\/\\\/wdsinvest.com\\\/?s={search_term_string}\"},\"query-input\":{\"@type\":\"PropertyValueSpecification\",\"valueRequired\":true,\"valueName\":\"search_term_string\"}}],\"inLanguage\":\"fr-FR\"},{\"@type\":\"Organization\",\"@id\":\"https:\\\/\\\/wdsinvest.com\\\/#organization\",\"name\":\"WDS - Ottawa Wealth Management\",\"url\":\"https:\\\/\\\/wdsinvest.com\\\/\",\"logo\":{\"@type\":\"ImageObject\",\"inLanguage\":\"fr-FR\",\"@id\":\"https:\\\/\\\/wdsinvest.com\\\/#\\\/schema\\\/logo\\\/image\\\/\",\"url\":\"https:\\\/\\\/wdsinvest.com\\\/wp-content\\\/uploads\\\/2016\\\/01\\\/favicon.png\",\"contentUrl\":\"https:\\\/\\\/wdsinvest.com\\\/wp-content\\\/uploads\\\/2016\\\/01\\\/favicon.png\",\"width\":32,\"height\":32,\"caption\":\"WDS - Ottawa Wealth Management\"},\"image\":{\"@id\":\"https:\\\/\\\/wdsinvest.com\\\/#\\\/schema\\\/logo\\\/image\\\/\"},\"sameAs\":[\"https:\\\/\\\/www.linkedin.com\\\/company\\\/watson-di-primio-steel-wds-investment-management-ltd-\",\"https:\\\/\\\/x.com\\\/wdsinvest\"]}]}<\/script>\n<!-- \/ Yoast SEO plugin. -->","yoast_head_json":{"title":"Richard Coffin, CFA, CFP - Watson Di Primio Steel (WDS)","robots":{"index":"index","follow":"follow","max-snippet":"max-snippet:-1","max-image-preview":"max-image-preview:large","max-video-preview":"max-video-preview:-1"},"canonical":"https:\/\/wdsinvest.com\/fr\/wds-people\/richard-coffin\/","og_locale":"fr_FR","og_type":"article","og_title":"Richard Coffin, CFA, CFP - Watson Di Primio Steel (WDS)","og_url":"https:\/\/wdsinvest.com\/fr\/wds-people\/richard-coffin\/","og_site_name":"Watson Di Primio Steel (WDS)","article_publisher":"https:\/\/www.linkedin.com\/company\/watson-di-primio-steel-wds-investment-management-ltd-","article_modified_time":"2021-12-08T20:47:13+00:00","twitter_card":"summary_large_image","twitter_site":"@wdsinvest","twitter_misc":{"Dur\u00e9e de lecture estim\u00e9e":"2 minutes"},"schema":{"@context":"https:\/\/schema.org","@graph":[{"@type":"WebPage","@id":"https:\/\/wdsinvest.com\/wds-people\/richard-coffin\/","url":"https:\/\/wdsinvest.com\/wds-people\/richard-coffin\/","name":"Richard Coffin, CFA, CFP - Watson Di Primio Steel (WDS)","isPartOf":{"@id":"https:\/\/wdsinvest.com\/#website"},"datePublished":"2017-04-03T18:18:09+00:00","dateModified":"2021-12-08T20:47:13+00:00","breadcrumb":{"@id":"https:\/\/wdsinvest.com\/wds-people\/richard-coffin\/#breadcrumb"},"inLanguage":"fr-FR","potentialAction":[{"@type":"ReadAction","target":["https:\/\/wdsinvest.com\/wds-people\/richard-coffin\/"]}]},{"@type":"BreadcrumbList","@id":"https:\/\/wdsinvest.com\/wds-people\/richard-coffin\/#breadcrumb","itemListElement":[{"@type":"ListItem","position":1,"name":"Home","item":"https:\/\/wdsinvest.com\/"},{"@type":"ListItem","position":2,"name":"People","item":"https:\/\/wdsinvest.com\/wds-people\/"},{"@type":"ListItem","position":3,"name":"Richard Coffin, CFA, CFP"}]},{"@type":"WebSite","@id":"https:\/\/wdsinvest.com\/#website","url":"https:\/\/wdsinvest.com\/","name":"Watson Di Primio Steel (WDS)","description":"","publisher":{"@id":"https:\/\/wdsinvest.com\/#organization"},"potentialAction":[{"@type":"SearchAction","target":{"@type":"EntryPoint","urlTemplate":"https:\/\/wdsinvest.com\/?s={search_term_string}"},"query-input":{"@type":"PropertyValueSpecification","valueRequired":true,"valueName":"search_term_string"}}],"inLanguage":"fr-FR"},{"@type":"Organization","@id":"https:\/\/wdsinvest.com\/#organization","name":"WDS - Ottawa Wealth Management","url":"https:\/\/wdsinvest.com\/","logo":{"@type":"ImageObject","inLanguage":"fr-FR","@id":"https:\/\/wdsinvest.com\/#\/schema\/logo\/image\/","url":"https:\/\/wdsinvest.com\/wp-content\/uploads\/2016\/01\/favicon.png","contentUrl":"https:\/\/wdsinvest.com\/wp-content\/uploads\/2016\/01\/favicon.png","width":32,"height":32,"caption":"WDS - Ottawa Wealth Management"},"image":{"@id":"https:\/\/wdsinvest.com\/#\/schema\/logo\/image\/"},"sameAs":["https:\/\/www.linkedin.com\/company\/watson-di-primio-steel-wds-investment-management-ltd-","https:\/\/x.com\/wdsinvest"]}]}},"_links":{"self":[{"href":"https:\/\/wdsinvest.com\/fr\/wp-json\/wp\/v2\/pages\/1280","targetHints":{"allow":["GET"]}}],"collection":[{"href":"https:\/\/wdsinvest.com\/fr\/wp-json\/wp\/v2\/pages"}],"about":[{"href":"https:\/\/wdsinvest.com\/fr\/wp-json\/wp\/v2\/types\/page"}],"author":[{"embeddable":true,"href":"https:\/\/wdsinvest.com\/fr\/wp-json\/wp\/v2\/users\/5"}],"replies":[{"embeddable":true,"href":"https:\/\/wdsinvest.com\/fr\/wp-json\/wp\/v2\/comments?post=1280"}],"version-history":[{"count":17,"href":"https:\/\/wdsinvest.com\/fr\/wp-json\/wp\/v2\/pages\/1280\/revisions"}],"predecessor-version":[{"id":1918,"href":"https:\/\/wdsinvest.com\/fr\/wp-json\/wp\/v2\/pages\/1280\/revisions\/1918"}],"up":[{"embeddable":true,"href":"https:\/\/wdsinvest.com\/fr\/wp-json\/wp\/v2\/pages\/123"}],"wp:attachment":[{"href":"https:\/\/wdsinvest.com\/fr\/wp-json\/wp\/v2\/media?parent=1280"}],"curies":[{"name":"wp","href":"https:\/\/api.w.org\/{rel}","templated":true}]}}