{"id":123,"date":"2015-11-30T02:44:41","date_gmt":"2015-11-30T02:44:41","guid":{"rendered":"http:\/\/wdsinvest.com\/?page_id=123"},"modified":"2024-04-18T20:22:17","modified_gmt":"2024-04-18T20:22:17","slug":"wds-people","status":"publish","type":"page","link":"https:\/\/wdsinvest.com\/fr\/wds-people\/","title":{"rendered":"Personnes"},"content":{"rendered":"<div class=\"wpb-content-wrapper\"><div data-vc-full-width=\"true\" data-vc-full-width-init=\"false\" class=\"vc_row wpb_row vc_row-fluid vc_custom_1448829090472 vc_row-has-fill\"><div class=\"wpb_column vc_column_container vc_col-sm-12\"><div class=\"vc_column-inner\"><div class=\"wpb_wrapper\">\n\t<div class=\"wpb_text_column wpb_content_element vc_custom_1485204294689\" >\n\t\t<div class=\"wpb_wrapper\">\n\t\t\t<h1 class=\"subheader-h1\">Chez WDS, notre atout le plus important est la relation privil\u00e9gi\u00e9e que nous entretenons avec nos clients. Nous sommes fiers de bien conna\u00eetre nos clients et de mieux conna\u00eetre leurs objectifs financiers et leurs besoins en mati\u00e8re d\u2019investissement. En tant que professionnels de la gestion de patrimoine, notre d\u00e9fi \u2013 et notre opportunit\u00e9 \u2013 est de pr\u00e9server et d\u2019am\u00e9liorer vos actifs pour l\u2019avenir.<\/h1>\n\n\t\t<\/div>\n\t<\/div>\n<\/div><\/div><\/div><\/div><div class=\"vc_row-full-width vc_clearfix\"><\/div><div class=\"vc_row wpb_row vc_row-fluid\"><div class=\"wpb_column vc_column_container vc_col-sm-12\"><div class=\"vc_column-inner\"><div class=\"wpb_wrapper\"><div class=\"vc_empty_space\"   style=\"height: 40px\"><span class=\"vc_empty_space_inner\"><\/span><\/div><\/div><\/div><\/div><\/div><div class=\"vc_row wpb_row vc_row-fluid vc_custom_1448851795902\"><div class=\"wpb_column vc_column_container vc_col-sm-8\"><div class=\"vc_column-inner\"><div class=\"wpb_wrapper\">\n\t<div class=\"wpb_text_column wpb_content_element\" >\n\t\t<div class=\"wpb_wrapper\">\n\t\t\t<p>Nous travaillons en \u00e9quipe coll\u00e9giale, en nous appuyant sur l\u2019exp\u00e9rience de chacun et en \u00e9tant d\u00e9sireux de d\u00e9battre des id\u00e9es d\u2019investissement. Cette approche d\u2019investissement encourage l\u2019ind\u00e9pendance de pens\u00e9e et de style de chacun. Notre seul objectif est de produire des rendements \u00e0 long terme pour les personnes dont nous g\u00e9rons l\u2019argent.<\/p>\n<p>Les employ\u00e9s de WDS s\u2019efforcent de fournir un service client exceptionnel en s\u2019acquittant de leurs t\u00e2ches quotidiennes avec pr\u00e9cision, efficacit\u00e9 et discr\u00e9tion. Cette approche garantit que nos relations avec nos clients sont durables.<\/p>\n\n\t\t<\/div>\n\t<\/div>\n<\/div><\/div><\/div><div class=\"wpb_column vc_column_container vc_col-sm-4\"><div class=\"vc_column-inner\"><div class=\"wpb_wrapper\"><\/div><\/div><\/div><\/div><div class=\"vc_row wpb_row vc_row-fluid\"><div class=\"wpb_column vc_column_container vc_col-sm-12\"><div class=\"vc_column-inner\"><div class=\"wpb_wrapper\"><div class=\"vc_separator wpb_content_element vc_separator_align_center vc_sep_width_100 vc_sep_pos_align_center vc_separator_no_text vc_sep_color_grey vc_custom_1449071242710 wpb_content_element  vc_custom_1449071242710 wpb_content_element\" ><span class=\"vc_sep_holder vc_sep_holder_l\"><span class=\"vc_sep_line\"><\/span><\/span><span class=\"vc_sep_holder vc_sep_holder_r\"><span class=\"vc_sep_line\"><\/span><\/span>\n<\/div><\/div><\/div><\/div><\/div><div class=\"vc_row wpb_row vc_row-fluid\"><div class=\"wpb_column vc_column_container vc_col-sm-3\"><div class=\"vc_column-inner\"><div class=\"wpb_wrapper\">\n\t<div  class=\"wpb_single_image wpb_content_element vc_align_center wpb_content_element\">\n\t\t\n\t\t<figure class=\"wpb_wrapper vc_figure\">\n\t\t\t<a href=\"http:\/\/wdsinvest.com\/fr\/wds-people\/stephen-watson\/\" target=\"_self\" class=\"vc_single_image-wrapper vc_box_circle  vc_box_border_grey\"><img loading=\"lazy\" decoding=\"async\" width=\"300\" height=\"300\" src=\"https:\/\/wdsinvest.com\/wp-content\/uploads\/2015\/12\/stephen-watson-300x300.jpg\" class=\"vc_single_image-img attachment-medium\" alt=\"\" title=\"stephen-watson\" srcset=\"https:\/\/wdsinvest.com\/wp-content\/uploads\/2015\/12\/stephen-watson-300x300.jpg 300w, https:\/\/wdsinvest.com\/wp-content\/uploads\/2015\/12\/stephen-watson-150x150.jpg 150w, https:\/\/wdsinvest.com\/wp-content\/uploads\/2015\/12\/stephen-watson-146x146.jpg 146w, https:\/\/wdsinvest.com\/wp-content\/uploads\/2015\/12\/stephen-watson-50x50.jpg 50w, https:\/\/wdsinvest.com\/wp-content\/uploads\/2015\/12\/stephen-watson-80x80.jpg 80w, https:\/\/wdsinvest.com\/wp-content\/uploads\/2015\/12\/stephen-watson-75x75.jpg 75w, https:\/\/wdsinvest.com\/wp-content\/uploads\/2015\/12\/stephen-watson-85x85.jpg 85w, https:\/\/wdsinvest.com\/wp-content\/uploads\/2015\/12\/stephen-watson.jpg 500w\" sizes=\"auto, (max-width: 300px) 100vw, 300px\" \/><\/a>\n\t\t<\/figure>\n\t<\/div>\n\n\t<div class=\"wpb_text_column wpb_content_element\" >\n\t\t<div class=\"wpb_wrapper\">\n\t\t\t<h1 style=\"text-align: center;\"><a href=\"http:\/\/wdsinvest.com\/fr\/wds-people\/stephen-watson\/\">Stephen Watson,<\/a><br \/>\n<a href=\"http:\/\/wdsinvest.com\/fr\/wds-people\/stephen-watson\/\">CFA<\/a><\/h1>\n<p style=\"text-align: center;\"><strong>President<\/strong><br \/>\nChief Compliance Officer and Portfolio Manager<\/p>\n\n\t\t<\/div>\n\t<\/div>\n<div class=\"vc_empty_space\"   style=\"height: 40px\"><span class=\"vc_empty_space_inner\"><\/span><\/div><\/div><\/div><\/div><div class=\"wpb_column vc_column_container vc_col-sm-3\"><div class=\"vc_column-inner\"><div class=\"wpb_wrapper\">\n\t<div  class=\"wpb_single_image wpb_content_element vc_align_center wpb_content_element\">\n\t\t\n\t\t<figure class=\"wpb_wrapper vc_figure\">\n\t\t\t<a href=\"http:\/\/wdsinvest.com\/fr\/wds-people\/gabriel-di-primio\/\" target=\"_self\" class=\"vc_single_image-wrapper vc_box_circle  vc_box_border_grey\"><img loading=\"lazy\" decoding=\"async\" width=\"300\" height=\"300\" src=\"https:\/\/wdsinvest.com\/wp-content\/uploads\/2015\/11\/gabriel-di-primio-300x300.jpg\" class=\"vc_single_image-img attachment-medium\" alt=\"\" title=\"gabriel-di-primio\" srcset=\"https:\/\/wdsinvest.com\/wp-content\/uploads\/2015\/11\/gabriel-di-primio-300x300.jpg 300w, https:\/\/wdsinvest.com\/wp-content\/uploads\/2015\/11\/gabriel-di-primio-150x150.jpg 150w, https:\/\/wdsinvest.com\/wp-content\/uploads\/2015\/11\/gabriel-di-primio-146x146.jpg 146w, https:\/\/wdsinvest.com\/wp-content\/uploads\/2015\/11\/gabriel-di-primio-50x50.jpg 50w, https:\/\/wdsinvest.com\/wp-content\/uploads\/2015\/11\/gabriel-di-primio-80x80.jpg 80w, https:\/\/wdsinvest.com\/wp-content\/uploads\/2015\/11\/gabriel-di-primio-75x75.jpg 75w, https:\/\/wdsinvest.com\/wp-content\/uploads\/2015\/11\/gabriel-di-primio-85x85.jpg 85w, https:\/\/wdsinvest.com\/wp-content\/uploads\/2015\/11\/gabriel-di-primio.jpg 905w\" sizes=\"auto, (max-width: 300px) 100vw, 300px\" \/><\/a>\n\t\t<\/figure>\n\t<\/div>\n\n\t<div class=\"wpb_text_column wpb_content_element\" >\n\t\t<div class=\"wpb_wrapper\">\n\t\t\t<h1 style=\"text-align: center;\"><a href=\"http:\/\/wdsinvest.com\/fr\/wds-people\/gabriel-di-primio\/\">Gabriel Di Primio,<\/a><br \/>\n<a href=\"http:\/\/wdsinvest.com\/fr\/wds-people\/gabriel-di-primio\/\">CFA<\/a><\/h1>\n<p style=\"text-align: center;\"><strong>Executive Vice-President<br \/>\n<\/strong>Chief Operating Officer and Portfolio Manager<\/p>\n\n\t\t<\/div>\n\t<\/div>\n<div class=\"vc_empty_space\"   style=\"height: 40px\"><span class=\"vc_empty_space_inner\"><\/span><\/div><\/div><\/div><\/div><div class=\"wpb_column vc_column_container vc_col-sm-3\"><div class=\"vc_column-inner\"><div class=\"wpb_wrapper\">\n\t<div  class=\"wpb_single_image wpb_content_element vc_align_center wpb_content_element\">\n\t\t\n\t\t<figure class=\"wpb_wrapper vc_figure\">\n\t\t\t<a href=\"http:\/\/wdsinvest.com\/fr\/wds-people\/derek-dedman\/\" target=\"_self\" class=\"vc_single_image-wrapper vc_box_circle  vc_box_border_grey\"><img loading=\"lazy\" decoding=\"async\" width=\"300\" height=\"300\" src=\"https:\/\/wdsinvest.com\/wp-content\/uploads\/2015\/11\/derek-dedman-300x300.jpg\" class=\"vc_single_image-img attachment-medium\" alt=\"\" title=\"derek-dedman\" srcset=\"https:\/\/wdsinvest.com\/wp-content\/uploads\/2015\/11\/derek-dedman-300x300.jpg 300w, https:\/\/wdsinvest.com\/wp-content\/uploads\/2015\/11\/derek-dedman-150x150.jpg 150w, https:\/\/wdsinvest.com\/wp-content\/uploads\/2015\/11\/derek-dedman-146x146.jpg 146w, https:\/\/wdsinvest.com\/wp-content\/uploads\/2015\/11\/derek-dedman-50x50.jpg 50w, https:\/\/wdsinvest.com\/wp-content\/uploads\/2015\/11\/derek-dedman-80x80.jpg 80w, https:\/\/wdsinvest.com\/wp-content\/uploads\/2015\/11\/derek-dedman-75x75.jpg 75w, https:\/\/wdsinvest.com\/wp-content\/uploads\/2015\/11\/derek-dedman-85x85.jpg 85w, https:\/\/wdsinvest.com\/wp-content\/uploads\/2015\/11\/derek-dedman.jpg 922w\" sizes=\"auto, (max-width: 300px) 100vw, 300px\" \/><\/a>\n\t\t<\/figure>\n\t<\/div>\n\n\t<div class=\"wpb_text_column wpb_content_element\" >\n\t\t<div class=\"wpb_wrapper\">\n\t\t\t<h1 style=\"text-align: center;\"><a href=\"http:\/\/wdsinvest.com\/fr\/wds-people\/derek-dedman\/\">Derek Dedman,<\/a><br \/>\n<a href=\"http:\/\/wdsinvest.com\/fr\/wds-people\/derek-dedman\/\">M.Sc., CFA, CFP<\/a><\/h1>\n<p style=\"text-align: center;\"><strong><b>Vice-President<br \/>\n<\/b><\/strong>Gestionnaire de portefeuille<\/p>\n<h1 style=\"text-align: center;\"><\/h1>\n\n\t\t<\/div>\n\t<\/div>\n<div class=\"vc_empty_space\"   style=\"height: 40px\"><span class=\"vc_empty_space_inner\"><\/span><\/div><\/div><\/div><\/div><\/div><div class=\"vc_row wpb_row vc_row-fluid\"><div class=\"wpb_column vc_column_container vc_col-sm-3\"><div class=\"vc_column-inner\"><div class=\"wpb_wrapper\">\n\t<div  class=\"wpb_single_image wpb_content_element vc_align_center wpb_content_element\">\n\t\t\n\t\t<figure class=\"wpb_wrapper vc_figure\">\n\t\t\t<a href=\"http:\/\/wdsinvest.com\/fr\/wds-people\/richard-coffin\/\" target=\"_self\" class=\"vc_single_image-wrapper vc_box_circle  vc_box_border_grey\"><img loading=\"lazy\" decoding=\"async\" width=\"300\" height=\"300\" src=\"https:\/\/wdsinvest.com\/wp-content\/uploads\/2017\/04\/richard-coffin-300x300.jpg\" class=\"vc_single_image-img attachment-medium\" alt=\"\" title=\"richard-coffin\" srcset=\"https:\/\/wdsinvest.com\/wp-content\/uploads\/2017\/04\/richard-coffin-300x300.jpg 300w, https:\/\/wdsinvest.com\/wp-content\/uploads\/2017\/04\/richard-coffin-150x150.jpg 150w, https:\/\/wdsinvest.com\/wp-content\/uploads\/2017\/04\/richard-coffin-768x768.jpg 768w, https:\/\/wdsinvest.com\/wp-content\/uploads\/2017\/04\/richard-coffin-146x146.jpg 146w, https:\/\/wdsinvest.com\/wp-content\/uploads\/2017\/04\/richard-coffin-50x50.jpg 50w, https:\/\/wdsinvest.com\/wp-content\/uploads\/2017\/04\/richard-coffin-75x75.jpg 75w, https:\/\/wdsinvest.com\/wp-content\/uploads\/2017\/04\/richard-coffin-85x85.jpg 85w, https:\/\/wdsinvest.com\/wp-content\/uploads\/2017\/04\/richard-coffin-80x80.jpg 80w, https:\/\/wdsinvest.com\/wp-content\/uploads\/2017\/04\/richard-coffin.jpg 900w\" sizes=\"auto, (max-width: 300px) 100vw, 300px\" \/><\/a>\n\t\t<\/figure>\n\t<\/div>\n\n\t<div class=\"wpb_text_column wpb_content_element\" >\n\t\t<div class=\"wpb_wrapper\">\n\t\t\t<h1 style=\"text-align: center;\"><a href=\"http:\/\/wdsinvest.com\/fr\/wds-people\/richard-coffin\/\">Richard Coffin,<br \/>\nCFA, CFP<\/a><\/h1>\n<p style=\"text-align: center;\"><strong><b>Investment Analyst<br \/>\n<\/b><\/strong>Gestionnaire de portefeuille<\/p>\n<h1 style=\"text-align: center;\"><\/h1>\n\n\t\t<\/div>\n\t<\/div>\n<div class=\"vc_empty_space\"   style=\"height: 40px\"><span class=\"vc_empty_space_inner\"><\/span><\/div><\/div><\/div><\/div><div class=\"wpb_column vc_column_container vc_col-sm-3\"><div class=\"vc_column-inner\"><div class=\"wpb_wrapper\">\n\t<div  class=\"wpb_single_image wpb_content_element vc_align_center wpb_content_element\">\n\t\t\n\t\t<figure class=\"wpb_wrapper vc_figure\">\n\t\t\t<a href=\"http:\/\/wdsinvest.com\/fr\/wds-people\/karthiga-sahadevan\/\" target=\"_self\" class=\"vc_single_image-wrapper vc_box_circle  vc_box_border_grey\"><img loading=\"lazy\" decoding=\"async\" width=\"300\" height=\"300\" src=\"https:\/\/wdsinvest.com\/wp-content\/uploads\/2015\/11\/karthiga-Sahadevan-300x300.jpg\" class=\"vc_single_image-img attachment-medium\" alt=\"\" title=\"karthiga-Sahadevan\" srcset=\"https:\/\/wdsinvest.com\/wp-content\/uploads\/2015\/11\/karthiga-Sahadevan-300x300.jpg 300w, https:\/\/wdsinvest.com\/wp-content\/uploads\/2015\/11\/karthiga-Sahadevan-150x150.jpg 150w, https:\/\/wdsinvest.com\/wp-content\/uploads\/2015\/11\/karthiga-Sahadevan-146x146.jpg 146w, https:\/\/wdsinvest.com\/wp-content\/uploads\/2015\/11\/karthiga-Sahadevan-50x50.jpg 50w, https:\/\/wdsinvest.com\/wp-content\/uploads\/2015\/11\/karthiga-Sahadevan-80x80.jpg 80w, https:\/\/wdsinvest.com\/wp-content\/uploads\/2015\/11\/karthiga-Sahadevan-75x75.jpg 75w, https:\/\/wdsinvest.com\/wp-content\/uploads\/2015\/11\/karthiga-Sahadevan-85x85.jpg 85w, https:\/\/wdsinvest.com\/wp-content\/uploads\/2015\/11\/karthiga-Sahadevan.jpg 500w\" sizes=\"auto, (max-width: 300px) 100vw, 300px\" \/><\/a>\n\t\t<\/figure>\n\t<\/div>\n\n\t<div class=\"wpb_text_column wpb_content_element\" >\n\t\t<div class=\"wpb_wrapper\">\n\t\t\t<h1 style=\"text-align: center;\"><a href=\"http:\/\/wdsinvest.com\/fr\/wds-people\/karthiga-sahadevan\/\">Karthiga Sahadevan<\/a><\/h1>\n<p style=\"text-align: center;\"><strong>Manager<br \/>\nClient Administration<\/strong><\/p>\n<h1 style=\"text-align: center;\"><\/h1>\n\n\t\t<\/div>\n\t<\/div>\n<div class=\"vc_empty_space\"   style=\"height: 40px\"><span class=\"vc_empty_space_inner\"><\/span><\/div><\/div><\/div><\/div><div class=\"wpb_column vc_column_container vc_col-sm-3\"><div class=\"vc_column-inner\"><div class=\"wpb_wrapper\">\n\t<div  class=\"wpb_single_image wpb_content_element vc_align_center wpb_content_element\">\n\t\t\n\t\t<figure class=\"wpb_wrapper vc_figure\">\n\t\t\t<a href=\"http:\/\/wdsinvest.com\/fr\/wds-people\/debbie-reed\/\" target=\"_self\" class=\"vc_single_image-wrapper vc_box_circle  vc_box_border_grey\"><img loading=\"lazy\" decoding=\"async\" width=\"300\" height=\"300\" src=\"https:\/\/wdsinvest.com\/wp-content\/uploads\/2015\/11\/debbie-reed-300x300.jpg\" class=\"vc_single_image-img attachment-medium\" alt=\"\" title=\"debbie-reed\" srcset=\"https:\/\/wdsinvest.com\/wp-content\/uploads\/2015\/11\/debbie-reed-300x300.jpg 300w, https:\/\/wdsinvest.com\/wp-content\/uploads\/2015\/11\/debbie-reed-150x150.jpg 150w, https:\/\/wdsinvest.com\/wp-content\/uploads\/2015\/11\/debbie-reed-146x146.jpg 146w, https:\/\/wdsinvest.com\/wp-content\/uploads\/2015\/11\/debbie-reed-50x50.jpg 50w, https:\/\/wdsinvest.com\/wp-content\/uploads\/2015\/11\/debbie-reed-80x80.jpg 80w, https:\/\/wdsinvest.com\/wp-content\/uploads\/2015\/11\/debbie-reed-75x75.jpg 75w, https:\/\/wdsinvest.com\/wp-content\/uploads\/2015\/11\/debbie-reed-85x85.jpg 85w, https:\/\/wdsinvest.com\/wp-content\/uploads\/2015\/11\/debbie-reed.jpg 500w\" sizes=\"auto, (max-width: 300px) 100vw, 300px\" \/><\/a>\n\t\t<\/figure>\n\t<\/div>\n\n\t<div class=\"wpb_text_column wpb_content_element\" >\n\t\t<div class=\"wpb_wrapper\">\n\t\t\t<h1 style=\"text-align: center;\"><a href=\"http:\/\/wdsinvest.com\/fr\/wds-people\/debbie-reed\/\">Debbie Reed<\/a><\/h1>\n<p style=\"text-align: center;\"><strong>Manager<br \/>\nClient Operations<\/strong><\/p>\n<h1 style=\"text-align: center;\"><\/h1>\n\n\t\t<\/div>\n\t<\/div>\n<div class=\"vc_empty_space\"   style=\"height: 40px\"><span class=\"vc_empty_space_inner\"><\/span><\/div><\/div><\/div><\/div><\/div><div class=\"vc_row wpb_row vc_row-fluid\"><div class=\"wpb_column vc_column_container vc_col-sm-3\"><div class=\"vc_column-inner\"><div class=\"wpb_wrapper\">\n\t<div  class=\"wpb_single_image wpb_content_element vc_align_center wpb_content_element\">\n\t\t\n\t\t<figure class=\"wpb_wrapper vc_figure\">\n\t\t\t<a href=\"http:\/\/wdsinvest.com\/fr\/wds-people\/amy-monette\/\" target=\"_self\" class=\"vc_single_image-wrapper vc_box_circle  vc_box_border_grey\"><img decoding=\"async\" class=\"vc_single_image-img\" src=\"https:\/\/wdsinvest.com\/wp-content\/uploads\/2024\/04\/Amy-4-279x279.jpg\" width=\"279\" height=\"279\" alt=\"Amy 4\" title=\"Amy 4\" loading=\"lazy\" \/><\/a>\n\t\t<\/figure>\n\t<\/div>\n\n\t<div class=\"wpb_text_column wpb_content_element\" >\n\t\t<div class=\"wpb_wrapper\">\n\t\t\t<h1 style=\"text-align: center;\"><a href=\"http:\/\/wdsinvest.com\/fr\/wds-people\/amy-monette\/\">Amy Monette<\/a><\/h1>\n<p style=\"text-align: center;\"><strong>Administrative Assistant<\/strong><\/p>\n<h1 style=\"text-align: center;\"><\/h1>\n\n\t\t<\/div>\n\t<\/div>\n<\/div><\/div><\/div><div class=\"wpb_column vc_column_container vc_col-sm-3\"><div class=\"vc_column-inner\"><div class=\"wpb_wrapper\">\n\t<div  class=\"wpb_single_image wpb_content_element vc_align_center wpb_content_element\">\n\t\t\n\t\t<figure class=\"wpb_wrapper vc_figure\">\n\t\t\t<a href=\"https:\/\/wdsinvest.com\/fr\/wds-people\/kathleen-watson\/\" target=\"_self\" class=\"vc_single_image-wrapper vc_box_circle  vc_box_border_grey\"><img decoding=\"async\" class=\"vc_single_image-img\" src=\"https:\/\/wdsinvest.com\/wp-content\/uploads\/2023\/08\/KathleenResized3-815x815.jpg\" width=\"815\" height=\"815\" alt=\"KathleenResized3\" title=\"KathleenResized3\" loading=\"lazy\" \/><\/a>\n\t\t<\/figure>\n\t<\/div>\n\n\t<div class=\"wpb_text_column wpb_content_element\" >\n\t\t<div class=\"wpb_wrapper\">\n\t\t\t<h1 style=\"text-align: center;\"><a href=\"https:\/\/wdsinvest.com\/fr\/wds-people\/kathleen-watson\/\">Kathleen Watson<\/a><\/h1>\n<p style=\"text-align: center;\"><strong>Administrative Assistant<\/strong><\/p>\n\n\t\t<\/div>\n\t<\/div>\n<\/div><\/div><\/div><\/div>\n<\/div>","protected":false},"excerpt":{"rendered":"At WDS, our most important asset is the one-to-one relationships we build with our clients. We take pride in knowing our clients well, and their financial goals and investment requirements even better. As wealth management professionals, our challenge \u2013 and our opportunity \u2013 is to preserve and enhance your assets<span class=\"excerpt-hellip\"> [\u2026]<\/span>","protected":false},"author":5,"featured_media":0,"parent":0,"menu_order":0,"comment_status":"closed","ping_status":"closed","template":"","meta":{"footnotes":""},"class_list":["post-123","page","type-page","status-publish","hentry"],"yoast_head":"<!-- This site is optimized with the Yoast SEO plugin v27.3 - https:\/\/yoast.com\/product\/yoast-seo-wordpress\/ -->\n<title>Our People | Watson Di Primio Steel (WDS)<\/title>\n<meta name=\"description\" content=\"WDS\u2019s people focus on delivering exceptional client care, by conducting our daily responsibilities with accuracy, efficiency and discretion.\" \/>\n<meta name=\"robots\" content=\"index, follow, max-snippet:-1, max-image-preview:large, max-video-preview:-1\" \/>\n<link rel=\"canonical\" href=\"https:\/\/wdsinvest.com\/fr\/wds-people\/\" \/>\n<meta property=\"og:locale\" content=\"fr_FR\" \/>\n<meta property=\"og:type\" content=\"article\" \/>\n<meta property=\"og:title\" content=\"Our People | Watson Di Primio Steel (WDS)\" \/>\n<meta property=\"og:description\" content=\"WDS\u2019s people focus on delivering exceptional client care, by conducting our daily responsibilities with accuracy, efficiency and discretion.\" \/>\n<meta property=\"og:url\" content=\"https:\/\/wdsinvest.com\/fr\/wds-people\/\" \/>\n<meta property=\"og:site_name\" content=\"Watson Di Primio Steel (WDS)\" \/>\n<meta property=\"article:publisher\" content=\"https:\/\/www.linkedin.com\/company\/watson-di-primio-steel-wds-investment-management-ltd-\" \/>\n<meta property=\"article:modified_time\" content=\"2024-04-18T20:22:17+00:00\" \/>\n<meta name=\"twitter:card\" content=\"summary_large_image\" \/>\n<meta name=\"twitter:site\" content=\"@wdsinvest\" \/>\n<meta name=\"twitter:label1\" content=\"Dur\u00e9e de lecture estim\u00e9e\" \/>\n\t<meta name=\"twitter:data1\" content=\"2 minutes\" \/>\n<script type=\"application\/ld+json\" class=\"yoast-schema-graph\">{\"@context\":\"https:\\\/\\\/schema.org\",\"@graph\":[{\"@type\":\"WebPage\",\"@id\":\"https:\\\/\\\/wdsinvest.com\\\/wds-people\\\/\",\"url\":\"https:\\\/\\\/wdsinvest.com\\\/wds-people\\\/\",\"name\":\"Our People | Watson Di Primio Steel (WDS)\",\"isPartOf\":{\"@id\":\"https:\\\/\\\/wdsinvest.com\\\/#website\"},\"datePublished\":\"2015-11-30T02:44:41+00:00\",\"dateModified\":\"2024-04-18T20:22:17+00:00\",\"description\":\"WDS\u2019s people focus on delivering exceptional client care, by conducting our daily responsibilities with accuracy, efficiency and discretion.\",\"breadcrumb\":{\"@id\":\"https:\\\/\\\/wdsinvest.com\\\/wds-people\\\/#breadcrumb\"},\"inLanguage\":\"fr-FR\",\"potentialAction\":[{\"@type\":\"ReadAction\",\"target\":[\"https:\\\/\\\/wdsinvest.com\\\/wds-people\\\/\"]}]},{\"@type\":\"BreadcrumbList\",\"@id\":\"https:\\\/\\\/wdsinvest.com\\\/wds-people\\\/#breadcrumb\",\"itemListElement\":[{\"@type\":\"ListItem\",\"position\":1,\"name\":\"Home\",\"item\":\"https:\\\/\\\/wdsinvest.com\\\/\"},{\"@type\":\"ListItem\",\"position\":2,\"name\":\"People\"}]},{\"@type\":\"WebSite\",\"@id\":\"https:\\\/\\\/wdsinvest.com\\\/#website\",\"url\":\"https:\\\/\\\/wdsinvest.com\\\/\",\"name\":\"Watson Di Primio Steel (WDS)\",\"description\":\"\",\"publisher\":{\"@id\":\"https:\\\/\\\/wdsinvest.com\\\/#organization\"},\"potentialAction\":[{\"@type\":\"SearchAction\",\"target\":{\"@type\":\"EntryPoint\",\"urlTemplate\":\"https:\\\/\\\/wdsinvest.com\\\/?s={search_term_string}\"},\"query-input\":{\"@type\":\"PropertyValueSpecification\",\"valueRequired\":true,\"valueName\":\"search_term_string\"}}],\"inLanguage\":\"fr-FR\"},{\"@type\":\"Organization\",\"@id\":\"https:\\\/\\\/wdsinvest.com\\\/#organization\",\"name\":\"WDS - Ottawa Wealth Management\",\"url\":\"https:\\\/\\\/wdsinvest.com\\\/\",\"logo\":{\"@type\":\"ImageObject\",\"inLanguage\":\"fr-FR\",\"@id\":\"https:\\\/\\\/wdsinvest.com\\\/#\\\/schema\\\/logo\\\/image\\\/\",\"url\":\"https:\\\/\\\/wdsinvest.com\\\/wp-content\\\/uploads\\\/2016\\\/01\\\/favicon.png\",\"contentUrl\":\"https:\\\/\\\/wdsinvest.com\\\/wp-content\\\/uploads\\\/2016\\\/01\\\/favicon.png\",\"width\":32,\"height\":32,\"caption\":\"WDS - Ottawa Wealth Management\"},\"image\":{\"@id\":\"https:\\\/\\\/wdsinvest.com\\\/#\\\/schema\\\/logo\\\/image\\\/\"},\"sameAs\":[\"https:\\\/\\\/www.linkedin.com\\\/company\\\/watson-di-primio-steel-wds-investment-management-ltd-\",\"https:\\\/\\\/x.com\\\/wdsinvest\"]}]}<\/script>\n<!-- \/ Yoast SEO plugin. -->","yoast_head_json":{"title":"Our People | Watson Di Primio Steel (WDS)","description":"WDS\u2019s people focus on delivering exceptional client care, by conducting our daily responsibilities with accuracy, efficiency and discretion.","robots":{"index":"index","follow":"follow","max-snippet":"max-snippet:-1","max-image-preview":"max-image-preview:large","max-video-preview":"max-video-preview:-1"},"canonical":"https:\/\/wdsinvest.com\/fr\/wds-people\/","og_locale":"fr_FR","og_type":"article","og_title":"Our People | Watson Di Primio Steel (WDS)","og_description":"WDS\u2019s people focus on delivering exceptional client care, by conducting our daily responsibilities with accuracy, efficiency and discretion.","og_url":"https:\/\/wdsinvest.com\/fr\/wds-people\/","og_site_name":"Watson Di Primio Steel (WDS)","article_publisher":"https:\/\/www.linkedin.com\/company\/watson-di-primio-steel-wds-investment-management-ltd-","article_modified_time":"2024-04-18T20:22:17+00:00","twitter_card":"summary_large_image","twitter_site":"@wdsinvest","twitter_misc":{"Dur\u00e9e de lecture estim\u00e9e":"2 minutes"},"schema":{"@context":"https:\/\/schema.org","@graph":[{"@type":"WebPage","@id":"https:\/\/wdsinvest.com\/wds-people\/","url":"https:\/\/wdsinvest.com\/wds-people\/","name":"Our People | Watson Di Primio Steel (WDS)","isPartOf":{"@id":"https:\/\/wdsinvest.com\/#website"},"datePublished":"2015-11-30T02:44:41+00:00","dateModified":"2024-04-18T20:22:17+00:00","description":"WDS\u2019s people focus on delivering exceptional client care, by conducting our daily responsibilities with accuracy, efficiency and discretion.","breadcrumb":{"@id":"https:\/\/wdsinvest.com\/wds-people\/#breadcrumb"},"inLanguage":"fr-FR","potentialAction":[{"@type":"ReadAction","target":["https:\/\/wdsinvest.com\/wds-people\/"]}]},{"@type":"BreadcrumbList","@id":"https:\/\/wdsinvest.com\/wds-people\/#breadcrumb","itemListElement":[{"@type":"ListItem","position":1,"name":"Home","item":"https:\/\/wdsinvest.com\/"},{"@type":"ListItem","position":2,"name":"People"}]},{"@type":"WebSite","@id":"https:\/\/wdsinvest.com\/#website","url":"https:\/\/wdsinvest.com\/","name":"Watson Di Primio Steel (WDS)","description":"","publisher":{"@id":"https:\/\/wdsinvest.com\/#organization"},"potentialAction":[{"@type":"SearchAction","target":{"@type":"EntryPoint","urlTemplate":"https:\/\/wdsinvest.com\/?s={search_term_string}"},"query-input":{"@type":"PropertyValueSpecification","valueRequired":true,"valueName":"search_term_string"}}],"inLanguage":"fr-FR"},{"@type":"Organization","@id":"https:\/\/wdsinvest.com\/#organization","name":"WDS - Ottawa Wealth Management","url":"https:\/\/wdsinvest.com\/","logo":{"@type":"ImageObject","inLanguage":"fr-FR","@id":"https:\/\/wdsinvest.com\/#\/schema\/logo\/image\/","url":"https:\/\/wdsinvest.com\/wp-content\/uploads\/2016\/01\/favicon.png","contentUrl":"https:\/\/wdsinvest.com\/wp-content\/uploads\/2016\/01\/favicon.png","width":32,"height":32,"caption":"WDS - Ottawa Wealth Management"},"image":{"@id":"https:\/\/wdsinvest.com\/#\/schema\/logo\/image\/"},"sameAs":["https:\/\/www.linkedin.com\/company\/watson-di-primio-steel-wds-investment-management-ltd-","https:\/\/x.com\/wdsinvest"]}]}},"_links":{"self":[{"href":"https:\/\/wdsinvest.com\/fr\/wp-json\/wp\/v2\/pages\/123","targetHints":{"allow":["GET"]}}],"collection":[{"href":"https:\/\/wdsinvest.com\/fr\/wp-json\/wp\/v2\/pages"}],"about":[{"href":"https:\/\/wdsinvest.com\/fr\/wp-json\/wp\/v2\/types\/page"}],"author":[{"embeddable":true,"href":"https:\/\/wdsinvest.com\/fr\/wp-json\/wp\/v2\/users\/5"}],"replies":[{"embeddable":true,"href":"https:\/\/wdsinvest.com\/fr\/wp-json\/wp\/v2\/comments?post=123"}],"version-history":[{"count":47,"href":"https:\/\/wdsinvest.com\/fr\/wp-json\/wp\/v2\/pages\/123\/revisions"}],"predecessor-version":[{"id":2028,"href":"https:\/\/wdsinvest.com\/fr\/wp-json\/wp\/v2\/pages\/123\/revisions\/2028"}],"wp:attachment":[{"href":"https:\/\/wdsinvest.com\/fr\/wp-json\/wp\/v2\/media?parent=123"}],"curies":[{"name":"wp","href":"https:\/\/api.w.org\/{rel}","templated":true}]}}