{"id":112,"date":"2015-11-30T02:22:16","date_gmt":"2015-11-30T02:22:16","guid":{"rendered":"http:\/\/wdsinvest.com\/?page_id=112"},"modified":"2018-03-06T14:22:30","modified_gmt":"2018-03-06T14:22:30","slug":"fees-and-operating-costs","status":"publish","type":"page","link":"https:\/\/wdsinvest.com\/fr\/about-us\/fees-and-operating-costs\/","title":{"rendered":"Frais et co\u00fbts de fonctionnement"},"content":{"rendered":"<div class=\"wpb-content-wrapper\"><div data-vc-full-width=\"true\" data-vc-full-width-init=\"false\" class=\"vc_row wpb_row vc_row-fluid vc_custom_1448829090472 vc_row-has-fill\"><div class=\"wpb_column vc_column_container vc_col-sm-12\"><div class=\"vc_column-inner\"><div class=\"wpb_wrapper\">\n\t<div class=\"wpb_text_column wpb_content_element vc_custom_1509647368965\" >\n\t\t<div class=\"wpb_wrapper\">\n\t\t\t<h1 class=\"subheader-h1\">WDS a le devoir de s'assurer que vous comprenez le co\u00fbt total de fonctionnement de vos comptes de placement. Les frais globaux factur\u00e9s pour l'exploitation d'un compte peuvent inclure \u00e0 la fois des frais de gestion pay\u00e9s directement et des frais de produits sous-jacents pay\u00e9s indirectement et int\u00e9gr\u00e9s \u00e0 certains titres.<\/h1>\n<h1 class=\"subheader-h1\">Les clients consultent ces frais sur les relev\u00e9s de compte fournis par Banque Nationale R\u00e9seau Ind\u00e9pendant (BNRI), o\u00f9 tous les co\u00fbts directs li\u00e9s au fonctionnement du compte sont divulgu\u00e9s.<\/h1>\n\n\t\t<\/div>\n\t<\/div>\n<\/div><\/div><\/div><\/div><div class=\"vc_row-full-width vc_clearfix\"><\/div><div class=\"vc_row wpb_row vc_row-fluid\"><div class=\"wpb_column vc_column_container vc_col-sm-12\"><div class=\"vc_column-inner\"><div class=\"wpb_wrapper\"><div class=\"vc_empty_space\"   style=\"height: 40px\"><span class=\"vc_empty_space_inner\"><\/span><\/div><\/div><\/div><\/div><\/div><div class=\"vc_row wpb_row vc_row-fluid vc_custom_1448850480248\"><div class=\"wpb_column vc_column_container vc_col-sm-6\"><div class=\"vc_column-inner\"><div class=\"wpb_wrapper\">\n\t<div class=\"wpb_text_column wpb_content_element\" >\n\t\t<div class=\"wpb_wrapper\">\n\t\t\t<h3>Frais de gestion<\/h3>\n<p>Contrairement aux soci\u00e9t\u00e9s de courtage traditionnelles qui <em>facturent \u00e0 la transaction <\/em>, WDS per\u00e7oit une r\u00e9mun\u00e9ration sous forme d'honoraires. Cela garantit \u00e0 chaque client WDS le m\u00eame niveau de service objectif, transparent et professionnel.<\/p>\n<p>Les frais annuels de base de WDS sont de 1,35 % et sont d\u00e9gressifs en fonction de l\u2019actif total de la famille. Le montant des frais (plus les taxes applicables) est calcul\u00e9 en pourcentage de la valeur marchande de chaque compte. Les frais mensuels sont pr\u00e9lev\u00e9s directement du compte, \u00e0 terme \u00e9chu. <em>Les frais de gestion sont d\u00e9ductibles d\u2019imp\u00f4t au Canada pour les comptes non enregistr\u00e9s<\/em><em>.<\/em><\/p>\n<p>Aucune commission n\u2019est payable \u00e0 WDS en lien avec les produits d\u2019investissement, y compris <a href=\"http:\/\/wdsinvest.com\/fr\/wds-resources\/glossary\/#trailing-comission\">les commissions de suivi<\/a> relatives aux fonds communs de placement h\u00e9rit\u00e9s. WDS ne fabrique aucun produit exclusif destin\u00e9 \u00e0 la vente ou \u00e0 l\u2019utilisation dans les portefeuilles de nos clients.<\/p>\n\n\t\t<\/div>\n\t<\/div>\n<\/div><\/div><\/div><div class=\"wpb_column vc_column_container vc_col-sm-6\"><div class=\"vc_column-inner\"><div class=\"wpb_wrapper\">\n\t<div class=\"wpb_text_column wpb_content_element\" >\n\t\t<div class=\"wpb_wrapper\">\n\t\t\t<h3>Ratio des frais de gestion des fonds sponsoris\u00e9s<\/h3>\n<p>Dans certains cas, WDS peut utiliser des produits d\u2019investissement collectifs, comme des fonds n\u00e9goci\u00e9s en bourse. Ces fonds communs comportent g\u00e9n\u00e9ralement des frais de gestion et des co\u00fbts d\u2019exploitation int\u00e9gr\u00e9s qui sont d\u00e9duits par le sponsor du fonds. Le <a href=\"http:\/\/wdsinvest.com\/fr\/wds-resources\/glossary\/#management-expense-ratio\">ratio des frais de gestion<\/a> varie g\u00e9n\u00e9ralement de 0,25 % \u00e0 0,75 %, selon la cat\u00e9gorie d\u2019actifs du fonds.<\/p>\n<p>&nbsp;<\/p>\n<h3>Commission commerciale et autres frais de courtage<\/h3>\n<p>Avec un compte de garde, Banque Nationale R\u00e9seau Ind\u00e9pendant (NBIN) facture un taux de commission standard pour les ordres de transactions \u00e9lectroniques, c'est-\u00e0-dire tous les ordres d'achat\/vente de titres canadiens ou am\u00e9ricains.<\/p>\n<p>NBIN facture ses frais standards pour les transferts ou la r\u00e9siliation de comptes. Ces frais sont \u00e9valu\u00e9s aux taux indiqu\u00e9s dans la <a href=\"http:\/\/wdsinvest.com\/wp-content\/uploads\/2018\/03\/Fee-Schedule-NBIN100-PM-08-17.pdf\" target=\"_blank\" rel=\"noopener\"><em>D\u00e9claration de divulgation des frais et des charges de service pour les clients des gestionnaires de portefeuille.<\/em><\/a><\/p>\n<p><em>Les clients de WDS ne paient pas de frais de garde \u00e0 NBIN. NBIN renonce \u00e0 ses frais annuels pour les r\u00e9gimes enregistr\u00e9s, tels que le r\u00e9gime enregistr\u00e9 d\u2019\u00e9pargne-retraite (REER), le r\u00e9gime enregistr\u00e9 d\u2019\u00e9pargne-\u00e9tudes (REEE) et le compte d\u2019\u00e9pargne libre d\u2019imp\u00f4t (CELI).<\/em><\/p>\n\n\t\t<\/div>\n\t<\/div>\n<\/div><\/div><\/div><\/div>\n<\/div>","protected":false},"excerpt":{"rendered":"WDS has a duty to ensure that you understand the total cost of operating your investment accounts. The overall fees charged to operate an account may include both management fees that are paid directly, and underlying product fees that are paid indirectly and embedded in some securities. Clients view these<span class=\"excerpt-hellip\"> [\u2026]<\/span>","protected":false},"author":5,"featured_media":0,"parent":80,"menu_order":0,"comment_status":"closed","ping_status":"closed","template":"","meta":{"footnotes":""},"class_list":["post-112","page","type-page","status-publish","hentry"],"yoast_head":"<!-- This site is optimized with the Yoast SEO plugin v27.3 - https:\/\/yoast.com\/product\/yoast-seo-wordpress\/ -->\n<title>Fees and Operating Costs - Watson Di Primio Steel (WDS)<\/title>\n<meta name=\"description\" content=\"he overall fees charged to operate an account may include both management fees that are paid directly, and underlying product fees that are paid indirectly and embedded in some securities.\" \/>\n<meta name=\"robots\" content=\"index, follow, max-snippet:-1, max-image-preview:large, max-video-preview:-1\" \/>\n<link rel=\"canonical\" href=\"https:\/\/wdsinvest.com\/fr\/about-us\/fees-and-operating-costs\/\" \/>\n<meta property=\"og:locale\" content=\"fr_FR\" \/>\n<meta property=\"og:type\" content=\"article\" \/>\n<meta property=\"og:title\" content=\"Fees and Operating Costs - Watson Di Primio Steel (WDS)\" \/>\n<meta property=\"og:description\" content=\"he overall fees charged to operate an account may include both management fees that are paid directly, and underlying product fees that are paid indirectly and embedded in some securities.\" \/>\n<meta property=\"og:url\" content=\"https:\/\/wdsinvest.com\/fr\/about-us\/fees-and-operating-costs\/\" \/>\n<meta property=\"og:site_name\" content=\"Watson Di Primio Steel (WDS)\" \/>\n<meta property=\"article:publisher\" content=\"https:\/\/www.linkedin.com\/company\/watson-di-primio-steel-wds-investment-management-ltd-\" \/>\n<meta property=\"article:modified_time\" content=\"2018-03-06T14:22:30+00:00\" \/>\n<meta name=\"twitter:card\" content=\"summary_large_image\" \/>\n<meta name=\"twitter:site\" content=\"@wdsinvest\" \/>\n<meta name=\"twitter:label1\" content=\"Dur\u00e9e de lecture estim\u00e9e\" \/>\n\t<meta name=\"twitter:data1\" content=\"2 minutes\" \/>\n<script type=\"application\/ld+json\" class=\"yoast-schema-graph\">{\"@context\":\"https:\\\/\\\/schema.org\",\"@graph\":[{\"@type\":\"WebPage\",\"@id\":\"https:\\\/\\\/wdsinvest.com\\\/about-us\\\/fees-and-operating-costs\\\/\",\"url\":\"https:\\\/\\\/wdsinvest.com\\\/about-us\\\/fees-and-operating-costs\\\/\",\"name\":\"Fees and Operating Costs - Watson Di Primio Steel (WDS)\",\"isPartOf\":{\"@id\":\"https:\\\/\\\/wdsinvest.com\\\/#website\"},\"datePublished\":\"2015-11-30T02:22:16+00:00\",\"dateModified\":\"2018-03-06T14:22:30+00:00\",\"description\":\"he overall fees charged to operate an account may include both management fees that are paid directly, and underlying product fees that are paid indirectly and embedded in some securities.\",\"breadcrumb\":{\"@id\":\"https:\\\/\\\/wdsinvest.com\\\/about-us\\\/fees-and-operating-costs\\\/#breadcrumb\"},\"inLanguage\":\"fr-FR\",\"potentialAction\":[{\"@type\":\"ReadAction\",\"target\":[\"https:\\\/\\\/wdsinvest.com\\\/about-us\\\/fees-and-operating-costs\\\/\"]}]},{\"@type\":\"BreadcrumbList\",\"@id\":\"https:\\\/\\\/wdsinvest.com\\\/about-us\\\/fees-and-operating-costs\\\/#breadcrumb\",\"itemListElement\":[{\"@type\":\"ListItem\",\"position\":1,\"name\":\"Home\",\"item\":\"https:\\\/\\\/wdsinvest.com\\\/\"},{\"@type\":\"ListItem\",\"position\":2,\"name\":\"About Us\",\"item\":\"https:\\\/\\\/wdsinvest.com\\\/about-us\\\/\"},{\"@type\":\"ListItem\",\"position\":3,\"name\":\"Fees and Operating Costs\"}]},{\"@type\":\"WebSite\",\"@id\":\"https:\\\/\\\/wdsinvest.com\\\/#website\",\"url\":\"https:\\\/\\\/wdsinvest.com\\\/\",\"name\":\"Watson Di Primio Steel (WDS)\",\"description\":\"\",\"publisher\":{\"@id\":\"https:\\\/\\\/wdsinvest.com\\\/#organization\"},\"potentialAction\":[{\"@type\":\"SearchAction\",\"target\":{\"@type\":\"EntryPoint\",\"urlTemplate\":\"https:\\\/\\\/wdsinvest.com\\\/?s={search_term_string}\"},\"query-input\":{\"@type\":\"PropertyValueSpecification\",\"valueRequired\":true,\"valueName\":\"search_term_string\"}}],\"inLanguage\":\"fr-FR\"},{\"@type\":\"Organization\",\"@id\":\"https:\\\/\\\/wdsinvest.com\\\/#organization\",\"name\":\"WDS - Ottawa Wealth Management\",\"url\":\"https:\\\/\\\/wdsinvest.com\\\/\",\"logo\":{\"@type\":\"ImageObject\",\"inLanguage\":\"fr-FR\",\"@id\":\"https:\\\/\\\/wdsinvest.com\\\/#\\\/schema\\\/logo\\\/image\\\/\",\"url\":\"https:\\\/\\\/wdsinvest.com\\\/wp-content\\\/uploads\\\/2016\\\/01\\\/favicon.png\",\"contentUrl\":\"https:\\\/\\\/wdsinvest.com\\\/wp-content\\\/uploads\\\/2016\\\/01\\\/favicon.png\",\"width\":32,\"height\":32,\"caption\":\"WDS - Ottawa Wealth Management\"},\"image\":{\"@id\":\"https:\\\/\\\/wdsinvest.com\\\/#\\\/schema\\\/logo\\\/image\\\/\"},\"sameAs\":[\"https:\\\/\\\/www.linkedin.com\\\/company\\\/watson-di-primio-steel-wds-investment-management-ltd-\",\"https:\\\/\\\/x.com\\\/wdsinvest\"]}]}<\/script>\n<!-- \/ Yoast SEO plugin. -->","yoast_head_json":{"title":"Fees and Operating Costs - Watson Di Primio Steel (WDS)","description":"he overall fees charged to operate an account may include both management fees that are paid directly, and underlying product fees that are paid indirectly and embedded in some securities.","robots":{"index":"index","follow":"follow","max-snippet":"max-snippet:-1","max-image-preview":"max-image-preview:large","max-video-preview":"max-video-preview:-1"},"canonical":"https:\/\/wdsinvest.com\/fr\/about-us\/fees-and-operating-costs\/","og_locale":"fr_FR","og_type":"article","og_title":"Fees and Operating Costs - Watson Di Primio Steel (WDS)","og_description":"he overall fees charged to operate an account may include both management fees that are paid directly, and underlying product fees that are paid indirectly and embedded in some securities.","og_url":"https:\/\/wdsinvest.com\/fr\/about-us\/fees-and-operating-costs\/","og_site_name":"Watson Di Primio Steel (WDS)","article_publisher":"https:\/\/www.linkedin.com\/company\/watson-di-primio-steel-wds-investment-management-ltd-","article_modified_time":"2018-03-06T14:22:30+00:00","twitter_card":"summary_large_image","twitter_site":"@wdsinvest","twitter_misc":{"Dur\u00e9e de lecture estim\u00e9e":"2 minutes"},"schema":{"@context":"https:\/\/schema.org","@graph":[{"@type":"WebPage","@id":"https:\/\/wdsinvest.com\/about-us\/fees-and-operating-costs\/","url":"https:\/\/wdsinvest.com\/about-us\/fees-and-operating-costs\/","name":"Fees and Operating Costs - Watson Di Primio Steel (WDS)","isPartOf":{"@id":"https:\/\/wdsinvest.com\/#website"},"datePublished":"2015-11-30T02:22:16+00:00","dateModified":"2018-03-06T14:22:30+00:00","description":"he overall fees charged to operate an account may include both management fees that are paid directly, and underlying product fees that are paid indirectly and embedded in some securities.","breadcrumb":{"@id":"https:\/\/wdsinvest.com\/about-us\/fees-and-operating-costs\/#breadcrumb"},"inLanguage":"fr-FR","potentialAction":[{"@type":"ReadAction","target":["https:\/\/wdsinvest.com\/about-us\/fees-and-operating-costs\/"]}]},{"@type":"BreadcrumbList","@id":"https:\/\/wdsinvest.com\/about-us\/fees-and-operating-costs\/#breadcrumb","itemListElement":[{"@type":"ListItem","position":1,"name":"Home","item":"https:\/\/wdsinvest.com\/"},{"@type":"ListItem","position":2,"name":"About Us","item":"https:\/\/wdsinvest.com\/about-us\/"},{"@type":"ListItem","position":3,"name":"Fees and Operating Costs"}]},{"@type":"WebSite","@id":"https:\/\/wdsinvest.com\/#website","url":"https:\/\/wdsinvest.com\/","name":"Watson Di Primio Steel (WDS)","description":"","publisher":{"@id":"https:\/\/wdsinvest.com\/#organization"},"potentialAction":[{"@type":"SearchAction","target":{"@type":"EntryPoint","urlTemplate":"https:\/\/wdsinvest.com\/?s={search_term_string}"},"query-input":{"@type":"PropertyValueSpecification","valueRequired":true,"valueName":"search_term_string"}}],"inLanguage":"fr-FR"},{"@type":"Organization","@id":"https:\/\/wdsinvest.com\/#organization","name":"WDS - Ottawa Wealth Management","url":"https:\/\/wdsinvest.com\/","logo":{"@type":"ImageObject","inLanguage":"fr-FR","@id":"https:\/\/wdsinvest.com\/#\/schema\/logo\/image\/","url":"https:\/\/wdsinvest.com\/wp-content\/uploads\/2016\/01\/favicon.png","contentUrl":"https:\/\/wdsinvest.com\/wp-content\/uploads\/2016\/01\/favicon.png","width":32,"height":32,"caption":"WDS - Ottawa Wealth Management"},"image":{"@id":"https:\/\/wdsinvest.com\/#\/schema\/logo\/image\/"},"sameAs":["https:\/\/www.linkedin.com\/company\/watson-di-primio-steel-wds-investment-management-ltd-","https:\/\/x.com\/wdsinvest"]}]}},"_links":{"self":[{"href":"https:\/\/wdsinvest.com\/fr\/wp-json\/wp\/v2\/pages\/112","targetHints":{"allow":["GET"]}}],"collection":[{"href":"https:\/\/wdsinvest.com\/fr\/wp-json\/wp\/v2\/pages"}],"about":[{"href":"https:\/\/wdsinvest.com\/fr\/wp-json\/wp\/v2\/types\/page"}],"author":[{"embeddable":true,"href":"https:\/\/wdsinvest.com\/fr\/wp-json\/wp\/v2\/users\/5"}],"replies":[{"embeddable":true,"href":"https:\/\/wdsinvest.com\/fr\/wp-json\/wp\/v2\/comments?post=112"}],"version-history":[{"count":22,"href":"https:\/\/wdsinvest.com\/fr\/wp-json\/wp\/v2\/pages\/112\/revisions"}],"predecessor-version":[{"id":1530,"href":"https:\/\/wdsinvest.com\/fr\/wp-json\/wp\/v2\/pages\/112\/revisions\/1530"}],"up":[{"embeddable":true,"href":"https:\/\/wdsinvest.com\/fr\/wp-json\/wp\/v2\/pages\/80"}],"wp:attachment":[{"href":"https:\/\/wdsinvest.com\/fr\/wp-json\/wp\/v2\/media?parent=112"}],"curies":[{"name":"wp","href":"https:\/\/api.w.org\/{rel}","templated":true}]}}