{"id":104,"date":"2015-11-30T02:11:15","date_gmt":"2015-11-30T02:11:15","guid":{"rendered":"http:\/\/wdsinvest.com\/?page_id=104"},"modified":"2018-01-24T20:42:42","modified_gmt":"2018-01-24T20:42:42","slug":"account-custody","status":"publish","type":"page","link":"https:\/\/wdsinvest.com\/fr\/about-us\/account-custody\/","title":{"rendered":"Garde des comptes"},"content":{"rendered":"<div class=\"wpb-content-wrapper\"><div data-vc-full-width=\"true\" data-vc-full-width-init=\"false\" class=\"vc_row wpb_row vc_row-fluid vc_custom_1448829090472 vc_row-has-fill\"><div class=\"wpb_column vc_column_container vc_col-sm-12\"><div class=\"vc_column-inner\"><div class=\"wpb_wrapper\">\n\t<div class=\"wpb_text_column wpb_content_element vc_custom_1448914719654\" >\n\t\t<div class=\"wpb_wrapper\">\n\t\t\t<h1 class=\"subheader-h1\">WDS est autoris\u00e9e \u00e0 agir avec un pouvoir discr\u00e9tionnaire d\u2019investissement pour les comptes de nos clients. Elle n\u2019exerce aucune fonction de courtage. WDS ne conserve pas non plus de fonds, de titres ou d\u2019autres biens pour ses clients.<\/h1>\n\n\t\t<\/div>\n\t<\/div>\n<\/div><\/div><\/div><\/div><div class=\"vc_row-full-width vc_clearfix\"><\/div><div class=\"vc_row wpb_row vc_row-fluid vc_custom_1448849845417\"><div class=\"wpb_column vc_column_container vc_col-sm-6\"><div class=\"vc_column-inner\"><div class=\"wpb_wrapper\">\n\t<div  class=\"wpb_single_image wpb_content_element vc_align_center wpb_content_element\">\n\t\t\n\t\t<figure class=\"wpb_wrapper vc_figure\">\n\t\t\t<div class=\"vc_single_image-wrapper   vc_box_border_grey\"><img decoding=\"async\" class=\"vc_single_image-img\" src=\"https:\/\/wdsinvest.com\/wp-content\/uploads\/2015\/11\/logo-NBIN-370.png\" width=\"370\" height=\"158\" alt=\"logo-NBIN-370\" title=\"logo-NBIN-370\" loading=\"lazy\" \/><\/div>\n\t\t<\/figure>\n\t<\/div>\n<\/div><\/div><\/div><div class=\"wpb_column vc_column_container vc_col-sm-6\"><div class=\"vc_column-inner\"><div class=\"wpb_wrapper\">\n\t<div class=\"wpb_text_column wpb_content_element\" >\n\t\t<div class=\"wpb_wrapper\">\n\t\t\t<p>Engag\u00e9 aupr\u00e8s des entreprises ind\u00e9pendantes depuis plus de 25 ans, <a href=\"http:\/\/www.nbin.ca\" target=\"_blank\" rel=\"noopener\">le Banque Nationale R\u00e9seau Ind\u00e9pendant<\/a> est l\u2019un des principaux fournisseurs canadiens de services de garde, de n\u00e9gociation, de compensation, de r\u00e8glement et de tenue de dossiers aux gestionnaires de portefeuille inscrits ind\u00e9pendants, aux courtiers remisiers et aux gestionnaires de fonds d\u2019investissement. Banque Nationale R\u00e9seau Ind\u00e9pendant sert fi\u00e8rement plus de 400 entreprises d\u2019un oc\u00e9an \u00e0 l\u2019autre et s\u2019appuie sur la solidit\u00e9 de la Banque Nationale du Canada (BNC). Banque Nationale R\u00e9seau Ind\u00e9pendant est une division de la Financi\u00e8re Banque Nationale inc. (FBN inc.), qui est une filiale indirecte en propri\u00e9t\u00e9 exclusive de la BNC, une soci\u00e9t\u00e9 ouverte inscrite \u00e0 la cote des bourses canadiennes (TSX : NA). Banque Nationale R\u00e9seau Ind\u00e9pendant est \u00e9galement une marque d\u00e9pos\u00e9e de la BNC utilis\u00e9e sous licence par FBN inc. FBN inc. est membre du Fonds canadien de protection des investisseurs (FCPI) ainsi que de l\u2019Organisme canadien de r\u00e9glementation des investissements (OCRI), l\u2019organisme national d\u2019autor\u00e9glementation qui supervise l\u2019ensemble des courtiers en valeurs mobili\u00e8res et l\u2019activit\u00e9 de n\u00e9gociation sur les march\u00e9s des titres de cr\u00e9ance et des actions au Canada.<\/p>\n\n\t\t<\/div>\n\t<\/div>\n<\/div><\/div><\/div><\/div><div class=\"vc_row wpb_row vc_row-fluid vc_custom_1448849859913\"><div class=\"wpb_column vc_column_container vc_col-sm-4\"><div class=\"vc_column-inner\"><div class=\"wpb_wrapper\">\n\t<div class=\"wpb_text_column wpb_content_element\" >\n\t\t<div class=\"wpb_wrapper\">\n\t\t\t<p>WDS utilise <a href=\"http:\/\/wdsinvest.com\/wp-content\/uploads\/2018\/01\/NBIN_Welcome-to-NBIN.pdf\" target=\"_blank\" rel=\"noopener\">le Banque Nationale R\u00e9seau Ind\u00e9pendant<\/a> (BNRI) pour le courtage et d'autres ressources financi\u00e8res, et agit donc en tant que d\u00e9positaire des actifs des clients. Tous les comptes g\u00e9r\u00e9s s\u00e9par\u00e9ment sont d\u00e9tenus au nom du client chez BNRI. <a href=\"http:\/\/wdsinvest.com\/wp-content\/uploads\/2018\/01\/NBIN_Accounts-and-Service-Agreement-and-Disclosures.pdf\">BNRI assure<\/a> l'ex\u00e9cution des transactions, la compensation et le r\u00e8glement, la garde des esp\u00e8ces et des titres, et la pr\u00e9paration des confirmations, des documents fiscaux et des relev\u00e9s de compte.<\/p>\n\n\t\t<\/div>\n\t<\/div>\n<\/div><\/div><\/div><div class=\"wpb_column vc_column_container vc_col-sm-4\"><div class=\"vc_column-inner\"><div class=\"wpb_wrapper\">\n\t<div class=\"wpb_text_column wpb_content_element\" >\n\t\t<div class=\"wpb_wrapper\">\n\t\t\t<p>Dans le cadre du service BNRI, les clients b\u00e9n\u00e9ficient d\u2019une couverture des pertes du <a href=\"http:\/\/www.cipf.ca\/HomePage.aspx\" target=\"_blank\" rel=\"noopener\">Fonds canadien de protection des investisseurs (FCPI)<\/a> . Pour en savoir plus sur l\u2019admissibilit\u00e9 et les limites de la couverture, consultez <em><a href=\"https:\/\/wdsinvest.com\/fr\/PDFs\/7_CIPF_Here's%20One%20Aspect%20of%20Investing_2015.pdf\/\" target=\"_blank\" rel=\"noopener\">Voici un aspect de l\u2019investissement dont vous n\u2019avez pas \u00e0 vous soucier<\/a><\/em>. La valeur du compte n\u2019est pas couverte par la Soci\u00e9t\u00e9 d\u2019assurance-d\u00e9p\u00f4ts du Canada ni par aucun autre organisme public d\u2019assurance-d\u00e9p\u00f4ts.<\/p>\n\n\t\t<\/div>\n\t<\/div>\n<\/div><\/div><\/div><div class=\"wpb_column vc_column_container vc_col-sm-4\"><div class=\"vc_column-inner\"><div class=\"wpb_wrapper\">\n\t<div class=\"wpb_text_column wpb_content_element\" >\n\t\t<div class=\"wpb_wrapper\">\n\t\t\t<p><a href=\"https:\/\/www.nbin.ca\/repositories\/publicsite\/learning_modules\/my_portfolio+\/index.html\">BNRI MonPortefeuille+<\/a> offre un acc\u00e8s en ligne s\u00e9curis\u00e9 aux informations de compte \u00e0 tout moment et en tout lieu. Vous pouvez vous passer du papier pour les confirmations de transactions, les relev\u00e9s et les feuillets fiscaux.<\/p>\n<p><strong>Pour vous connecter, vous avez besoin de votre nom d'utilisateur et de votre mot de passe<\/strong><\/p>\n\n\t\t<\/div>\n\t<\/div>\n<div class=\"vc_btn3-container vc_btn3-left vc_do_btn\" ><a class=\"vc_general vc_btn3 vc_btn3-size-lg vc_btn3-shape-rounded vc_btn3-style-modern vc_btn3-icon-left vc_btn3-color-primary\" href=\"https:\/\/www.my-portfolio.ca\/pcis\/login.jsp?url=\/.do\" title=\"\" target=\"_blank\"><i class=\"vc_btn3-icon fa fa-desktop\"><\/i> Connectez-vous \u00e0 MonPortefeuille+<\/a><\/div><\/div><\/div><\/div><\/div>\n<\/div>","protected":false},"excerpt":{"rendered":"WDS is permitted to act with discretionary investment authority for our clients\u2019 accounts. It does not perform any type of brokerage function. Nor does WDS maintain custody of any funds, securities or other property for its clients. Committed to independent firms for more than 25 years, National Bank Independent Network<span class=\"excerpt-hellip\"> [\u2026]<\/span>","protected":false},"author":5,"featured_media":0,"parent":80,"menu_order":0,"comment_status":"closed","ping_status":"closed","template":"","meta":{"footnotes":""},"class_list":["post-104","page","type-page","status-publish","hentry"],"yoast_head":"<!-- This site is optimized with the Yoast SEO plugin v27.3 - https:\/\/yoast.com\/product\/yoast-seo-wordpress\/ -->\n<title>Account Custody | WDS Investment Management<\/title>\n<meta name=\"description\" content=\"WDS is permitted to act with discretionary investment authority for our clients\u2019 accounts. It does not perform any type of brokerage function.\" \/>\n<meta name=\"robots\" content=\"index, follow, max-snippet:-1, max-image-preview:large, max-video-preview:-1\" \/>\n<link rel=\"canonical\" href=\"https:\/\/wdsinvest.com\/fr\/about-us\/account-custody\/\" \/>\n<meta property=\"og:locale\" content=\"fr_FR\" \/>\n<meta property=\"og:type\" content=\"article\" \/>\n<meta property=\"og:title\" content=\"Account Custody | WDS Investment Management\" \/>\n<meta property=\"og:description\" content=\"WDS is permitted to act with discretionary investment authority for our clients\u2019 accounts. It does not perform any type of brokerage function.\" \/>\n<meta property=\"og:url\" content=\"https:\/\/wdsinvest.com\/fr\/about-us\/account-custody\/\" \/>\n<meta property=\"og:site_name\" content=\"Watson Di Primio Steel (WDS)\" \/>\n<meta property=\"article:publisher\" content=\"https:\/\/www.linkedin.com\/company\/watson-di-primio-steel-wds-investment-management-ltd-\" \/>\n<meta property=\"article:modified_time\" content=\"2018-01-24T20:42:42+00:00\" \/>\n<meta name=\"twitter:card\" content=\"summary_large_image\" \/>\n<meta name=\"twitter:site\" content=\"@wdsinvest\" \/>\n<meta name=\"twitter:label1\" content=\"Dur\u00e9e de lecture estim\u00e9e\" \/>\n\t<meta name=\"twitter:data1\" content=\"2 minutes\" \/>\n<script type=\"application\/ld+json\" class=\"yoast-schema-graph\">{\"@context\":\"https:\\\/\\\/schema.org\",\"@graph\":[{\"@type\":\"WebPage\",\"@id\":\"https:\\\/\\\/wdsinvest.com\\\/about-us\\\/account-custody\\\/\",\"url\":\"https:\\\/\\\/wdsinvest.com\\\/about-us\\\/account-custody\\\/\",\"name\":\"Account Custody | WDS Investment Management\",\"isPartOf\":{\"@id\":\"https:\\\/\\\/wdsinvest.com\\\/#website\"},\"datePublished\":\"2015-11-30T02:11:15+00:00\",\"dateModified\":\"2018-01-24T20:42:42+00:00\",\"description\":\"WDS is permitted to act with discretionary investment authority for our clients\u2019 accounts. It does not perform any type of brokerage function.\",\"breadcrumb\":{\"@id\":\"https:\\\/\\\/wdsinvest.com\\\/about-us\\\/account-custody\\\/#breadcrumb\"},\"inLanguage\":\"fr-FR\",\"potentialAction\":[{\"@type\":\"ReadAction\",\"target\":[\"https:\\\/\\\/wdsinvest.com\\\/about-us\\\/account-custody\\\/\"]}]},{\"@type\":\"BreadcrumbList\",\"@id\":\"https:\\\/\\\/wdsinvest.com\\\/about-us\\\/account-custody\\\/#breadcrumb\",\"itemListElement\":[{\"@type\":\"ListItem\",\"position\":1,\"name\":\"Home\",\"item\":\"https:\\\/\\\/wdsinvest.com\\\/\"},{\"@type\":\"ListItem\",\"position\":2,\"name\":\"About Us\",\"item\":\"https:\\\/\\\/wdsinvest.com\\\/about-us\\\/\"},{\"@type\":\"ListItem\",\"position\":3,\"name\":\"Account Custody\"}]},{\"@type\":\"WebSite\",\"@id\":\"https:\\\/\\\/wdsinvest.com\\\/#website\",\"url\":\"https:\\\/\\\/wdsinvest.com\\\/\",\"name\":\"Watson Di Primio Steel (WDS)\",\"description\":\"\",\"publisher\":{\"@id\":\"https:\\\/\\\/wdsinvest.com\\\/#organization\"},\"potentialAction\":[{\"@type\":\"SearchAction\",\"target\":{\"@type\":\"EntryPoint\",\"urlTemplate\":\"https:\\\/\\\/wdsinvest.com\\\/?s={search_term_string}\"},\"query-input\":{\"@type\":\"PropertyValueSpecification\",\"valueRequired\":true,\"valueName\":\"search_term_string\"}}],\"inLanguage\":\"fr-FR\"},{\"@type\":\"Organization\",\"@id\":\"https:\\\/\\\/wdsinvest.com\\\/#organization\",\"name\":\"WDS - Ottawa Wealth Management\",\"url\":\"https:\\\/\\\/wdsinvest.com\\\/\",\"logo\":{\"@type\":\"ImageObject\",\"inLanguage\":\"fr-FR\",\"@id\":\"https:\\\/\\\/wdsinvest.com\\\/#\\\/schema\\\/logo\\\/image\\\/\",\"url\":\"https:\\\/\\\/wdsinvest.com\\\/wp-content\\\/uploads\\\/2016\\\/01\\\/favicon.png\",\"contentUrl\":\"https:\\\/\\\/wdsinvest.com\\\/wp-content\\\/uploads\\\/2016\\\/01\\\/favicon.png\",\"width\":32,\"height\":32,\"caption\":\"WDS - Ottawa Wealth Management\"},\"image\":{\"@id\":\"https:\\\/\\\/wdsinvest.com\\\/#\\\/schema\\\/logo\\\/image\\\/\"},\"sameAs\":[\"https:\\\/\\\/www.linkedin.com\\\/company\\\/watson-di-primio-steel-wds-investment-management-ltd-\",\"https:\\\/\\\/x.com\\\/wdsinvest\"]}]}<\/script>\n<!-- \/ Yoast SEO plugin. -->","yoast_head_json":{"title":"Account Custody | WDS Investment Management","description":"WDS is permitted to act with discretionary investment authority for our clients\u2019 accounts. It does not perform any type of brokerage function.","robots":{"index":"index","follow":"follow","max-snippet":"max-snippet:-1","max-image-preview":"max-image-preview:large","max-video-preview":"max-video-preview:-1"},"canonical":"https:\/\/wdsinvest.com\/fr\/about-us\/account-custody\/","og_locale":"fr_FR","og_type":"article","og_title":"Account Custody | WDS Investment Management","og_description":"WDS is permitted to act with discretionary investment authority for our clients\u2019 accounts. It does not perform any type of brokerage function.","og_url":"https:\/\/wdsinvest.com\/fr\/about-us\/account-custody\/","og_site_name":"Watson Di Primio Steel (WDS)","article_publisher":"https:\/\/www.linkedin.com\/company\/watson-di-primio-steel-wds-investment-management-ltd-","article_modified_time":"2018-01-24T20:42:42+00:00","twitter_card":"summary_large_image","twitter_site":"@wdsinvest","twitter_misc":{"Dur\u00e9e de lecture estim\u00e9e":"2 minutes"},"schema":{"@context":"https:\/\/schema.org","@graph":[{"@type":"WebPage","@id":"https:\/\/wdsinvest.com\/about-us\/account-custody\/","url":"https:\/\/wdsinvest.com\/about-us\/account-custody\/","name":"Account Custody | WDS Investment Management","isPartOf":{"@id":"https:\/\/wdsinvest.com\/#website"},"datePublished":"2015-11-30T02:11:15+00:00","dateModified":"2018-01-24T20:42:42+00:00","description":"WDS is permitted to act with discretionary investment authority for our clients\u2019 accounts. It does not perform any type of brokerage function.","breadcrumb":{"@id":"https:\/\/wdsinvest.com\/about-us\/account-custody\/#breadcrumb"},"inLanguage":"fr-FR","potentialAction":[{"@type":"ReadAction","target":["https:\/\/wdsinvest.com\/about-us\/account-custody\/"]}]},{"@type":"BreadcrumbList","@id":"https:\/\/wdsinvest.com\/about-us\/account-custody\/#breadcrumb","itemListElement":[{"@type":"ListItem","position":1,"name":"Home","item":"https:\/\/wdsinvest.com\/"},{"@type":"ListItem","position":2,"name":"About Us","item":"https:\/\/wdsinvest.com\/about-us\/"},{"@type":"ListItem","position":3,"name":"Account Custody"}]},{"@type":"WebSite","@id":"https:\/\/wdsinvest.com\/#website","url":"https:\/\/wdsinvest.com\/","name":"Watson Di Primio Steel (WDS)","description":"","publisher":{"@id":"https:\/\/wdsinvest.com\/#organization"},"potentialAction":[{"@type":"SearchAction","target":{"@type":"EntryPoint","urlTemplate":"https:\/\/wdsinvest.com\/?s={search_term_string}"},"query-input":{"@type":"PropertyValueSpecification","valueRequired":true,"valueName":"search_term_string"}}],"inLanguage":"fr-FR"},{"@type":"Organization","@id":"https:\/\/wdsinvest.com\/#organization","name":"WDS - Ottawa Wealth Management","url":"https:\/\/wdsinvest.com\/","logo":{"@type":"ImageObject","inLanguage":"fr-FR","@id":"https:\/\/wdsinvest.com\/#\/schema\/logo\/image\/","url":"https:\/\/wdsinvest.com\/wp-content\/uploads\/2016\/01\/favicon.png","contentUrl":"https:\/\/wdsinvest.com\/wp-content\/uploads\/2016\/01\/favicon.png","width":32,"height":32,"caption":"WDS - Ottawa Wealth Management"},"image":{"@id":"https:\/\/wdsinvest.com\/#\/schema\/logo\/image\/"},"sameAs":["https:\/\/www.linkedin.com\/company\/watson-di-primio-steel-wds-investment-management-ltd-","https:\/\/x.com\/wdsinvest"]}]}},"_links":{"self":[{"href":"https:\/\/wdsinvest.com\/fr\/wp-json\/wp\/v2\/pages\/104","targetHints":{"allow":["GET"]}}],"collection":[{"href":"https:\/\/wdsinvest.com\/fr\/wp-json\/wp\/v2\/pages"}],"about":[{"href":"https:\/\/wdsinvest.com\/fr\/wp-json\/wp\/v2\/types\/page"}],"author":[{"embeddable":true,"href":"https:\/\/wdsinvest.com\/fr\/wp-json\/wp\/v2\/users\/5"}],"replies":[{"embeddable":true,"href":"https:\/\/wdsinvest.com\/fr\/wp-json\/wp\/v2\/comments?post=104"}],"version-history":[{"count":18,"href":"https:\/\/wdsinvest.com\/fr\/wp-json\/wp\/v2\/pages\/104\/revisions"}],"predecessor-version":[{"id":1515,"href":"https:\/\/wdsinvest.com\/fr\/wp-json\/wp\/v2\/pages\/104\/revisions\/1515"}],"up":[{"embeddable":true,"href":"https:\/\/wdsinvest.com\/fr\/wp-json\/wp\/v2\/pages\/80"}],"wp:attachment":[{"href":"https:\/\/wdsinvest.com\/fr\/wp-json\/wp\/v2\/media?parent=104"}],"curies":[{"name":"wp","href":"https:\/\/api.w.org\/{rel}","templated":true}]}}